{"id":944,"date":"2018-09-19T10:03:54","date_gmt":"2018-09-19T08:03:54","guid":{"rendered":"https:\/\/primariajibou.ro\/site\/?page_id=944"},"modified":"2018-09-19T10:04:19","modified_gmt":"2018-09-19T08:04:19","slug":"pv-2-din-19-02-2018","status":"publish","type":"page","link":"https:\/\/primariajibou.ro\/site\/pv-2-din-19-02-2018\/","title":{"rendered":"PV 2 din 19.02.2018"},"content":{"rendered":"<table class=\"text\" border=\"0\" width=\"100%\" cellspacing=\"0\" cellpadding=\"0\">\n<tbody>\n<tr>\n<td class=\"text\"><span class=\"titlePag\">Procesul Verbal nr. 2 din 19.02.2018<br \/>\nPROCES VERBAL \u00cencheiat azi, 19 februarie 2018 cu ocazia \u0219edin\u021bei ordinare a Consiliului Local Jibou <\/span>CONSILIUL LOCAL AL ORA\u0218ULUI JIBOU<\/p>\n<p align=\"center\">PROCES VERBAL<\/p>\n<p align=\"center\">\u00cencheiat azi, 19 februarie 2018 cu ocazia \u0219edin\u021bei ordinare a Consiliului Local Jibou<\/p>\n<p>\u00a0\u00a0\u00a0\u00a0\u00a0\u00a0\u00a0\u00a0\u00a0\u00a0\u00a0\u00a0\u00a0\u00a0 La lucr\u0103rile \u0219edintei ordinare a Consiliului Local al ora\u0219ului Jibou, din partea executivului Prim\u0103riei particip\u0103 urm\u0103torii: dl.Ghiurco Dan-primar, d-na Opri\u0219 Maria-secretar ora\u0219 \u0219i func\u021bionari din aparatul de specialitate.<\/p>\n<p>Convocarea consilierilor la lucr\u0103rile \u0219edin\u021bei s-a asigurat \u00een scris \u0219i prin e-mail \u00een ziua de 12.02.2018 cu precizarea datei, orei \u0219i a locului de desf\u0103surare a \u0219edin\u021bei.<\/p>\n<p>Lipseste domnul viceprimar Sarkozi Paul<\/p>\n<p>Precizez ca au fost convocati toti consilierii.<\/p>\n<p>Domnul consilier <strong>Muresan Augustin <\/strong>&#8211; pre\u0219edinte de \u0219edin\u021b\u0103 constat\u0103 c\u0103 din cei 17 consilieri sunt prezenti doar 16 si\u00a0 declar\u0103 deschise lucr\u0103rile \u0219edin\u021bei de ast\u0103zi.<\/p>\n<p>Consilierii prezen\u021bi\u00a0 sunt :\u00a0 Bujor Ioan,\u00a0 Mure\u0219an Augustin,\u00a0 Stana Ioan, Folti\u0219 Radu, Indrie\u0219 Ana , \u021aelea Valentin, Csatlos \u0218andor, Alma\u0219 Ioan, Cotu\u021b\u00a0 \u0218tefan,\u00a0 Micle Corina, Petrean Doru, Taran Daniel, Pintea Victor, Coman Cristina,Tarba Andrei, Rus Dan<\/p>\n<p>Dna secretar constat\u0103\u00a0 prezen\u0163a \u0219i\u00a0 legalitatea constituirii \u0219edin\u021bei \u0219i\u00a0 supune spre aprobare procesul verbal din luna anterioara, men\u021bion\u00e2nd c\u0103 acesta poate fi consultat, de c\u0103tre cei interesa\u021bi la Compartimentul, Administra\u021bie public\u0103 local\u0103.<\/p>\n<p>Dac\u0103\u00a0 sunt discu\u021bii pe marginea procesului verbal? -Nu sunt.<\/p>\n<p>Supun spre aprobare procesul verbale .<\/p>\n<p>Cine este pentru?-\u00a0 16 voturi. Impotriv\u0103?- Nu sunt. Ab\u021bineri?-Nu sunt<\/p>\n<p><strong>Dl Primar<\/strong> -in conformitate cu art.39 din Legea 215\/2001 legea administratiei publice locale republicata cu modificarile si completarile ulterioare, a fost convocata sedinta\u00a0 ordinara a Consiliului Local cu ordinea de zi de care ati luat act si care a fost discuta si ieri in comisiile de specialitate. La ordinea de zi initiala\u00a0 mai avem de completat cu un proiect de hotarare. Si o informare.<\/p>\n<p><strong>Dl Muresan Augustin <\/strong>\u2013 supune la vot ordinea de zi.<\/p>\n<p>Cine este pentru?-\u00a0 16 voturi. Impotriv\u0103?- Nu sunt. Ab\u021bineri?-nu sunt<\/p>\n<p>Se supune la vot completarea ordinii de zi.<\/p>\n<p>Cine este pentru?-\u00a0 16 voturi. Impotriv\u0103?- Nu sunt. Ab\u021bineri?-nu sunt<\/p>\n<p><strong>Dl Muresan \u2013<\/strong>buna ziua si bine ati venit<\/p>\n<p>&nbsp;<\/p>\n<p align=\"center\">ORDINE\u00a0 DE ZI:<\/p>\n<p><strong>1.<\/strong>Proiect de hotarare privind aprobarea bugetului de dezvoltare pe anul 2018 si prevederile bugetare pe perioada 2019-2021.<\/p>\n<p>Dl Tarba- discutam data trecuta de achizitie soft cu licenta, asta are ca efect secundar sa constituim serviciul\u00a0 de salubrizare si achizitia softului cu licenta pentru contabilitate si\u00a0 e mare .Putem sa cerem furnizorului a ne faca o oferta mai buna sau sa schumbam furnizorul sau sa incercam cum s-a facut la parcul industrial<\/p>\n<p>Dna Opris &#8211; nu avem cum sa facem asa, noi avem alt program, impozitele si taxele sunt legate de contabilitate si merge din contabilitate la nivel de finante publice si se transmit la foresbook national<\/p>\n<p>Dl Muresan \u2013 trebuie sa gasim o modalitate sa nu dam atatia bani<\/p>\n<p>Dl Primar- o sa va invitam sa veniti la o discutie tehnica cu operatorii<\/p>\n<p>Dna Indries- ca investitii sunt de acord cu \u00a0acestea, mai ales ca multe dintre ele se regasesc din anul 2017,\u00a0 tot bugetulde dezvoltare\u00a0 este facut pe escendent si singura sursa de venit e de 400 mii lei din total incasari restul se duc pe buget de functionare.<\/p>\n<p>Aceasta suma de 400 mii lei si acest buget cum e structurat este si pe anul 2019 si pe anul 2020\u00a0 duce\u00a0 spre faliment total.<\/p>\n<p>Dna Indries- Salariile sunt 4 mil si\u00a0 trag un semnal de alarma o sa fie un faliment total<\/p>\n<p>Dl Primar \u2013 sunteti intr-o eroare<\/p>\n<p>Dl Muresan \u2013va rog sa vorbiti civilizat<\/p>\n<p>Dna Indries- ma deranjeaza cum ati pus acei bani<\/p>\n<p>Dl Muresan- despre\u00a0 salarii a fost alta sedinta, iar cuvantul faliment nu e de discutat aici,<\/p>\n<p>Dl Muresan \u2013 dumneavoastra ce ati vrea sa dam salarii de 6-700 lei si sa avem si calitate Dna Indries \u2013 majoritatea\u00a0 veniturilor de pe 2018 merg pe bugetul de functionaresi raman 400 mii pentru dezvoltare.<\/p>\n<p>Dl Csatlos &#8211; la gradinita 2 mi se pare cam mare suma<\/p>\n<p>Dna Pop \u2013 aceasta e contributia noastra<\/p>\n<p>Dl Tarba \u2013 mi se pare suma putin cam mare pentru\u00a0 iluminat pe cele 2 strazi<\/p>\n<p>Dl Primar \u2013 e suma orientativa<\/p>\n<p>Dl Cotut \u2013 ce reprezinta\u00a0 suma\u00a0 pentru moment comemorativ<\/p>\n<p>Dl Primar- o suma orientativa pentru executarea monumentului<\/p>\n<p>Avizele comisiilor sunt favorabile<\/p>\n<p>Dl Muresan Augustin\u00a0 \u2013 supune la vot proiectul de hotarare<\/p>\n<p>Cine este pentru?-\u00a0 16 voturi. Impotriv\u0103?- Nu sunt. Ab\u021bineri?-nu sunt<\/p>\n<p>Se adopta HCL nr.9 din \u00a019.02.2018<\/p>\n<p><strong>2. <\/strong>Proiect de hotarare privind aprobarea bugetului de functionare pe anul 2018 si prevederile bugetare pe perioada 2019-2021.<\/p>\n<p>Dl Tarba- la punctul Cultura ,Religie este o crestere mare la cheltuieli daca ne puteti spune ce reprezinta?<\/p>\n<p>Dna Opris \u2013 intretinere spatiu verde pe str. Castanilor si alte spatii verzii<\/p>\n<p>Dl Tarba \u2013 unde e suma pentru biserici si cat e suma?<\/p>\n<p>Dna Opris \u2013 tot aici si e 80 mii<\/p>\n<p>Dl Tarba- am luat bugetul de anul trecut si este o crestere cam mare pentru cheltuieli<\/p>\n<p>Dna Opris \u2013 nu puteti calcula pe an intreg pentru ca\u00a0 anul trecut pana in iulie au fost salariile care au fost .<\/p>\n<p>Dl Tarba \u2013 inseamna ca atunci e mai rau decat am crezut<\/p>\n<p>Dl Tarba \u2013 si scadem ajutorul de lemne si se vede ca dupa ce au cerscut salariile .S-a umflat la nivel de salarii si s-a scazut la investitii<\/p>\n<p>Dl Rus \u2013 sunt prinse tichete de vacanta pe anul acesta ?<\/p>\n<p>Dna Opris- nu<\/p>\n<p>Dl Telea \u2013 la capitolul venituri\u00a0 totale care este\u00a0 explicatia\u00a0 scaderi sumelor defalcate din TVA?<\/p>\n<p>Dna Opris- salariile la invatamant.<\/p>\n<p>Dl Telea &#8211; la capitolul cheltuieli am sesizat o crestere si nu pot trece cu vederea crestere cu cheltuielile de\u00a0 personal.<\/p>\n<p>Nu stiu la ce se refera sume aferente pentru persoanele cu \u00a0handicap si la unitati publice si la invatamant.<\/p>\n<p>Dna Opris- este vorba de unitatile care nu au angajat persoane cu handicap.<\/p>\n<p>Dl Telea \u2013 suma pentru dezvoltare este mica.<\/p>\n<p>Avizele comisiilor sunt favorabile<\/p>\n<p>Dl Muresan Augustin\u00a0 \u2013 supune la vot proiectul de hotarare<\/p>\n<p>Cine este pentru?-\u00a0 12 voturi. Impotriv\u0103?- Indries Ana, Tarba Andrei. Ab\u021bineri?-Coman Cristina, Telea Valentin<\/p>\n<p>Se adopta HCL nr.10 din \u00a019.02.2018<\/p>\n<p>&nbsp;<\/p>\n<p><strong>3.<\/strong> Proiect de\u00a0 hot\u0103r\u00e2re privind aprobarea listei de investitii pentru anul 2018.<\/p>\n<p>Dl Telea \u2013este indraznet si ne-am bucura sa fie realizat la finalul lui 2018<\/p>\n<p>Am doua amendamente care s-ar incadra aici:<\/p>\n<p>-modernizarea piata agroalimentara si identificarea unei noi locatii pentru piata second-hand.<\/p>\n<p>-Si ar fi bine sa facem parcari cu automate, pentru ca ar fi o sursa buna de venituri<\/p>\n<p>Dna -Coman- sunt lucruri frumoase si sper sa fie realizate, ma deranjeaza monumentul care inghite foarte multi\u00a0 bani, atata timp cat spitalele si scolile nu sunt puse la punct si cred ca ar trebui scazuta suma.<\/p>\n<p>Dl Primar- anul trecut a fost primul an in care s-a sustinut spitalul, sumele acordate unitatilor de invatamant au cresc fata de anul trecut si la spital la fel. Anul acesta la solicitarea spitalului alocam bani pentru renovarea bucatariei, spalatoriei si impreuna cu Consiliul Judetean, alocam bani pentru pentru construirea unui lift exterior.<\/p>\n<p>Dna Indries \u2013 propun o dezbatere publica, sa cerem parerea oamenilor,<\/p>\n<p>Dl Primar- am discutat cu cei de la Centrul de Cultura si le-am cerut parerea<\/p>\n<p>Dna Indries \u2013 am crezut ca e vorba\u00a0 de drumul de centura care sa mearga de la intrarea in Jibou dinspre Zalau.<\/p>\n<p>Dl Primar- am chemat experti de la Cluj, am fost pe Ciglentir, prin padure , dar e o problema grea si nu se poate de azi pe maine.<\/p>\n<p>Dl Cotut \u2013 ma bucur ca vad aici reabilitarea str. Wesselanyi\u00a0 si reabilitare str T. Vladimirescu.<\/p>\n<p>Dl Almas- in sedintele trecute discutam de drumul DC20.<\/p>\n<p>Dl Primar \u2013 suntem in faza de depunere a ofertelor la proiectul de modernizare strazi in care este inclus si drumul DC 20.<\/p>\n<p>Dl Bujor- desi nu face parte din proiectele specificate aici, vreau sa intreb refeferitor la extinderea\u00a0 retelei de canalizare ?<\/p>\n<p>Dl Primar- proiectul este la \u00a0Ministerul Dezvoltarii, cei de la comisia europeana au cerut clarificari.<\/p>\n<p>Dl Cotut \u2013 in partea cu reabilitarea parcului ati prins si fantanile arteziene ?<\/p>\n<p>Avizele comisiilor sunt favorabile<\/p>\n<p>Dl Muresan Augustin\u00a0 \u2013 supune la vot proiectul de hotarare<\/p>\n<p>Cine este pentru?-\u00a0 16 voturi. Impotriv\u0103?- Nu sunt. Ab\u021bineri?-nu sunt<\/p>\n<p>Se adopta HCL nr.11 din \u00a019.02.2018<\/p>\n<p>&nbsp;<\/p>\n<p><strong>4. <\/strong>Proiect de hotarare privind aprobarea bugetului de venituri si cheltuieli la activitatile finantate din venituri proprii pe anul 2018 .<\/p>\n<p>Avizele comisiilor sunt favorabile<\/p>\n<p>Dl Muresan Augustin\u00a0 \u2013 supune la vot proiectul de hotarare<\/p>\n<p>Cine este pentru?-\u00a0 16 voturi. Impotriv\u0103?- Nu sunt. Ab\u021bineri?-nu sunt<\/p>\n<p>Se adopta HCL nr.12 \u00a0din \u00a019.02.2018<\/p>\n<p>&nbsp;<\/p>\n<p><strong>5<\/strong>. Proiect de hotarare privind privind aprobarea tarifelor pentru\u00a0 activitatile specifice serviciului de salubrizare .<\/p>\n<p>Avizele comisiilor sunt favorabile<\/p>\n<p>Dl Muresan Augustin\u00a0 \u2013 supune la vot proiectul de hotarare<\/p>\n<p>Cine este pentru?-\u00a0 16 voturi. Impotriv\u0103?- Nu sunt. Ab\u021bineri?-nu sunt<\/p>\n<p>Se adopta HCL nr.13 \u00a0din \u00a019.02.2018<\/p>\n<p>&nbsp;<\/p>\n<p><strong>6<\/strong>. Proiect de hotarare privind aprobarea programului anual si al Ghidului Solicitantului privind regimul finantarilor nerambursabile de la bugetul local, acordate in baza Legii 350\/2005 privind finantarile nerambursabile din fondurile publice alocate pentru activitati nonprofit de interes general pentru anul 2018.<\/p>\n<p>Dl Rus- firmele care castiga, la sfarsit sa faca o raportare si \u00a0catre consiliul \u00a0local \u00a0si cred ca ar fi mai ca firmele care nu \u00a0respecta contractul urmatoarea data cand mai pot depune cereri sa fie peste 5 ani si peste un an cum scrie in contract.<\/p>\n<p>Dna Micle- cf legii 350\/2005 la art. 2\u00a0 activitatea care poate fi finanatta\u00a0 ar implica si posibilitatea persoanele fizice fara scop patrimonial sa se poata inscrie in proiect , nu mi se pare normal in conditiile in care\u00a0 legea este atat de \u00a0permisiva noi sa\u00a0 ingaradim accesul.<\/p>\n<p>Dna secretar \u2013 este vorba de persoane fizice care sunt constituite in asociatii si fundatii inclusiv cultele religioase. Am discut legat de Clubul Copiilor daca poate beneficia de sponsorizari in baza Legii nr. 350\/2005. Nu poate.<\/p>\n<p>Dl primar- citeste art. 3 din Legea nr. 350\/2005<\/p>\n<p>Dna Coman \u2013 mi-ar fi placu sa fie un echilibru intre sume, nu zic ca nu-i important sportul, la\u00a0 cultura si educatie si\u00a0 as fi vrut sa fie mai detaliat si la sport poate sa fie orice fel de activitate?<\/p>\n<p>Dna Pop \u2013 am vazut ce sa consumat anul trecut , pe cultura , sport \u00a0si nu s-a cheltuit tot din ce s-a alocat.<\/p>\n<p>Dna Coman \u2013 cum functioneaza, primul venit primul servit?<\/p>\n<p>Dna Pop \u2013 se pun proiectele in plic , se stabilesc criterii pe baza carpra pot sa-si depuna ofertele.<\/p>\n<p>Dna Coman- cine a stabilit sumele respective?<\/p>\n<p>Dna Pop- noi<\/p>\n<p>Dl Csatlos- se stie perioada pana cand se pot depune proiectele?<\/p>\n<p>Dna Pop- dupa aprobarea hotararii consiliului local vom stabili un grafic pentru depunerea proiectelor care va fi public.<\/p>\n<p>Se fac propuneri pentru cei doi membrii din comisia de evaluare a ofertelor. Sunt propuse trei consilieri: Tarba Andrei, Rus Dan si Taran Daniel<\/p>\n<p>Avizele comisiilor sunt favorabile<\/p>\n<p><strong>Dl Muresan Augustin\u00a0 <\/strong>\u2013 supune la vot proiectul de hotarare\u00a0 cu amendamentul propus de domnul consilier Rus Dan.<\/p>\n<p>Cine este pentru?-\u00a0 15 voturi. Impotriv\u0103?- Nu sunt. Ab\u021bineri?-Csatlos Sandor<\/p>\n<p>Se adopta HCL nr.14 \u00a0din \u00a019.02.2018<\/p>\n<p>Potrivit votului secret domnii consilieri Rus Dan si\u00a0 Taran Daniel sunt membrii in comisia de evaluare oferte<\/p>\n<p><strong>7. <\/strong>Proiect de hotarare privind alegerea presedintelui de sedinta pentru luna martie 2018.<\/p>\n<p>Dna Micle \u2013 il propune pe dl Stana<\/p>\n<p>Avizele comisiilor sunt favorabile<\/p>\n<p><strong>Dl Muresan Augustin\u00a0 <\/strong>\u2013 supune la vot proiectul de hotarare<\/p>\n<p>Cine este pentru?-\u00a0 16 voturi. Impotriv\u0103?- Nu sunt. Ab\u021bineri?-nu sunt<\/p>\n<p>Se adopta HCL nr.15 \u00a0din \u00a019.02.2018<\/p>\n<p><strong>8.<\/strong> Proiect de hotarare privind privind emiterea avizului favorabil spital<\/p>\n<p>Dna Indries- e un lucru bun dar era bine sa fie si dna dr Chivu sa ne dea lamuriri<\/p>\n<p>Dl Primar- o sa o invitam.<\/p>\n<p>Avizele comisiilor sunt favorabile<\/p>\n<p><strong>Dl Muresan Augustin\u00a0 <\/strong>\u2013 supune la vot proiectul de hotarare<\/p>\n<p>Cine este pentru?-\u00a0 16 voturi. Impotriv\u0103?- Nu sunt. Ab\u021bineri?-nu sunt<\/p>\n<p>Se adopta HCL nr.16 \u00a0din \u00a019.02.2018<\/p>\n<p><strong>9<\/strong>. Informare privind solicitare de finantare aspociati Club sportiv Volei Jibou.<\/p>\n<p>Dl Muresan \u2013 ati vazut materialul, sunt orase mari trecute acolo si cred ca noi suntem prea mici pentru asa ceva, dar este o informare daca doreste cineva sa intervina.<\/p>\n<p>Dl Primar \u2013 a fost saptamana \u00a0trecuta dl Duma si ne-a prezentat niste hartii prin care solicita solicita sprijin financiar pentru sustinerea unei echipe de volei. A discutat cu membrii din Consiliul de Administratie a asociatie sportive. Inscrierea ei presupune o analiza bine fundamentata si doar comisia de evaluare a solicitarilor in baza Legii ner 350\/2005 poate spune daca solicitarea este conform prevederilor legale, raspunsul fiind dat de comisie.<\/p>\n<p><strong>10.<\/strong> Informare privind activitatea Poli\u021biei Locale.<\/p>\n<p>Dl Primar \u2013 cele trei camere care sunt montate pe arterele principale sunt mai scumpe si daca erau toate cu inflorosii era mult mai mult. In extindere la cele 8 puncte de colectare vom pune camere care focalizeaza si pe timp de noapte.<\/p>\n<p>Dl Taran \u2013 propun amplasare camere video la intrare in fiecare dintre \u00a0satele apartinatoare.<\/p>\n<p>Dl Primar \u2013 o sa analizam idea dar e mai greu cu fibra optica pentru internet.<\/p>\n<p>Dl Taran \u2013 la cladirea proprietate personala din afara localitatii catre Cuceu cineva a dus moloz in saci si i-a pus in curte.<\/p>\n<p>Dna Coman \u2013 nu stiu daca solutia e sa punem indicatoare cu oprire interzisa in tot orasul, mai ales in fata spitalului.Intre blocuri\u00a0 incercati cumva sa lasati se poata parca si pe o parte si pe alta.<\/p>\n<p>Dl Talos- indicatorul de pe str. Castanilor e pus de multi ani.<\/p>\n<p>Dl Almas &#8211; legat de mizeria din Cuceu ati aflat ceva de proprietar?<\/p>\n<p>Dl Talos- am gasit propritarul si o sa-i cerem sa curete acolo daca e pe terenul lui daca nu putem intervenii noi.<\/p>\n<p>&nbsp;<\/p>\n<p>&nbsp;<\/p>\n<p><strong>11<\/strong>.\u00a0 Diverse.<\/p>\n<p>Dl Cotut Tiberiu\u2013 am venit iar deoarece problema mea a ramas nerezolvata. De ce nu se da semnul cu oprire interzisa jos?<\/p>\n<p>Dl primar \u2013 am convenit sa punem un aditional<\/p>\n<p>Dl Cotut \u2013 era mai bine sa fie stationare<\/p>\n<p>Dna Indries \u2013 in fata la Petrean s-a pus indicator<\/p>\n<p>Dl Primar- solutia e clara oamenii nu mai sunt amendati<\/p>\n<p>Dl Talos- masinile de aprovizionare pot opri si nu vor fi sanctionati.<\/p>\n<p>Dl Primar \u2013 punem semnul cu stationarea<\/p>\n<p>Dna Indries- peste drum de restaurantul Ando este o trecere catre cimitir si as recomda sa se\u00a0 intervina si sa curete mizeria si iarba crescuta.<\/p>\n<p>PRESEDINTE DE SEDINTA\u00a0\u00a0\u00a0\u00a0\u00a0\u00a0\u00a0\u00a0\u00a0\u00a0\u00a0\u00a0\u00a0\u00a0\u00a0\u00a0\u00a0\u00a0\u00a0\u00a0\u00a0\u00a0\u00a0\u00a0\u00a0\u00a0\u00a0\u00a0\u00a0\u00a0\u00a0\u00a0\u00a0\u00a0\u00a0\u00a0\u00a0\u00a0\u00a0\u00a0\u00a0\u00a0\u00a0\u00a0\u00a0\u00a0\u00a0\u00a0\u00a0\u00a0\u00a0\u00a0\u00a0\u00a0\u00a0\u00a0\u00a0\u00a0\u00a0\u00a0\u00a0\u00a0\u00a0\u00a0\u00a0\u00a0\u00a0\u00a0\u00a0\u00a0\u00a0\u00a0\u00a0\u00a0\u00a0\u00a0\u00a0 \u00a0\u00a0\u00a0\u00a0\u00a0\u00a0\u00a0\u00a0\u00a0 CONTRASEMNEAZA<\/p>\n<p>MURESAN AUGUSTIN\u00a0\u00a0\u00a0\u00a0\u00a0\u00a0\u00a0\u00a0\u00a0\u00a0\u00a0\u00a0\u00a0\u00a0\u00a0\u00a0\u00a0\u00a0\u00a0\u00a0\u00a0\u00a0\u00a0\u00a0\u00a0\u00a0\u00a0\u00a0\u00a0\u00a0\u00a0\u00a0\u00a0\u00a0\u00a0\u00a0\u00a0\u00a0\u00a0\u00a0\u00a0\u00a0\u00a0\u00a0\u00a0\u00a0\u00a0\u00a0\u00a0\u00a0\u00a0\u00a0\u00a0\u00a0\u00a0\u00a0\u00a0\u00a0\u00a0\u00a0\u00a0\u00a0\u00a0\u00a0\u00a0\u00a0\u00a0\u00a0\u00a0\u00a0\u00a0\u00a0\u00a0\u00a0\u00a0\u00a0\u00a0\u00a0\u00a0\u00a0\u00a0\u00a0\u00a0\u00a0\u00a0\u00a0\u00a0\u00a0\u00a0\u00a0\u00a0\u00a0\u00a0\u00a0\u00a0\u00a0\u00a0\u00a0\u00a0 SECRETAR ORAS, \u00a0\u00a0\u00a0\u00a0\u00a0\u00a0\u00a0\u00a0\u00a0\u00a0\u00a0\u00a0\u00a0\u00a0\u00a0\u00a0\u00a0\u00a0\u00a0\u00a0\u00a0\u00a0\u00a0\u00a0\u00a0\u00a0\u00a0\u00a0\u00a0\u00a0\u00a0\u00a0\u00a0\u00a0\u00a0\u00a0\u00a0\u00a0\u00a0\u00a0\u00a0\u00a0\u00a0\u00a0\u00a0\u00a0\u00a0\u00a0\u00a0\u00a0\u00a0\u00a0\u00a0\u00a0\u00a0\u00a0\u00a0\u00a0\u00a0\u00a0\u00a0\u00a0\u00a0\u00a0\u00a0\u00a0\u00a0\u00a0\u00a0\u00a0\u00a0\u00a0\u00a0\u00a0\u00a0\u00a0\u00a0\u00a0\u00a0\u00a0\u00a0\u00a0\u00a0\u00a0\u00a0\u00a0\u00a0\u00a0\u00a0\u00a0\u00a0\u00a0\u00a0\u00a0\u00a0\u00a0\u00a0\u00a0\u00a0\u00a0\u00a0\u00a0\u00a0\u00a0\u00a0\u00a0\u00a0\u00a0\u00a0\u00a0\u00a0\u00a0\u00a0\u00a0\u00a0\u00a0\u00a0\u00a0\u00a0\u00a0\u00a0\u00a0\u00a0\u00a0\u00a0\u00a0\u00a0\u00a0\u00a0\u00a0\u00a0\u00a0\u00a0\u00a0\u00a0 \u00a0\u00a0\u00a0\u00a0\u00a0\u00a0\u00a0\u00a0\u00a0\u00a0\u00a0\u00a0\u00a0\u00a0\u00a0\u00a0OPRIS MARIA<\/td>\n<\/tr>\n<tr>\n<td bgcolor=\"#FEFEFE\" height=\"20\"><img decoding=\"async\" src=\"https:\/\/primariajibou.ro\/Images\/pixel.gif\" width=\"1\" height=\"1\" \/><\/td>\n<\/tr>\n<tr>\n<td bgcolor=\"#FEFEFE\" height=\"20\"><\/td>\n<\/tr>\n<\/tbody>\n<\/table>\n","protected":false},"excerpt":{"rendered":"<p>Procesul Verbal nr. 2 din 19.02.2018 PROCES VERBAL \u00cencheiat azi, 19 februarie 2018 cu ocazia \u0219edin\u021bei ordinare a Consiliului Local Jibou CONSILIUL LOCAL AL ORA\u0218ULUI&#8230;<\/p>\n","protected":false},"author":1,"featured_media":0,"parent":0,"menu_order":0,"comment_status":"closed","ping_status":"closed","template":"","meta":{"footnotes":""},"class_list":["post-944","page","type-page","status-publish","hentry"],"_links":{"self":[{"href":"https:\/\/primariajibou.ro\/site\/wp-json\/wp\/v2\/pages\/944","targetHints":{"allow":["GET"]}}],"collection":[{"href":"https:\/\/primariajibou.ro\/site\/wp-json\/wp\/v2\/pages"}],"about":[{"href":"https:\/\/primariajibou.ro\/site\/wp-json\/wp\/v2\/types\/page"}],"author":[{"embeddable":true,"href":"https:\/\/primariajibou.ro\/site\/wp-json\/wp\/v2\/users\/1"}],"replies":[{"embeddable":true,"href":"https:\/\/primariajibou.ro\/site\/wp-json\/wp\/v2\/comments?post=944"}],"version-history":[{"count":0,"href":"https:\/\/primariajibou.ro\/site\/wp-json\/wp\/v2\/pages\/944\/revisions"}],"wp:attachment":[{"href":"https:\/\/primariajibou.ro\/site\/wp-json\/wp\/v2\/media?parent=944"}],"curies":[{"name":"wp","href":"https:\/\/api.w.org\/{rel}","templated":true}]}}