{"id":9230,"date":"2020-01-29T10:36:29","date_gmt":"2020-01-29T08:36:29","guid":{"rendered":"https:\/\/primariajibou.ro\/site\/?page_id=9230"},"modified":"2025-05-08T14:21:47","modified_gmt":"2025-05-08T12:21:47","slug":"agenda-publica","status":"publish","type":"page","link":"https:\/\/primariajibou.ro\/site\/agenda-publica\/","title":{"rendered":"Agend\u0103 public\u0103"},"content":{"rendered":"\t\t<div data-elementor-type=\"wp-page\" data-elementor-id=\"9230\" class=\"elementor elementor-9230\">\n\t\t\t\t\t\t<section class=\"elementor-section elementor-top-section elementor-element elementor-element-0de91f1 elementor-section-boxed elementor-section-height-default elementor-section-height-default\" data-id=\"0de91f1\" data-element_type=\"section\" data-e-type=\"section\">\n\t\t\t\t\t\t<div class=\"elementor-container elementor-column-gap-default\">\n\t\t\t\t\t<div class=\"elementor-column elementor-col-100 elementor-top-column elementor-element elementor-element-06ab25c\" data-id=\"06ab25c\" data-element_type=\"column\" data-e-type=\"column\">\n\t\t\t<div class=\"elementor-widget-wrap elementor-element-populated\">\n\t\t\t\t\t\t<div class=\"elementor-element elementor-element-1a396a2 elementor-widget elementor-widget-text-editor\" data-id=\"1a396a2\" data-element_type=\"widget\" data-e-type=\"widget\" data-widget_type=\"text-editor.default\">\n\t\t\t\t<div class=\"elementor-widget-container\">\n\t\t\t\t\t\t\t\t\t<table><tbody><tr><td rowspan=\"2\" width=\"177\"><p><strong>Func\u021bie<\/strong><\/p><\/td><td rowspan=\"2\" width=\"255\"><p><strong>Nume \u0219i prenume<\/strong><\/p><\/td><td colspan=\"2\" width=\"187\"><p><strong>Program audien\u021be<\/strong><\/p><\/td><\/tr><tr><td width=\"95\"><p><strong>zi<\/strong><\/p><\/td><td width=\"92\"><p><strong>ora<\/strong><\/p><\/td><\/tr><tr><td width=\"177\"><p>PRIMAR<\/p><\/td><td width=\"255\"><p>Ing. Ghiurco Dan<\/p><\/td><td width=\"95\"><p>Mar\u021bi<\/p><\/td><td width=\"92\"><p>8-11<\/p><\/td><\/tr><tr><td width=\"177\"><p>VICEPRIMAR<\/p><\/td><td width=\"255\"><p>Ec. Pa\u0219cal\u0103u Vlad-Andrei<\/p><\/td><td width=\"95\"><p>Joi<\/p><\/td><td width=\"92\"><p>8-11<\/p><\/td><\/tr><tr><td width=\"177\"><p>ADMINISTRATOR PUBLIC<\/p><\/td><td width=\"255\"><p>Ing. Sarkozi Paul<\/p><\/td><td width=\"95\"><p>Miercuri<\/p><\/td><td width=\"92\"><p>8-11<\/p><\/td><\/tr><tr><td width=\"177\"><p>SECRETAR<\/p><\/td><td width=\"255\"><p>Tegla\u0219 Rodica<\/p><\/td><td width=\"95\"><p>Vineri<\/p><\/td><td width=\"92\"><p>8-11<\/p><\/td><\/tr><\/tbody><\/table><p><strong>Not\u0103: programul este s\u0103pt\u0103m\u00e2nal \u0219i poate suferi modific\u0103ri \u00een func\u021bie de disponibilitatea persoanelor.<\/strong><\/p>\t\t\t\t\t\t\t\t<\/div>\n\t\t\t\t<\/div>\n\t\t\t\t\t<\/div>\n\t\t<\/div>\n\t\t\t\t\t<\/div>\n\t\t<\/section>\n\t\t\t\t<\/div>\n\t\t","protected":false},"excerpt":{"rendered":"<p>Func\u021bie Nume \u0219i prenume Program audien\u021be zi ora PRIMAR Ing. Ghiurco Dan Mar\u021bi 8-11 VICEPRIMAR Ec. Pa\u0219cal\u0103u Vlad-Andrei Joi 8-11 ADMINISTRATOR PUBLIC Ing. Sarkozi Paul&#8230;<\/p>\n","protected":false},"author":1,"featured_media":0,"parent":0,"menu_order":0,"comment_status":"closed","ping_status":"closed","template":"","meta":{"footnotes":""},"class_list":["post-9230","page","type-page","status-publish","hentry"],"_links":{"self":[{"href":"https:\/\/primariajibou.ro\/site\/wp-json\/wp\/v2\/pages\/9230","targetHints":{"allow":["GET"]}}],"collection":[{"href":"https:\/\/primariajibou.ro\/site\/wp-json\/wp\/v2\/pages"}],"about":[{"href":"https:\/\/primariajibou.ro\/site\/wp-json\/wp\/v2\/types\/page"}],"author":[{"embeddable":true,"href":"https:\/\/primariajibou.ro\/site\/wp-json\/wp\/v2\/users\/1"}],"replies":[{"embeddable":true,"href":"https:\/\/primariajibou.ro\/site\/wp-json\/wp\/v2\/comments?post=9230"}],"version-history":[{"count":0,"href":"https:\/\/primariajibou.ro\/site\/wp-json\/wp\/v2\/pages\/9230\/revisions"}],"wp:attachment":[{"href":"https:\/\/primariajibou.ro\/site\/wp-json\/wp\/v2\/media?parent=9230"}],"curies":[{"name":"wp","href":"https:\/\/api.w.org\/{rel}","templated":true}]}}