{"id":904,"date":"2018-09-19T09:06:01","date_gmt":"2018-09-19T07:06:01","guid":{"rendered":"https:\/\/primariajibou.ro\/site\/?page_id=904"},"modified":"2018-09-19T09:06:25","modified_gmt":"2018-09-19T07:06:25","slug":"pv-5-din-15-05-2018","status":"publish","type":"page","link":"https:\/\/primariajibou.ro\/site\/pv-5-din-15-05-2018\/","title":{"rendered":"PV 5 din 15.05.2018"},"content":{"rendered":"<table class=\"text\" border=\"0\" width=\"100%\" cellspacing=\"0\" cellpadding=\"0\">\n<tbody>\n<tr>\n<td class=\"text\"><span class=\"titlePag\">Procesul Verbal nr. 5 din 15.05.2018<br \/>\nPROCES VERBAL \u00cencheiat azi, 15.05.2018 cu ocazia \u0219edin\u021bei extraordinare a Consiliului Local Jibou <\/span>CONSILIUL LOCAL AL ORA\u0218ULUI JIBOU<\/p>\n<p align=\"center\">PROCES VERBAL<\/p>\n<p align=\"center\">\u00cencheiat azi, 15.05.2018 cu ocazia \u0219edin\u021bei extraordinare a Consiliului Local Jibou<\/p>\n<p>La lucr\u0103rile \u0219edintei extraordinare a Consiliului Local al ora\u0219ului Jibou, din partea executivului Prim\u0103riei particip\u0103 urm\u0103torii: dl.Ghiurco Dan-primar, dl.Sarkozi Paul-viceprimar d-na Opri\u0219 Maria-secretar ora\u0219 \u0219i func\u021bionari din aparatul de specialitate.<\/p>\n<p>Convocarea consilierilor la lucr\u0103rile \u0219edin\u021bei s-a asigurat \u00een scris \u0219i prin e-mail \u00een ziua de 11.05.2018 cu precizarea datei, orei \u0219i a locului de desf\u0103surare a \u0219edin\u021bei.<\/p>\n<p>Precizez ca au fost convocati toti consilierii.<\/p>\n<p>Domnul consilier Rus Dan -pre\u0219edinte de \u0219edin\u021b\u0103 constat\u0103 c\u0103 din cei 17 consilieri sunt prezenti doar 15\u00a0 si\u00a0 declar\u0103 deschise lucr\u0103rile \u0219edin\u021bei de ast\u0103zi.<\/p>\n<p>Consilierii prezen\u021bi\u00a0 sunt : Mure\u0219an Augustin,\u00a0 Stana Ioan, Rus Dan, Folti\u0219 Radu, Indrie\u0219 Ana ,\u021aelea Valentin, Csatlos \u0218andor, Alma\u0219 Ioan, Cotu\u021b\u00a0 \u0218tefan, Tarba Andrei , Micle Corina, Taran Daniel, Pintea Victor,\u00a0 Coman Cristina dl Sarkozi Paul- viceprimar<\/p>\n<p>Lipseste- dl Petrean Doru si dl Bujor Ioan<\/p>\n<p>Dna secretar constat\u0103\u00a0 prezen\u0163a \u0219i\u00a0 legalitatea constituirii \u0219edin\u021bei<\/p>\n<p><strong>Dl Primar<\/strong> -in conformitate cu art.39 alin 2 din Legea 215\/2001 legea administratiei publice locale republicata cu modificarile si completarile ulterioare, a fost convocata sedinta\u00a0 extraordinara a Consiliului Local cu ordinea de zi de care ati luat act. Daca la ordinea de zi pe care ati primit-o mai aveti de facut complet\u0103ri sau modificari?- Nu sunt.<\/p>\n<p align=\"center\"><strong>Ordine de zi<\/strong><\/p>\n<p align=\"center\"><strong>pentru sedin\u021ba extraordinar\u0103 a Consiliului local\u00a0 al ora\u0219ului Jibou<\/strong><\/p>\n<p align=\"center\"><strong>din data de 15.05.2018 orele 07:30<\/strong><\/p>\n<p>Dl primar- vreau sa va multumesc ca ati venit in aceasta dimineata.Avem cateva proiecte de hotarari care sunt mai urgente . Cea mai mare urgenta fiind aprobarea indicatorilor tehnico-economici pentru Liceul tehnologic Octavian Goga iar a doua fiind terenul de pe strada Stejarilor care trebuie dezmembrat in doua loturi. Acest proiect de hotarare nu este pe ordinea de zi deoarece l-am primit abia ieri in jurul orei 16:00.<\/p>\n<p>Supun spre aprobare ordinea de zi.<\/p>\n<p>Cine este pentru?- 15 voturi. Impotriv\u0103?- Nu sunt. Ab\u021bineri?-Nu sunt<\/p>\n<p>&nbsp;<\/p>\n<p>1. Proiect de hotarare privind Modernizarea Liceului Tehnologic Octavian Goga si construire Sala de sport in orasul Jibou.<\/p>\n<p>Dl Primar \u2013 aveti indicatorii tehnico economici, aveti valorile costurilor estimate, daca aveti intrebari.<\/p>\n<p>Dl Almas \u2013sala de sport va fi ca cea de la\u00a0 liceu sau mai mare?<\/p>\n<p>Dl Primar- mai mare<\/p>\n<p>Dl Pintea- prin anii 80 iarna se facea sport afara , ma bucur ca reusim sa facem aceasta investitie.<\/p>\n<p>Dl Primar \u2013 din pacate nu am reusit pe axa de finanatare sa inbunatatim conditiile de invatamant la liceele tehnice si tehnologice.Corpul A nu este prins in reabilitare fiindca axa de finantare este pe licee tehnice si tehnologice,iar in proioect intra cladirea internatului care este arondata invatamantului tehnic.<\/p>\n<p>Avizele comisiilor sunt favorabile<\/p>\n<p>Dl Rus Dan\u00a0 \u2013 supune la vot proiectul de hotarare<\/p>\n<p>Cine este pentru?-\u00a0 15 voturi. Impotriv\u0103?- Nu sunt. Ab\u021bineri?-nu sunt<\/p>\n<p>Se adopta HCL nr.42 din\u00a0 15.05.2018<\/p>\n<p>&nbsp;<\/p>\n<p>2.Proiect de\u00a0 hot\u0103r\u00e2re privind \u00a0alocarea de sume in cadrul proiectului\u00a0 &#8222;Romanian Climate Change Research Expedition Siberia&#8222;<\/p>\n<p>Dl Primar- vor sa faca o expeditie de cercetare in Siberia si au nevoie de sustinere financiara si\u00a0 din alte parti.Au solicitat finantare si de la Consiliul Judetean .<\/p>\n<p>Dl Cotut- cati sunt din Jibou?<\/p>\n<p>Dl Primar \u2013 marea majoritate<\/p>\n<p>Dl Tarba- sunt mai multe argumente sa votam impotriva decat pentru. Singurul argument ar fi pentru gradina botanica ca este un punct de atractie pentru Jibou.<\/p>\n<p>Dl Tarba \u2013 eu zic ca trebui sa vedem cum beneficiaza cetatenii din Jibou de pe urma acestei expeditii.Nu este nici o legatura durecta intre banii investiti si cetatenii din Jibou.<\/p>\n<p>Dl primar- agentii economoci care vand la Gradina Botanica sunt din Jibou ,iar solicitarea lor este o suma rezonabila.<\/p>\n<p>Dl Tarba \u2013 noi nu avem control asupra sumei , ce fac ei cu aceasta suma?<\/p>\n<p>Dl Primar &#8211; in solicitarea lor au un desfasurator in care apare exact tot ce se face cu banii.Valoarea totala a proiectului este de circa 90000 lei.<\/p>\n<p>Dl Muresan \u2013 acum doua\u00a0 saptamani duminica au avut\u00a0 2400 de vizitatori si parerea mea este ca trebuie sa aprobam acest proiect de hotarare.<\/p>\n<p>Dl Tarba \u2013 noi nu avem tomberoane cu colectare selectiva, si noi facem cercetari in Siberia. Pe str Bailor exista un cos mare pentru colectarea sticlelor\u00a0 care nu sa golit de 2 luni.<\/p>\n<p>Dl Primar \u2013 eu vam expus motivele, pentru care am venit acest raport si cred ca este o suma modica<\/p>\n<p>Dl Muresan \u2013Gradina Botanica este din Jibou,finanteaza Consiliul Judetean si noi sa nu ii ajutam mai ales ca ca suntem de aici.<\/p>\n<p>Dl Viceprimar \u2013 este un centru de cercetari\u00a0 si trebuie sa faca cercetare si dansii vor sa se mai dezvolte , nu stim ce foloase vom avea peste cativa ani . Este in colaborare cu Gradina Botanica din Cluj.<\/p>\n<p>Dl Tarba \u2013 primaria din Cluj Napoca sustine acest proiect?<\/p>\n<p>Dl\u00a0 Cotut- fiind pe teritoroil Jiboului, nu beneficiaza numai Gradina Botanica ci si toate magazinele, este un centru de cercetare care eu stiu cat s-a luptat sa fie un centru de cercetare si acuma se discut sa treaca la Universitatea Babes. Este sindura Gradina Botanica din tara care nu este afiliata la o univesritate Avem oameni care au doctoate si fac o cercetare.<\/p>\n<p>Dl Tarba- din ce s-a cumparat in Jibou, pomi, flori\u00a0 ati luat ceva de Gradina Botanica?<\/p>\n<p>Dl Cotut \u2013 Gradina Botanica nu este o sera de productie, ei nu produc flori de vanzare.<\/p>\n<p>Dl Pintea- am pledat si voi pleda si voi pleda intotdeuna pentru sustinerea invatamantului,trebuie sa recunoastem ca cel mai bun ambasador al orasului Jibou este Centrul de Cert Biologice si Gradina Botanica Jibou. Este cea mai buna investitie pentru\u00a0 invatamant, daca ne uitam mereu la partea financiara nu vom ajunge nicaieri.<\/p>\n<p>Dl Rus- eu tin minte ca i-am mai sustinut pentru cercul polar iar dupa ce am vazut efectele am fost foarte multumit<\/p>\n<p>Avizele comisiilor sunt favorabile<\/p>\n<p>Dl Rus Dan\u00a0 \u2013 supune la vot proiectul de hotarare<\/p>\n<p>Cine este pentru?-\u00a0 12 voturi. Impotriv\u0103?- 1 (Tarba). Ab\u021bineri?-2 (Indries si Telea)<\/p>\n<p>Se adopta HCL nr.43 din \u00a015.05.2018<\/p>\n<p>&nbsp;<\/p>\n<p>3. Proiect de hotarare privind alocarea unui sprijin financiar activitatii culturale cu specific rromani.<\/p>\n<p>Dl Primar \u2013 solicitarea vine de la Scoala Gimnaziala Lucian Blaga<\/p>\n<p>Dl Tarba \u2013 pentru ce se utilizeaza sumele ?<\/p>\n<p>Dl Primar \u2013 este o activitate culturala care marcheaza ziua internationala a romilor si copiii de etnie rroma au primit suc, prajitura diplome.<\/p>\n<p>Dl Tarba \u2013 cheltuieli au fost pentru sucuri si prajituri?<\/p>\n<p>Dl Viceprimar \u2013 si diplome<\/p>\n<p>Avizele comisiilor sunt favorabile<\/p>\n<p>Dl Rus dan\u00a0 \u2013 supune la vot proiectul de hotarare<\/p>\n<p>Cine este pentru?-\u00a0 15 voturi. Impotriv\u0103?- Nu sunt. Ab\u021bineri?-nu sunt<\/p>\n<p>Se adopta HCL nr. 44 din \u00a015.05.2018<\/p>\n<p>&nbsp;<\/p>\n<p>4. Proiect de hotarare privind \u00eensu\u0219irea \u0219i aprobarea documenta\u021biei cadastrale de dezmembrare a unui imobil apar\u021bin\u00e2nd domeniului privat al ora\u0219ului.<\/p>\n<p>Dl primar- avem nevoie de suprafata de 2150 mp pentru modernizare si extindere centru neuropshiatric.<\/p>\n<p>Avizele comisiilor sunt favorabile<\/p>\n<p>Dl Rus Dan\u00a0 \u2013 supune la vot proiectul de hotarare<\/p>\n<p>Cine este pentru?-\u00a0 15 voturi. Impotriv\u0103?- Nu sunt. Ab\u021bineri?-nu sunt<\/p>\n<p>Se adopta HCL nr.45 din\u00a0 15.05.2018<\/p>\n<p>PRESEDINTE DE SEDINTA\u00a0\u00a0\u00a0\u00a0\u00a0\u00a0\u00a0\u00a0\u00a0\u00a0\u00a0\u00a0\u00a0\u00a0\u00a0\u00a0\u00a0\u00a0\u00a0\u00a0\u00a0\u00a0\u00a0\u00a0\u00a0\u00a0\u00a0\u00a0\u00a0\u00a0\u00a0\u00a0\u00a0\u00a0\u00a0\u00a0\u00a0 \u00a0\u00a0\u00a0\u00a0\u00a0\u00a0\u00a0\u00a0\u00a0\u00a0\u00a0 CONTRASEMNEAZA<\/p>\n<p>RUS DAN\u00a0\u00a0\u00a0\u00a0\u00a0\u00a0\u00a0\u00a0\u00a0\u00a0\u00a0\u00a0\u00a0\u00a0\u00a0\u00a0\u00a0\u00a0\u00a0\u00a0\u00a0\u00a0\u00a0\u00a0\u00a0\u00a0\u00a0\u00a0\u00a0\u00a0\u00a0\u00a0\u00a0\u00a0\u00a0\u00a0\u00a0\u00a0\u00a0\u00a0\u00a0\u00a0\u00a0\u00a0\u00a0\u00a0\u00a0\u00a0\u00a0\u00a0\u00a0\u00a0\u00a0\u00a0\u00a0\u00a0 SECRETAR ORAS, OPRIS MARIA<\/td>\n<\/tr>\n<tr>\n<td bgcolor=\"#FEFEFE\" height=\"20\"><img decoding=\"async\" src=\"https:\/\/primariajibou.ro\/Images\/pixel.gif\" width=\"1\" height=\"1\" \/><\/td>\n<\/tr>\n<tr>\n<td bgcolor=\"#FEFEFE\" height=\"20\"><\/td>\n<\/tr>\n<\/tbody>\n<\/table>\n","protected":false},"excerpt":{"rendered":"<p>Procesul Verbal nr. 5 din 15.05.2018 PROCES VERBAL \u00cencheiat azi, 15.05.2018 cu ocazia \u0219edin\u021bei extraordinare a Consiliului Local Jibou CONSILIUL LOCAL AL ORA\u0218ULUI JIBOU PROCES&#8230;<\/p>\n","protected":false},"author":1,"featured_media":0,"parent":0,"menu_order":0,"comment_status":"closed","ping_status":"closed","template":"","meta":{"footnotes":""},"class_list":["post-904","page","type-page","status-publish","hentry"],"_links":{"self":[{"href":"https:\/\/primariajibou.ro\/site\/wp-json\/wp\/v2\/pages\/904","targetHints":{"allow":["GET"]}}],"collection":[{"href":"https:\/\/primariajibou.ro\/site\/wp-json\/wp\/v2\/pages"}],"about":[{"href":"https:\/\/primariajibou.ro\/site\/wp-json\/wp\/v2\/types\/page"}],"author":[{"embeddable":true,"href":"https:\/\/primariajibou.ro\/site\/wp-json\/wp\/v2\/users\/1"}],"replies":[{"embeddable":true,"href":"https:\/\/primariajibou.ro\/site\/wp-json\/wp\/v2\/comments?post=904"}],"version-history":[{"count":0,"href":"https:\/\/primariajibou.ro\/site\/wp-json\/wp\/v2\/pages\/904\/revisions"}],"wp:attachment":[{"href":"https:\/\/primariajibou.ro\/site\/wp-json\/wp\/v2\/media?parent=904"}],"curies":[{"name":"wp","href":"https:\/\/api.w.org\/{rel}","templated":true}]}}