{"id":898,"date":"2018-09-19T09:03:08","date_gmt":"2018-09-19T07:03:08","guid":{"rendered":"https:\/\/primariajibou.ro\/site\/?page_id=898"},"modified":"2018-09-19T09:03:34","modified_gmt":"2018-09-19T07:03:34","slug":"pv-6-din-29-05-2018","status":"publish","type":"page","link":"https:\/\/primariajibou.ro\/site\/pv-6-din-29-05-2018\/","title":{"rendered":"PV 6 din 29.05.2018"},"content":{"rendered":"<table class=\"text\" border=\"0\" width=\"100%\" cellspacing=\"0\" cellpadding=\"0\">\n<tbody>\n<tr>\n<td class=\"text\"><span class=\"titlePag\">Procesul Verbal nr. 6 din 29.05.2018<br \/>\nPROCES VERBAL \u00cencheiat azi, 29 mai 2018 cu ocazia \u0219edin\u021bei ordinare a Consiliului Local Jibou <\/span>CONSILIUL LOCAL AL ORA\u0218ULUI JIBOU<\/p>\n<p align=\"center\">PROCES VERBAL<\/p>\n<p align=\"center\">\u00cencheiat azi, 29 mai 2018 cu ocazia \u0219edin\u021bei ordinare a Consiliului Local Jibou<\/p>\n<p>\u00a0\u00a0\u00a0\u00a0\u00a0\u00a0\u00a0\u00a0\u00a0 La lucr\u0103rile \u0219edintei ordinare a Consiliului Local al ora\u0219ului Jibou, din partea executivului Prim\u0103riei particip\u0103 urm\u0103torii: dl primar Ghiurco Dan, d-na Opri\u0219 Maria-secretar ora\u0219, dl viceprimar Sarkozi Paul \u0219i func\u021bionari din aparatul de specialitate.<\/p>\n<p>Convocarea consilierilor la lucr\u0103rile \u0219edin\u021bei s-a asigurat \u00een scris \u0219i prin e-mail \u00een ziua de 22.05.2018 cu precizarea datei, orei \u0219i a locului de desf\u0103surare a \u0219edin\u021bei.<\/p>\n<p>Precizez ca au fost convocati toti consilierii.<\/p>\n<p>Domnul consilier <strong>Rus Dan <\/strong>&#8211; pre\u0219edinte de \u0219edin\u021b\u0103 constat\u0103 c\u0103 toti consilierii sunt\u00a0 prezenti si\u00a0 declar\u0103 deschise lucr\u0103rile \u0219edin\u021bei de ast\u0103zi.<\/p>\n<p>Consilierii prezen\u021bi\u00a0 sunt :\u00a0 Bujor Ioan,\u00a0 Mure\u0219an Augustin, Folti\u0219 Radu, Indrie\u0219 Ana, \u021aelea Valentin, Csatlos \u0218andor, Alma\u0219 Ioan,\u00a0 Micle Corina, Petrean Doru, Taran Daniel, Pintea Victor, Coman Cristina,Tarba Andrei, Rus Dan, Sarkozi Paul,Stana Ioan,Cotut Stefan<\/p>\n<p>Dna secretar constat\u0103\u00a0 prezen\u0163a \u0219i legalitatea constituirii \u0219edin\u021bei \u0219i\u00a0 supune spre aprobare<\/p>\n<p>-procesul \u00a0verbal din data de la sedinta ordinara din data 24.04.2018<\/p>\n<p>Dac\u0103\u00a0 sunt discu\u021bii pe marginea procesului verbal? -Nu sunt.<\/p>\n<p>Supun spre aprobare procesul verbale .<\/p>\n<p>Cine este pentru?-\u00a0 17 voturi. Impotriv\u0103?- Nu sunt. Ab\u021bineri?-Nu sunt<\/p>\n<p>&#8211; procesul vebal de la sedinta extraordinara\u00a0 din data de 15.05.2018<\/p>\n<p>Dac\u0103\u00a0 sunt discu\u021bii pe marginea procesului verbal? -Nu sunt.<\/p>\n<p>Supun spre aprobare procesul verbale .<\/p>\n<p>Cine este pentru?-\u00a0 17 voturi. Impotriv\u0103?- Nu sunt. Ab\u021bineri?-Nu sunt<\/p>\n<p>men\u021bion\u00e2nd c\u0103 acestea pot fi consultate, de c\u0103tre cei interesa\u021bi la Compartimentul, Administra\u021bie public\u0103 local\u0103.<\/p>\n<p><strong>Dna primar<\/strong> -in conformitate cu art.39 din Legea 215\/2001 legea administratiei publice locale republicata cu modificarile si completarile ulterioare, a fost convocata sedinta\u00a0 ordinara a Consiliului Local cu ordinea de zi de care ati luat act si care a fost discuta si ieri in comisiile de specialitate.<\/p>\n<p><strong>Dl primar <\/strong>\u2013 supune la vot ordinea de zi.<\/p>\n<p>Cine este pentru?-\u00a0 17 voturi. Impotriv\u0103?- Nu sunt. Ab\u021bineri?-nu sunt<\/p>\n<p align=\"center\">ORDINE\u00a0 DE ZI:<\/p>\n<p>1.Proiect de hot\u0103r\u00e2re privind\u00a0 rectificarea bugetului Spitalului pe anul 2018 cu suma de 150 mii lei din excedentul anului anteriorpentru finantareas obiectivului de investitii &#8222;Proiectare si executie Ascensor&#8222;<\/p>\n<p>Dl primar \u2013 sursa de finantare e bugetul de dezvoltare din bugetul spitalului \u00a0unde au un excedent si \u00a0cf art 58 din Legea 273\/2006 se poate suplimenta deparece suma alocata initial de 160mii lei este insuficienta pentru constrctia ascensorului.<\/p>\n<p>Dl Csatlos-care este termenul de finalizare a constructiei ?<\/p>\n<p>Dl primar \u2013 daca procedura de achizitie merge in ritmul normal circa la 3 luni<\/p>\n<p>Avizele comisiilor sunt favorabile<\/p>\n<p>Dl Rus Dan\u00a0 \u2013 supune la vot proiectul de hotarare<\/p>\n<p>Cine este pentru?-\u00a0 17 voturi. Impotriv\u0103?- Nu sunt. Ab\u021bineri?-Nu sunt<\/p>\n<p>Se adopta HCL nr.46 din\u00a0 29.05.2018<\/p>\n<p>&nbsp;<\/p>\n<p><strong>2. <\/strong>Proiect de hot\u0103r\u00e2re privind\u00a0 rectificarea bugetului local pe anul 2018 cu suma de 14 mii lei din\u00a0 excedentul anului anterior pentru finantarea obiectivului de investitii Ghiseul .ro (SNEP) Dl primar- v-am explicat in sedinta pe comisii despre ce este vorba, daca mai aveti ceva de adaugat?<\/p>\n<p>Dl Bujor \u2013 de cand poare fi functional ?<\/p>\n<p>dna Opris- imediat dupa implementare<\/p>\n<p>Avizele comisiilor sunt favorabile<\/p>\n<p>Dl Rus Dan\u00a0 \u2013 supune la vot proiectul de hotarare<\/p>\n<p>Cine este pentru?-\u00a0 16 voturi. Impotriv\u0103?- Nu sunt. Ab\u021bineri?-1 Tarba Andrei<\/p>\n<p>Se adopta HCL nr.47 din\u00a0 29.05.2018<\/p>\n<p><strong>3.<\/strong> Proiect de hotarare\u00a0 privind utilizarea fondului constituit pentru anul 2018 din cota de dezvoltare de catre Compania de Apa Somes SA, sectia Jibou.<\/p>\n<p>Dl primar \u2013 aveti fondul defalcat pe mijloace fixe<\/p>\n<p>Dna Indries-\u00a0 cand vor achizitiona \u00a0aceste utilaje, si cand nu vom mai avea drumuri sparte?<\/p>\n<p>Dl Primar \u2013 perioada de achizitie o stabilesc cei din Compania de apa<\/p>\n<p>Dl Cotut- este foarte bine ca se cumpara acest aparat, eu propun interzicerea traversarilor prin spargere drumurilor pentru ca raman nereparate De aproape 2 ani pe str Stejarilor sunt 3 traversari peste sosea si nu s-au reparat inca.<\/p>\n<p>Dl viceprimar &#8211; cei care se vor ocupa de asta au intarziat cu proiectul.<\/p>\n<p>Dl primar- cand vom lucra cu asfalt vom repara si unde mai e de reparat.<\/p>\n<p>Dl Rus- cei de la Compania de apa vin dupa autorizatie la primarie si atunci se poate interzice sa se sparga drumurile<\/p>\n<p>Dl Csatlos- in momentul in care sa anulat o hcl se mai poate verifica daca hotararea este respectata?<\/p>\n<p>Dna Coman- lucrarea cu asfaltarea este o situatie de compromis inca din 2008. L-am intrebat pe dl primar din acea vreme si mi sa spus ca nu putem astepta pana cei de la Compania de apa fac toate canalizarile ca sa nu mai fie spargeri..<\/p>\n<p>Avizele comisiilor sunt favorabile<\/p>\n<p>Dl Rus Dan\u00a0 \u2013 supune la vot proiectul de hotarare<\/p>\n<p>Cine este pentru?-\u00a0 17 voturi. Impotriv\u0103?- Nu sunt. Ab\u021bineri? Nu sunt<\/p>\n<p>Se adopta HCL nr.48 din\u00a0 29.05.2018<\/p>\n<p>&nbsp;<\/p>\n<p><strong>4.<\/strong> Proiect de hotarare privind activitatile dedicate zilei internationale a copilului, intitulata\u00a0 \u201dCopil\u0103ria, o lume minunat\u0103\u201d.Manifestari care vor avea loc in data de 31 mai 2018 .<\/p>\n<p>Dna Indries \u2013 consiliului local nu i s-a spus de aceste lucrari am aflat de pe facebook si din acest motiv \u00a0nu o sa votez acest proiect iar eu consider ca suma este exagerata.Ati avut ocazia la sedinta extraordinara sa ne spuneti ce aveti de gand<\/p>\n<p>Dl Primar \u2013 cand am avut sedinata extraordinara nu erau stabilite activitatile. Nu pot sa vin in fata dumneavoastra cu supozitii, ci cu lucruri concrete , cand am avut toate elementele\u00a0 am venit in fata dvs.<\/p>\n<p>Dna Indries- dumneavoastra ati aprobat proiectul fara sa aveti hotararea consiliului local<\/p>\n<p>Dl primar -Este o suma modica<\/p>\n<p>Dna Indries- faptul ca nu s-au mai organizat zilele Jiboului a fost exact pe principiul acesta pentru ca e risipa pe banii publici.<\/p>\n<p>dl Cotut- e foarte bine ca se fac\u00a0 activitati in orasul nostru.Toate orasele o fac singura mea obiectie e\u00a0 de ce nu se face in data de 1 iunie\u00a0 pentru ca parantii sunt liberi in 1 iunie<\/p>\n<p>dl Pintea- in calitate de dascal ma simt obligat sa intervin<\/p>\n<p>1 iunie este cel mai bun prilej de a sarbatorii copiii si copilaria.<\/p>\n<p>Sa-si pastraze sufletul cald si pur ca in prima zi cand au vazut chipul mamei.<\/p>\n<p>La multi ani dragi copii sa aveti viata plina de bucurii.<\/p>\n<p>Orice activitate este binevenita pentru copilarie<\/p>\n<p>1 iunie este vineri iar activitatile se fac aproape in toata tara in data de 31 mai.<\/p>\n<p>Dna Micle \u2013 in discutiile pe care le-am avut in consiliile de administratie de la scoala Gimnaziala Lucian Blaga copii au pregatit activitati pentru aceasta zi, majoritatea copiilor vor sa se faca joia, prea putini copii pot sa vina vineri iar daca vin cu profesorii sunt organizatii si supravegheati. Daca se intampla ceva cu un copil cine raspunde?<\/p>\n<p>Dl Almas &#8211; sunt unii care au imbatranit urat. Daca pentru copiii si nepotii nostri nu putem face atat inseamna ca ne-am nascut \u00a0degeaba.<\/p>\n<p>Dl Primar \u2013 anul trecut am premiat peste 300 de copii<\/p>\n<p>Dl Bujor- in urma cu multi ani am sustinut sistarea zilelor orasului Jibou , mi se pare ca a participa cu fonduri pentru zilele copilului este o onoare , o noblete asa ca in numele comisiei economice suntem de acord cu acest proiect de\u00a0 hotarare.<\/p>\n<p>Dl Viceprimar &#8211; daca va uitati bine la raport, scrie ca sunt bani pentru activitatea Somes cantecele tale si alte activitati care vor aparea pe parcursul anului. Banii ii avem alocati. Noi nu avem de\u00a0 unde sa stim de anul trecut ce vom face acum.<\/p>\n<p>Dl Tarba \u2013 incerc sa trec sa peste jignirile aduse aici si vreau sa va spun ca toti avem copii acasa si bugete la fel ca la primarie,cum copiilor nostrii nu ne permitem sa le cumparam absolut orice la fel este si\u00a0 in primarie si in consiliul local si trebuie discutat sa vedem daca ne permite bugetul asta si nu are nici o legatura cu iubirea noastra fata de copii.Discutia era daca nu este prea mare bugetul pentru acest concert suntem prea relaxati pe banul public.<\/p>\n<p>Dl Primar \u2013 Tinerii din oras isi doresc si activitati culturale nu numai lucrari de reparatii. Impreuna am aprobat un buget pentru activitati culturale in 2018.<\/p>\n<p>Dl Csatlos- cand s-a discutat premierea elevilor , cred ca acum ar fi momentul sa fie premiati pe scena cu diploma<\/p>\n<p>Dl Muresan- va felicit ptentru ca ati dat curs acestei activitati , si ma bucur ca ii dati o tinuta fata de anul trecut<\/p>\n<p>Dl Taran \u2013 mi se pare raportul prea generalist, vream sa vad ce scoli participa. Daca suma e mare sau mica ramane de vazut.<\/p>\n<p>Dl Pintea- participa toti copii de la toate unitatile scolare<\/p>\n<p>Avizele comisiilor sunt favorabile<\/p>\n<p>Dl Rus Dan\u00a0 \u2013 supune la vot proiectul de hotarare<\/p>\n<p>Cine este pentru?-\u00a0 15 voturi. Impotriv\u0103? 1 Indries. \u00a0Ab\u021bineri?-1 Tarba Andrei<\/p>\n<p>Se adopta HCL nr.49 din\u00a0 29.05.2018<\/p>\n<p>Informare poiecte<\/p>\n<p>Dna Revnic \u2013 pentru sedinta de astazi le-am rugat pe managerii\u00a0 de pe fiecare proiect.<\/p>\n<p>Alina Stan \u2013 manager proiect 4.1 \u2013 apreciem faptul ca ati dorit sa va implicati in acest proiect .A debutat programul after school , dorim sa reusim sa-i ajutam pe cei aflati in nevoi si am sesizat faptul ca parintii sunt foarte multumiti de acest lucru.<\/p>\n<p>Dorim sa ajutam persoanele care nu au un loc de munca , pe acest proiect avem pana acum 3 angajari .In parteneriat cu primaria dorim imbunatatirea conditiilor de locuit a celor care au nevoie in aceasta zona. In acest proiect avem de reabilitat o cladire care o avem langa neuro si suntem putin in urma.<\/p>\n<p>Dl Tarba- am avut o discutie legata de masa after school<\/p>\n<p>Alina Stan \u2013 a fost o problema la achizitia de hrana fiind suma prea mica dar s-a rezolvat<\/p>\n<p>Alina Stan \u2013 copii intra in vacanta dar parintii nu<\/p>\n<p>Dl Taran- cati beneficiari sunt<\/p>\n<p>Dl Alina Stan \u2013 aproximativ 160 persoane<\/p>\n<p>Dl Cotut cum se face recrutarea<\/p>\n<p>Dna Alina Stan \u2013 acasa, la scoala<\/p>\n<p>Dl Taran \u2013 pentru \u00a0etnie roma aveti cifre?<\/p>\n<p>Dna Alina Stana \u2013 60 din 74 de persoane sunt de etnie roma<\/p>\n<p>Dna revnic \u2013 se face consiliere<\/p>\n<p>Dna Alina Stan-\u00a0 ajutorul nu se ofera decat daca se lucreaza<\/p>\n<p>Dna Alina Stan \u2013 am avut un caz cu un beneficiar de etnie roma, totul a fost bine pana la deschiderea unui cont cand am aflat ca e blocat \u00a0contul.<\/p>\n<p>Dna Indries- satele apartinatoare nu pot sa intre in proiect<\/p>\n<p>Dna Alina Stan \u2013 deocamdata nu ne-au dat voie<\/p>\n<p>Dna Revnic \u2013 o solutie ar fi sa-si faca flotant<\/p>\n<p>Dl Cotut- as vrea sa se simta ca se face ceva, sa aiba un rezultat<\/p>\n<p>Dna Revnic- avand in vedere ca inca nu am aniversat un an de existenta acetui proiect am realizat multe<\/p>\n<p>Dna Silvia Pustai\u2013 manager proiect \u00a04.2 daca cunoasteti oameni care vor sa-si deschida firme noi putem sa-i ajutam dar \u00a0pe acest program sunt 10% romi si nu au o situatie foarta proasta dar nici buna, dar nu vor sa faca parte din proiect \u00a0pentru ca nu sunt saraci<\/p>\n<p>Dna Micle \u2013 ce conditii trebuie sa indeplineasca sa intre in proiect<\/p>\n<p>Dna Silvia Pustai- sunt criterii multe dupa care putem sa selectam si daca stiti pe cineva care are nevoie si ar fi eligibil cu proiectul sa ne spuneti<\/p>\n<p>Dna Indries- dirigintii de la clasa stiu situatia \u00a0pot sa va spuna<\/p>\n<p>Dna Revnic \u2013 mai sunt si persoane varstinice care ar putea fi eligibili pentru proiect<\/p>\n<p>-Este un formular de preselectie, pentru datele generale , dar s-a facut un formular mai simplu ca sa vedem daca pot sau nu sa intre in proiect.<\/p>\n<p>Dna Coman \u2013 ar trebui sa fie mai permisiv , sa nu fie atatea criterii<\/p>\n<p>Dl Taran- nu aveti probleme cu recrutarea?<\/p>\n<p>Dna Silvia Pustai- \u00a0nu gasim beneficiari si informarea se face de doua ori pe luna<\/p>\n<p>Nu sunt oamenii deschisi sa colaboreze cu noi.<\/p>\n<p><strong>5.<\/strong> Proiect de hotarare privind inchirierea prin licitatie publica deschisa cu strigare a unui\u00a0 imobilului situat in Parcul Industrial Jibou.<\/p>\n<p>Dl Rus \u2013 s-a discutat in comisii daca aveti nelamuriri<\/p>\n<p>Avizele comisiilor sunt favorabile<\/p>\n<p>Dl Rus Dan\u00a0 \u2013 supune la vot proiectul de hotarare<\/p>\n<p>Cine este pentru?-\u00a0 17 voturi. Impotriv\u0103?- Nu sunt. Ab\u021bineri?-nu sunt<\/p>\n<p>Se adopta HCL nr.50 din\u00a0 29.05.2018<\/p>\n<p>&nbsp;<\/p>\n<p><strong>6<\/strong>. Proiect de hotarare privind propunerea de completare a art. 13 si art. 67 din Hotararea Consiliului Local nr. 19\/27.03.2018.<\/p>\n<p>Dl Rus \u2013 s-a discutat in comisii<\/p>\n<p>Avizele comisiilor sunt favorabile<\/p>\n<p>Dl Rus Dan\u00a0 \u2013 supune la vot proiectul de hotarare<\/p>\n<p>Cine este pentru?-\u00a0 17 voturi. Impotriv\u0103?- Nu sunt. Ab\u021bineri?-Nu sunt<\/p>\n<p>Se adopta HCL nr.51 din\u00a0 29.05.2018<\/p>\n<p>&nbsp;<\/p>\n<p><strong>7.<\/strong> Proiect de hotarare privind mandatarea primarului orasului Jibou in AGA ADI ECODES\u00a0 in vederea aprobarii majorarii, prin aliniere la nivelul anului 2018, a tarifelor aplicate in cadrul contractului &#8222;delegarea prin concesionare a gestiunii activitatilor de salubrizare a judetului Salaj- componenta, colectare si transport deseuri municipale- LOT 1&#8222;, nr 479 din 07.12.2016.<\/p>\n<p>Avizele comisiilor sunt favorabile<\/p>\n<p>Dl Rus Dan\u00a0 \u2013 supune la vot proiectul de hotarare<\/p>\n<p>Cine este pentru?-\u00a0 17 voturi. Impotriv\u0103?- Nu sunt. Ab\u021bineri?-1 Nu sunt<\/p>\n<p>Se adopta HCL nr.52 din\u00a0 29.05.2018<\/p>\n<p><strong>8.<\/strong> Proiect de hotarare privind majorarea cu 500% a impozitelor\/taxelor pe cladirile si terenuri\u00a0 neingrijite situate in intravilanul localitatilor.<\/p>\n<p>Dl Taran \u2013 sa se vada si blocurile , balcoanele, case care deranjeaza la vaz<\/p>\n<p>Dna Becea \u2013 pentru fatade nu este nevoie de autorizatie de constructie numai daca se afeceaza structura<\/p>\n<p>Taran \u2013 pe drumuri principale , la CFR sa se curete<\/p>\n<p>Dna Becea- in termen de 3 luni de la primire somatiei sa demareze lucrarile de reabilitare<\/p>\n<p>Dl Csatlos- trebuie sa ne gandim la faptul ca sunt cladiri care necesita investitii serioase,si ar fost bine sa inceapa proiectul de la incepulul anului<\/p>\n<p>Dna Becea- se va face o comisie de evaluare si analiza care va stabili termenul de renovare<\/p>\n<p>Trebuie lucrurile sa ie demarate sa-i constragem sa inceapa<\/p>\n<p>Dl Csatlos- din start se incepe cu 500 % sau pe parcurs?<\/p>\n<p>Dna Becea- tot comisia va stabili asta<\/p>\n<p>Dl Csatlos-ar fi bine sa se dea si \u00a0amenzi .<\/p>\n<p>Dna Becea- asta e alta baza legala.<\/p>\n<p>Dl Csatlos- putem extinde si la cultivarea terenului extravilan?<\/p>\n<p>Dna Becea \u2013 se poate dar trebuie sa fie o comisie<\/p>\n<p>Dna Indries- e foarte bine venit dar este foarte sesibila, ori aplicam la toti ori inchidem ochii, ce facem pe str Stejarilo\u00a0 ca astia sunt scutiti. Pe str Libertatii casa aceea sta sa se darame pe ei , sau la blocurile la care \u00a0cade balconul sau acoperisiul. Sa nu inchidem\u00a0 ochii .<\/p>\n<p>Dna Becea \u2013 am primit sesizari de la cetateni<\/p>\n<p>Dl Tarba \u2013 intra castelul Weseelenyi<\/p>\n<p>Dl Pintea \u2013 la blocuri se poate face ceva in sensul acesta<\/p>\n<p>Dna Nagy- trebuie sa pornim de la asociatiile de locatari ca unul singur nu o sa faca.<\/p>\n<p>Dl Cotut \u2013 trebuie sa ne gandim si la posibilitaea financiara , poate el nu are aceasta posibilitate. O sa votez impotriva . eu consider ca e luata o chestie generala. Sau sunt blocurile care nu sunt reabilitate. Daca nu are posibilitatea financiara ce face in situatia asta?<\/p>\n<p>Dl Foltis \u2013 cei care isi planteaza pomi in fata casei sau flori in fata casei sa-i faca contract de inchiriere.<\/p>\n<p>Dl Telea- consider bine venit acest proiect dar ar trebui regandit si luate anumite sectoare si acolo sa actionam mai mult . Sunt multe propritati abandonate. Asa cum este acest proiect nu este bine.<\/p>\n<p>Dl Muresan- daca nu pornim de undeva vom trai tot asa. Este in interesul nostru sa fie reabilitate.<\/p>\n<p>Dl Bujor- ca o consecinta ar trebui sa vedem ce se intampla . cred ca trebuie identificat prima data care sunt proprietatile, si prezentate in consiliul local.<\/p>\n<p>Dna\u00a0 Micle in situatia in care in urma evaluarii are posibilitatea legala sa faca contestatie<\/p>\n<p>Avizele comisiilor sunt favorabile<\/p>\n<p>Dl Rus Dan\u00a0 \u2013 supune la vot proiectul de hotarare<\/p>\n<p>Cine este pentru?-\u00a0 10 voturi. Impotriv\u0103?- Nu sunt. Ab\u021bineri?-1 Tarba , Cotut, Bujor, Scatlos, Indries, Telea, Coman<\/p>\n<p>Se adopta HCL nr.53 din\u00a0 29.05.2018<\/p>\n<p>&nbsp;<\/p>\n<p><strong>9. <\/strong>Proiect de hotarare privind alegerea presedintelui de sedinta pentru luna iunie 2018.<\/p>\n<p>Dna micle il propune pe dl Foltis Radu<\/p>\n<p>Avizele comisiilor sunt favorabile<\/p>\n<p>Dl Rus Dan\u00a0 \u2013 supune la vot proiectul de hotarare<\/p>\n<p>Cine este pentru?-\u00a0 17 voturi. Impotriv\u0103?- Nu sunt. Ab\u021bineri?-nu sunt<\/p>\n<p>Se adopta HCL nr.54 din\u00a0 29.05.2018<\/p>\n<p><strong>10. <\/strong>Informare privind raportul Curtii de Conturi urmare a actiunii de audit financiar, efectuat in perioada 26.02.2018-30.03.2018 la UAT oras Jibou.<\/p>\n<p>Dna Secretar- s-a depus contestati , este in analiza si vom primii un raspuns<\/p>\n<p>Dl Rus \u2013 eu vreau sa-mi trimiteti intreg raporul pe adresa de email<\/p>\n<p>Dl Telea care este perioada analizata?<\/p>\n<p>Dna secretar- 2016.2017<\/p>\n<p>Diferenta de valoare la teren , ce sa intamplat cu el , nu s-aq inregistrat in contabilitate?<\/p>\n<p>Dl Rus \u2013 fiecare compartiment sa dea un raspuns pentru sedinta urmatoarecu masurile care s-au luat in urma raportului curtii de conturi<\/p>\n<p><strong>11.<\/strong>\u00a0 Informare privind activitatea Poli\u021biei Locale.<\/p>\n<p>Dl Almas- de corturile din Cuceu ati gasit ceva ?<\/p>\n<p>Dl Talos- nu am gasit proprietarii si nu putem intra<\/p>\n<p>Dl Csatlos- daca exista hcl sa se parcheze inafara orasului de ce nu se parheaza<\/p>\n<p>Dl Talos- dansii cand vin sa ia copii sunt parcate alte autoturisme si trebuie sa ia copii din strada si este periculos<\/p>\n<p>Dl Telea am aprobat statiile de imbarcare debarcare,sa se urce de acolo.<\/p>\n<p>Dna Micle \u2013 autobuzul de la Aramis sunt adulti ?<\/p>\n<p>Dl Csatlos- ar fi binemarcate parcarile din fata bisericii reformate<\/p>\n<p>&nbsp;<\/p>\n<p>12.\u00a0 Diverse.<\/p>\n<p>Dna Micle \u2013 \u00a0s-au alocat bani pentru consultanta ce se intampla<\/p>\n<p>Dna Secretar \u2013s-a amanat pe 2 septembrie<\/p>\n<p>Dl Pintea \u2013 va invitam joi la activitatile dedicate zilei copiilor si pe 7 iunie la zilele gradinii botanice<\/p>\n<p>Dl Foltis- la asfatarea din Var este prinsa si portiunea care s-a surpat<\/p>\n<p>Dl Viceprimar \u2013 nu este in acest proiect<\/p>\n<p>Dna Indries- acum 2 ani s-a distribuit cetatenilor ca daca au de dus crengi vine primaria si le ia si ar trebui transmis sa nu si le mai adune in strada ca nu se iau.<\/p>\n<p>Dna Indries- daca tot e ziua copilului sa se vopseasaca fantana si sa se puna pastile<\/p>\n<p>Dl Viceprimar \u2013 vopseaua e comandata de o luna dar nu a venit inca<\/p>\n<p>Dna Indries- la drumurile vicinale s-a terminat intabularea?<\/p>\n<p>Dna Secretar- e pe rol<\/p>\n<p>Dl Tarba- vidanja primariei e folosita in scopuri personale, sa luati masuri<\/p>\n<p>Dl Tarba- cand incep asfaltarile pe capelete de strazi?<\/p>\n<p>Dl Viceprimar \u2013 trebuia sa inceapa de 3 saptamana dar nu au venit cu proiectul , dupa ce merge laInspectia de Stat se poate incepe.<\/p>\n<p>Dl Csatlos- cand incep pe str T. Vladimirewscu si Odorheiului<\/p>\n<p>Dl Viceprimar \u2013 au avut ceva probleme cu politia legat de semafoare dar s-a rezolvat<\/p>\n<p>Dl Almas- cand incepe asflatarea la Cuceu<\/p>\n<p>Dl Cotut- sper sa fie finalizat pana se termina mandatulul nostru\u00a0 de consilieri<\/p>\n<p>Dl Taran \u2013referitor la parcarea de la Gradina Botanca s-a propus sa\u00a0 se parcheze si in curtea scoli. Se poate deschide?<\/p>\n<p>Dl Csastlos- daca ne sprijina politia locala da.<\/p>\n<p>Dl Bujor- stiti ceva de canalizare?<\/p>\n<p>Dl Viceprimar\u00a0 pana in decembrie 2018 trebuie sa inceapa lucrarile\u00a0 pe proiect<\/p>\n<p>Dl Cotut \u2013 terenul de la castel s-a dat pentru \u00a0drum, s-a facut ceva acolo?<\/p>\n<p>Dl Viceprimar \u2013 este amenajat<\/p>\n<p>Dl Cotut- accesul e tot pe str Stejarilor?<\/p>\n<p>Dl Rus \u2013 presedinte de sedinta constata ca punctele de pe ordinea de zi s-au epuizat si declara sedinta inchisa.<\/p>\n<p>PRESEDINTE DE SEDINTA\u00a0\u00a0\u00a0\u00a0\u00a0\u00a0\u00a0\u00a0\u00a0\u00a0\u00a0\u00a0\u00a0\u00a0\u00a0\u00a0\u00a0\u00a0\u00a0\u00a0\u00a0\u00a0\u00a0\u00a0\u00a0\u00a0\u00a0\u00a0 \u00a0\u00a0\u00a0\u00a0 CONTRASEMNEAZA<\/p>\n<p>Rus Dan\u00a0\u00a0\u00a0 \u00a0\u00a0\u00a0\u00a0\u00a0\u00a0\u00a0\u00a0\u00a0\u00a0\u00a0\u00a0\u00a0\u00a0\u00a0\u00a0\u00a0\u00a0\u00a0\u00a0\u00a0\u00a0\u00a0\u00a0\u00a0\u00a0\u00a0\u00a0\u00a0\u00a0 \u00a0\u00a0\u00a0\u00a0\u00a0\u00a0\u00a0SECRETAR ORAS, OPRIS MARIA<\/td>\n<\/tr>\n<tr>\n<td bgcolor=\"#FEFEFE\" height=\"20\"><img decoding=\"async\" src=\"https:\/\/primariajibou.ro\/Images\/pixel.gif\" width=\"1\" height=\"1\" \/><\/td>\n<\/tr>\n<tr>\n<td bgcolor=\"#FEFEFE\" height=\"20\"><\/td>\n<\/tr>\n<\/tbody>\n<\/table>\n","protected":false},"excerpt":{"rendered":"<p>Procesul Verbal nr. 6 din 29.05.2018 PROCES VERBAL \u00cencheiat azi, 29 mai 2018 cu ocazia \u0219edin\u021bei ordinare a Consiliului Local Jibou CONSILIUL LOCAL AL ORA\u0218ULUI&#8230;<\/p>\n","protected":false},"author":1,"featured_media":0,"parent":0,"menu_order":0,"comment_status":"closed","ping_status":"closed","template":"","meta":{"footnotes":""},"class_list":["post-898","page","type-page","status-publish","hentry"],"_links":{"self":[{"href":"https:\/\/primariajibou.ro\/site\/wp-json\/wp\/v2\/pages\/898","targetHints":{"allow":["GET"]}}],"collection":[{"href":"https:\/\/primariajibou.ro\/site\/wp-json\/wp\/v2\/pages"}],"about":[{"href":"https:\/\/primariajibou.ro\/site\/wp-json\/wp\/v2\/types\/page"}],"author":[{"embeddable":true,"href":"https:\/\/primariajibou.ro\/site\/wp-json\/wp\/v2\/users\/1"}],"replies":[{"embeddable":true,"href":"https:\/\/primariajibou.ro\/site\/wp-json\/wp\/v2\/comments?post=898"}],"version-history":[{"count":0,"href":"https:\/\/primariajibou.ro\/site\/wp-json\/wp\/v2\/pages\/898\/revisions"}],"wp:attachment":[{"href":"https:\/\/primariajibou.ro\/site\/wp-json\/wp\/v2\/media?parent=898"}],"curies":[{"name":"wp","href":"https:\/\/api.w.org\/{rel}","templated":true}]}}