{"id":891,"date":"2018-09-19T08:48:48","date_gmt":"2018-09-19T06:48:48","guid":{"rendered":"https:\/\/primariajibou.ro\/site\/?page_id=891"},"modified":"2018-09-19T08:49:20","modified_gmt":"2018-09-19T06:49:20","slug":"pv-7-din-26-06-2018","status":"publish","type":"page","link":"https:\/\/primariajibou.ro\/site\/pv-7-din-26-06-2018\/","title":{"rendered":"PV 7 din 26.06.2018"},"content":{"rendered":"<table class=\"text\" border=\"0\" width=\"100%\" cellspacing=\"0\" cellpadding=\"0\">\n<tbody>\n<tr>\n<td class=\"text\"><span class=\"titlePag\">Procesul Verbal nr. 7 din 26.06.2018<br \/>\nPROCES VERBAL \u00cencheiat azi, 26 iunie 2018 cu ocazia \u0219edin\u021bei ordinare a Consiliului Local Jibou <\/span>CONSILIUL LOCAL AL ORA\u0218ULUI JIBOU<\/p>\n<p align=\"center\">PROCES VERBAL<\/p>\n<p align=\"center\">\u00cencheiat azi, 26 iunie 2018 cu ocazia \u0219edin\u021bei ordinare a Consiliului Local Jibou<\/p>\n<p>\u00a0\u00a0\u00a0\u00a0\u00a0\u00a0\u00a0\u00a0\u00a0 La lucr\u0103rile \u0219edintei ordinare a Consiliului Local al ora\u0219ului Jibou, din partea executivului Prim\u0103riei particip\u0103 urm\u0103torii: dl.Ghiurco Dan-primar, d-na Opri\u0219 Maria-secretar ora\u0219 \u0219i func\u021bionari din aparatul de specialitate.<\/p>\n<p>Convocarea consilierilor la lucr\u0103rile \u0219edin\u021bei s-a asigurat \u00een scris \u0219i prin e-mail \u00een ziua de 22.06.2018 cu precizarea datei, orei \u0219i a locului de desf\u0103surare a \u0219edin\u021bei.<\/p>\n<p>Precizez ca au fost convocati toti consilierii.<\/p>\n<p>Domnul consilier <strong>Foltis Radu <\/strong>&#8211; pre\u0219edinte de \u0219edin\u021b\u0103 constat\u0103 c\u0103 toti consilierii sunt prezenti<\/p>\n<p>Consilierii prezen\u021bi\u00a0 sunt :\u00a0 Bujor Ioan,\u00a0 Mure\u0219an Augustin,\u00a0 Stana Ioan, Folti\u0219 Radu, Indrie\u0219 Ana, \u021aelea Valentin, Csatlos \u0218andor, Alma\u0219 Ioan, Cotu\u021b\u00a0 \u0218tefan,\u00a0 Micle Corina, Petrean Doru, Taran Daniel, Pintea Victor, Coman Cristina,Tarba Andrei, Rus Dan,Sarkozi Dan<\/p>\n<p>Dna secretar constat\u0103\u00a0 prezen\u0163a \u0219i\u00a0 legalitatea constituirii \u0219edin\u021bei \u0219i\u00a0 supune spre aprobare procesul verbal din data de29.05.2018 si din \u00a0data de 08.06.2018 , men\u021bion\u00e2nd c\u0103 acestea pot fi consultat, de c\u0103tre cei interesa\u021bi la Compartimentul, Administra\u021bie public\u0103 local\u0103.<\/p>\n<p>Dac\u0103\u00a0 sunt discu\u021bii pe marginea proceselor verbal? -Nu sunt.<\/p>\n<p>Supun spre aprobare procesul verbal din data de 29.05.2018 .<\/p>\n<p>Cine este pentru?-\u00a0 17 voturi. Impotriv\u0103?- Nu sunt. Ab\u021bineri?-Nu sunt<\/p>\n<p>Supun spre aprobare procesul verbal din data de 08.06.2018<\/p>\n<p>Cine este pentru?-\u00a0 17 voturi. Impotriv\u0103?- Nu sunt. Ab\u021bineri?-Nu sunt<\/p>\n<p><strong>Dl Primar<\/strong> -in conformitate cu art.39 din Legea 215\/2001 legea administratiei publice locale republicata cu modificarile si completarile ulterioare, a fost convocata sedinta\u00a0 ordinara a Consiliului Local cu ordinea de zi de care ati luat act si care a fost discuta si ieri in comisiile de specialitate.<\/p>\n<p><strong>Dl Primar<\/strong>\u2013 supune la vot ordinea de zi.<\/p>\n<p>Cine este pentru?-\u00a0 17 voturi. Impotriv\u0103?- Nu sunt. Ab\u021bineri?-nu sunt<\/p>\n<p>Se supune la vot completarea ordinii de zi.<\/p>\n<p>Cine este pentru?-\u00a0 17 voturi. Impotriv\u0103?- Nu sunt. Ab\u021bineri?-nu sunt<\/p>\n<p><strong>Dl Foltis \u2013<\/strong>buna ziua si bine ati venit<\/p>\n<p>&nbsp;<\/p>\n<p align=\"center\">ORDINE\u00a0 DE ZI:<\/p>\n<p>1.Proiect de hotarare\u00a0 privind trecerea unor imobile din domeniul public al orasului Jibou si din administrarea Consiliului local Jibou, in domeniul public al Judetului Salaj si administrarea Consiliului Judetean Salaj.<\/p>\n<p>Dl Primar- prin Hotararea Consiliului Local \u00a0din luna ianuarie a fost schimbata destintia imobilului, prin Hotararea Consiliului Judetean din luna \u00a0mai ne solicita trecerea din domeniul public al orasului Jibou si din administrarea Consiliului local Jibou, in domeniul public al Judetului Salaj si administrarea Consiliului Judetean Salaj.<\/p>\n<p>Conform Legii nr.213 trecerea se face prin hotararea consiliului local<\/p>\n<p>Avizele comisiilor sunt favorabile<\/p>\n<p>Dl Folti\u0219 Radu\u00a0 \u2013 supune la vot proiectul de hotarare<\/p>\n<p>Cine este pentru?-\u00a0 17 voturi. Impotriv\u0103?- Nu sunt. Ab\u021bineri?-Nu sunt<\/p>\n<p>Se adopta HCL nr.59 din\u00a0 26.06.2018<\/p>\n<p>2.Proiect de hotarare privind aprobarea solicitarii de trecere a unor terenuri, situate in orasul Jibou, din domeniul public al Statului Roman, concesionate Companiei Nationale de cai ferate &#8222;CFR&#8222; SA, in domeniul public al\u00a0 orasului Jibou, judetul Salaj si administrarea Consiliului Local al orasului Jibou<\/p>\n<p>Dl Primar- solcitarea de trecere se refera la cele 5 loturi :la parc, dispensar, drumul care merge in Parcul Industrial, si str. Amurgului<\/p>\n<p>Dna Micle-se ia parcul cu aleea pana la drum?<\/p>\n<p>Dl Primar- asa am solicitat.<\/p>\n<p>Dna Indreies-poate ar mai trebui insistat pentru zona de la depou cantina care este o cladire mare si se poate amenaja o parcare, si zona de la autogara<\/p>\n<p>Dl Primar- ideea este buna, o parte e in zona de siguranta a CFR-ului, putem incerca<\/p>\n<p>Dna Ciascai- nu stim pe cine e intabulata<\/p>\n<p>Avizele comisiilor sunt favorabile<\/p>\n<p>Dl Folti\u0219 Radu\u00a0 \u2013 supune la vot proiectul de hotarare<\/p>\n<p>Cine este pentru?-\u00a0 17 voturi. Impotriv\u0103?- Nu sunt. Ab\u021bineri?-Nu sunt<\/p>\n<p>Se adopta HCL nr.60 din\u00a0 26.06.2018<\/p>\n<p>3. Proiect de hotarare privind inchirierea prin licitatie publica deschisa cu strigare a unei suprafete de\u00a0 4 mp, teren situat in loc. Cuceu.<\/p>\n<p>Dl Primar-RCS RDS ne solicita aceasta inchiriere pentru amplasare container care sa deserveasca satele Cuceu, Popeni si Mirsid. Locul de amplasare e in incinta scolii din Cuceu<\/p>\n<p>Avizele comisiilor sunt favorabile<\/p>\n<p>Dl Folti\u0219 Radu\u00a0 \u2013 supune la vot proiectul de hotarare<\/p>\n<p>Cine este pentru?-\u00a0 17 voturi. Impotriv\u0103?- Nu sunt. Ab\u021bineri?-Nu sunt<\/p>\n<p>Se adopta HCL nr.61 din\u00a0 26.06.2018.<\/p>\n<p>4. Proiect de hotarare privind aprobarea trecerii unor terenuri din propritatea Statului Roman\u00a0 in domeniul privat al orasului\u00a0 Jibou si administrarea Consiliului Local.<\/p>\n<p>dlPrimar- trebuie sa trecem de pe Statul Roman in domeniul privat al orasului Jibou imobilele de care ati luat act si desprr care am discutat in sedinta de comisii<\/p>\n<p>dna Indreies- nu am regasit aici cladirea de pe str. Libertatii<\/p>\n<p>dna Ciascai \u2013 este un litigiu acolo si nu se poate<\/p>\n<p>Avizele comisiilor sunt favorabile<\/p>\n<p>Dl Folti\u0219 Radu\u00a0 \u2013 supune la vot proiectul de hotarare<\/p>\n<p>Cine este pentru?-\u00a0 16 voturi. Impotriv\u0103?- Nu sunt. Ab\u021bineri?-1 Petrean Doru<\/p>\n<p>Dl Petrean Doru se abtine de la vot deoarece are interes patrimonial in aplicarea hotararii.<\/p>\n<p>Se adopta HCL nr.62 din\u00a0 26.06.2018.<\/p>\n<p>5. Proiect de hotarare privind rectificarea bugetului pe anul 2018 pentru asigurarea salariilor personalului medical.<\/p>\n<p>Dl Primar \u2013 aceste sume sunt necesare pentru \u00a0plata salarilor medicilor si asistentilor<\/p>\n<p>Avizele comisiilor sunt favorabile<\/p>\n<p>Dl Folti\u0219 Radu\u00a0 \u2013 supune la vot proiectul de hotarare<\/p>\n<p>Cine este pentru?-\u00a0 17 voturi. Impotriv\u0103?- Nu sunt. Ab\u021bineri?-Nu sunt<\/p>\n<p>Se adopta HCL nr.63 din\u00a0 26.06.2018.<\/p>\n<p>6. Proiect de hotarare privind rectificarea bugetului pe anul 2018 cu suma de 300,00 mii lei din excedentul anului anterior pentru finantarea investitii .<\/p>\n<p>Dl Primar \u2013 aceasta suma este pentru \u00a0sala de sport, bazin de inot , str Libertatii si str. Spitalului si avem nevoie de aceste fonduri.<\/p>\n<p>Dl Tarba \u2013 str. Libertatii nu este prioritara pentru ca este in stare buna<\/p>\n<p>Dl Primar- noi dorim sa obtim o finantare dar trebuie sa avem prregatit proiectul<\/p>\n<p>Dl Bujor- str. Libertatii a fost asfaltata de trei ori pana acuma,trebuie incercat sa se faca cum trebuie<\/p>\n<p>Dna Indries- sa luam in considerare ca nu mai avem trafic greu<\/p>\n<p>Dl Primar- drumul cedeaza si fara trafic greu datorita infiltratiilor<\/p>\n<p>Dl Stana \u2013 avand in vedere ca locuiesc pe str. Libertatii vreau sa va spun ca s-a gresit cand s-a facut drumul pentru ca nu avem unde sa parcam masinile. Avand in vedere ca asigurati parcarea la blocuri ar fi bine sa incercati si acolo<\/p>\n<p>Dl Tarba \u2013 parerea mea este ca\u00a0 str Trandafirilor e mai prioritara<\/p>\n<p>Dl Primar- modul in care au fost propuse investitiile e dupa cum sunt prioritare si dupa cum sunt facute canalizarile. Nu putem sa facem modernizari decat in momentul in care\u00a0 sunt facute canalizarile<\/p>\n<p>Dna Micle- e foarte important ca arterele principare sa fie aranjate<\/p>\n<p>Dna Micle- faceti o adresa pentru trecerile de pietoni la cei de la drumuri<\/p>\n<p>Avizele comisiilor sunt favorabile<\/p>\n<p>Dl Folti\u0219 Radu\u00a0 \u2013 supune la vot proiectul de hotarare<\/p>\n<p>Cine este pentru?-\u00a0 17 voturi. Impotriv\u0103?- Nu sunt. Ab\u021bineri?-Nu sunt<\/p>\n<p>Se adopta HCL nr.64 din\u00a0 26.06.2018.<\/p>\n<p>7. Proiect de hotarare privind alocarea unor sume cultelor religioase din raza UAT Jibou.<\/p>\n<p>Primar- potrivit og 82 am aprobat sumele cu amenadamntul ca s ase ia de pa protopoiat sa se dea l biserica 1<\/p>\n<p>Dl Almas- pentru capela de la Var suma este prea mica<\/p>\n<p>Dna Indries- sustin proiectul de la biserica 1 si proiectul de la Var, dar nu cred ca schimbarea tablei de la catedrala este prioritara. As avea o rugaminte ca anul viitor sa vedem si din partea lor un interes pentru toti oamenii.<\/p>\n<p>Dl Pintea citeste alocarea sumelor la fiecare biserica in parte<\/p>\n<p>Dl Bujor- sustin ideea dnei Indries pentru aranjarea aleii din cimitir<\/p>\n<p>Avizele comisiilor sunt favorabile<\/p>\n<p>Dl Folti\u0219 Radu\u00a0 \u2013 supune la vot proiectul de hotarare<\/p>\n<p>Cine este pentru?-\u00a0 17 voturi. Impotriv\u0103?- Nu sunt. Ab\u021bineri?-Nu sunt<\/p>\n<p>Se adopta HCL nr.65 din\u00a0 26.06.2018.<\/p>\n<p>8. Proiect de hotarare privind\u00a0 alocarea de fonduri pentru\u00a0 Festivalul\u00a0 International de Folclor \u2018\u2019SOMES CANTECELE TALE \u201d.<\/p>\n<p>Dl Pintea \u2013cultura e cea care ma ajuta sa raman om. Festivalul nostru este la cea de-a 32 editie si este dedicata centnarului marii uniri. Aducem si formatii noi din Israel,Slovacia Spania, Ucraina,judetul Olt, Satu Mare,Maramurea,Alba,Cluj,Salaj,Suceava, Dambovita. Va lansez invitatie sa fiti cu totii prezenti daca este posibil .<\/p>\n<p>Avizele comisiilor sunt favorabile<\/p>\n<p>Dl Folti\u0219 Radu\u00a0 \u2013 supune la vot proiectul de hotarare<\/p>\n<p>Cine este pentru?-\u00a0 17 voturi. Impotriv\u0103?- Nu sunt. Ab\u021bineri?-Nu sunt<\/p>\n<p>Se adopta HCL nr.66 din\u00a0 26.06.2018.<\/p>\n<p>9. Proiect de hotarare privind virari\u00a0 de credite bugetare de la un capitol la alt capitol bugetar.<\/p>\n<p>Avizele comisiilor sunt favorabile<\/p>\n<p>Dl Folti\u0219 Radu\u00a0 \u2013 supune la vot proiectul de hotarare<\/p>\n<p>Cine este pentru?-\u00a0 17 voturi. Impotriv\u0103?- Nu sunt. Ab\u021bineri?-Nu sunt<\/p>\n<p>Se adopta HCL nr.67 din\u00a0 26.06.2018.<\/p>\n<p>10. Proiect de hotarare privind modificarea art 3 din HCl 126\/26.09.2017 privind valorificarea masei lemnoase.<\/p>\n<p>Dl Almas- as\u00a0 venii cu o propunere pentru o familie nevoiasa din Cuceu<\/p>\n<p>Avizele comisiilor sunt favorabile<\/p>\n<p>Dl Folti\u0219 Radu\u00a0 \u2013 supune la vot proiectul de hotarare<\/p>\n<p>Cine este pentru?-\u00a0 17 voturi. Impotriv\u0103?- Nu sunt. Ab\u021bineri?-Nu sunt<\/p>\n<p>Se adopta HCL nr.68 din\u00a0 26.06.2018.<\/p>\n<p>11.Proiect de hotarare\u00a0 privind aprobarea unui protocol de colaborarea intre Compania de apa Sucursala Zalau si Primaria orasului Jibou.<\/p>\n<p>Avizele comisiilor sunt favorabile<\/p>\n<p>Dl Folti\u0219 Radu\u00a0 \u2013 supune la vot proiectul de hotarare<\/p>\n<p>Cine este pentru?-\u00a0 17 voturi. Impotriv\u0103?- Nu sunt. Ab\u021bineri?-Nu sunt<\/p>\n<p>Se adopta HCL nr.69 din\u00a0 26.06.2018.<\/p>\n<p>12<strong>. <\/strong>Proiect de hot\u0103r\u00e2re privind aprobarea investitiei &#8222;MODERNIZARE SI EXTINDERE GRADINITA CU PROGRAM PRELUNGIT PRICHINDEL JIBOU&#8222; si aprobarea indicatorilor tehnico economici.<\/p>\n<p>Avizele comisiilor sunt favorabile<\/p>\n<p>Dl Folti\u0219 Radu\u00a0 \u2013 supune la vot proiectul de hotarare<\/p>\n<p>Cine este pentru?-\u00a0 17 voturi. Impotriv\u0103?- Nu sunt. Ab\u021bineri?-Nu sunt<\/p>\n<p>Se adopta HCL nr.70 din\u00a0 26.06.2018.<\/p>\n<p>13. Proiect de hot\u0103r\u00e2re privind\u00a0 aprobarea investitiei &#8222;REABILITAREA SI MODERNIZAREA STRAZILOR LIBERTATII SI SPITALULUI DIN JIBOU JUDETUL SALAJ &#8222; si aprobarea indicatorilor tehnico economici.<\/p>\n<p>Avizele comisiilor sunt favorabile<\/p>\n<p>Dl Folti\u0219 Radu\u00a0 \u2013 supune la vot proiectul de hotarare<\/p>\n<p>Cine este pentru?-\u00a0 17 voturi. Impotriv\u0103?- Nu sunt. Ab\u021bineri?-Nu sunt<\/p>\n<p>Se adopta HCL nr.71 din\u00a0 26.06.2018.<\/p>\n<p>14.Proiect de hotarare privind acordarea Titlului de Cetatean de Onoare al orasului Jibou<\/p>\n<p>domnului Cosmin Ionel Sicora<\/p>\n<p>Dl Primar daca toti sunteti de acord mergem pe vot deschis<\/p>\n<p>Dl Csatlos- unde este cadrul de inmare?<\/p>\n<p>Dl Primar \u2013 pe scena in cadrul festivalului Somes Cantecele Tale<\/p>\n<p>Avizele comisiilor sunt favorabile<\/p>\n<p>Dl Folti\u0219 Radu\u00a0 \u2013 supune la vot proiectul de hotarare<\/p>\n<p>Cine este pentru?-\u00a0 17 voturi. Impotriv\u0103?- Nu sunt. Ab\u021bineri?-Nu sunt<\/p>\n<p>Se adopta HCL nr.72 din\u00a0 26.06.2018.<\/p>\n<p>15.Proiect de hotarare privind acordarea Titlului de Cetatean de Onoare al orasului Jibou<\/p>\n<p>domnului Radu Serban.<\/p>\n<p>Dl Cotut- ma bucur ca este propus dl Radu Serban la propunerea mea . Este o persoana foarte serioasa si sper ca acel ajutor financiar pentr Arta in gradina sa mearga mai departe<\/p>\n<p>Dl Pintea consider ca cele doua personalitati sunt valori ale orasului Jibou si a\u00a0 judetului Salaj. Sunt adevarati ambasadori ai judetului. Trebuie sa-ii apreciem si sa nu-i uitam.<\/p>\n<p>In luna septembrie se vor implini 50 de ani de la infiintarea Gradinii Botanice Jibou.<\/p>\n<p>Dna Coman- ei stiu ca vor fi numiti?<\/p>\n<p>Dna secretar- da stiu<\/p>\n<p>Dl Bujor- cati cetateni de onoare sunt la nivelul orasului Jibou<\/p>\n<p>Dna Indries- ar fi bine sa avem in primarie un tablou cu poze si nume a cetatenilor de onoare<\/p>\n<p>Avizele comisiilor sunt favorabile<\/p>\n<p>Dl Folti\u0219 Radu\u00a0 \u2013 supune la vot proiectul de hotarare<\/p>\n<p>Cine este pentru?-\u00a0 17 voturi. Impotriv\u0103?- Nu sunt. Ab\u021bineri?-Nu sunt<\/p>\n<p>Se adopta HCL nr.73 din\u00a0 26.06.2018.<\/p>\n<p>16. Proiect de hotarare privind alegerea presedintelui de sedinta pentru luna iulie 2018.<\/p>\n<p>Dl Muresan o propune pe dna Indreies Ana Claudia<\/p>\n<p>Avizele comisiilor sunt favorabile<\/p>\n<p>Dl Folti\u0219 Radu\u00a0 \u2013 supune la vot proiectul de hotarare<\/p>\n<p>Cine este pentru?-\u00a0 17 voturi. Impotriv\u0103?- Nu sunt. Ab\u021bineri?-Nu sunt<\/p>\n<p>Se adopta HCL nr.74 din\u00a0 26.06.2018.<\/p>\n<p>17.\u00a0 Informare privind activitatea Poli\u021biei Locale.<\/p>\n<p>Dna Indries- pe str. 1 Mai unde s-a inchiriat pentru rosii si legume s-a inchiriat tot trotuarului?<\/p>\n<p>Dl Talos- nu<\/p>\n<p>Dna Indries \u2013dl m-a amenintat pentru ca am parcat masina in fata lui<\/p>\n<p>Dna Micle- pe str Traian langa casa familiei Balog care este abandonata\u00a0 se perindau ai multi cetateni de etnie rroma,ar fi bines a verificati.<\/p>\n<p>Dl Almas \u2013 ati dat aprobare persoanelor de etnie rroma care fac cazane sa vina la Cuceu pentru ca ei asta spun?<\/p>\n<p>Dl Primar- nu<\/p>\n<p>Dl Taran \u2013 pe str. Salcamilor sunt multi caini si nu mai poti sa iesi \u00a0pe strada<\/p>\n<p>Dl Talos- nu-i putem lua noi<\/p>\n<p>Dl Taran daca vor sa-i tina sa-i tina in curte<\/p>\n<p>Dl Muresan \u2013 avem centru frumos dar sunt multi cetateni care arunca mizerie mananca seminte si nu poti sa treci de ei pe strada va rog sa luati masuri ca e pacat<\/p>\n<p>18.\u00a0 Diverse.<\/p>\n<p>Dna Micle- felicitari pentru modul in care arata orasul, florile sunt frumoase si ingrijite si daca \u00a0mai este cate o buruiana nu trebui sa facem observatii.<\/p>\n<p>-Sa dati amenzi la cei care fac mizerie si manaca seminte, indiferent de cine este el sau parintele lui.<\/p>\n<p>Dl Pintea- se fac eforturi remarcabile pentru pastrarea curateniei, si e pacat de munca unor oameni si ca isi bat joc de lucrul altuia.<\/p>\n<p>Dna Indries \u2013 urcarea in Parcul Industrial din partea cealata sa se renoveze mai ales la trecerea de la calea ferata<\/p>\n<p>-cand incep lucrarile la blocurile O1 si O2?<\/p>\n<p>Dl Primar- ieri am ma\u00a0 cerut clarificari , a transmis proiectantul datele solicitate<\/p>\n<p>Dna indries &#8211; pe str 1 Mai au iesit buruieni prin pavaje si ar trebui ierbicidat<\/p>\n<p>&#8211; la Cafe Lux se puteam turna mai aproape betonul de capacele de canalizare pentru ca \u00a0vede urat<\/p>\n<p>Dl Telea- in Rona drumul care duce in sat ,este o \u00a0curba care este foarte stramta \u00a0si ar fi bine daca s-ar putea largii<\/p>\n<p>Dl Primar- am stabilit ce facem acolo in Rona vom face canalizarea pluviala si va veni un zid de sprijin care va consolida drumul si atunci vom largi si drumul<\/p>\n<p>Dna secretar- dl consilier \u00a0Tarba a depus un proiect de hotarare si expunere de motive, ca din luna august sa se puna pe site-ul primariei toate facturile. Din 25 mai a intrat in vigoare legea \u00a0privind protectia dateler.<\/p>\n<p>Citeste legea 544 art. 5\u00a0 si Legea 98 achizitii publice<\/p>\n<p>Dna Secretar sunt studenti , persoane care ne solicita date si noi le dam<\/p>\n<p>Dl Tarba \u2013 dosarul de achizitie publica este informatie publica<\/p>\n<p>dl Tarba \u2013 nu exista nici un fel de incalcare a legii<\/p>\n<p>dl Tarba \u2013 daca ar fi legala ati de acord?<\/p>\n<p>Dna Micle- nu inteleg care este rationamentul<\/p>\n<p>Dl\u00a0 Tarba \u2013 sa se vada cum se chltuieste banul public<\/p>\n<p>s-au cumparat 3 imprimante multifunctionale si nu inteleg la ce era nevoie de 3 si de ce s-au cheltuit atatia bani . Se gaseau si mai ieftine<\/p>\n<p>dl Primar \u2013 sunt cumparate \u00a0pe proiecte POCU sunt din fondurile lor si ei au impus dotarile<\/p>\n<p>dl Tarba \u2013 de ce sunt pe SEAP, cine le-a achizitionat?\u00a0 tocmai de aici a venit \u00a0idea de a posta facturile , de ce vreti sa ascundem de oameni astea?<\/p>\n<p>Dl Primar \u2013 nu vrem sa ascundem<\/p>\n<p>Dna Indries- ar fi trebuit sa o puneti pe ordinea de zi , daca o adoptam spuneau\u00a0 cei de la prefectura daca este sau nu legala.<\/p>\n<p>Dl Pintea \u2013 acces la actele contabile le au organele abilitate si pot fi puse la dispozitia cetateanului la cerere<\/p>\n<p>Dl Tarba \u2013 de 1 iunie am avut un invitat ca Axinte si o sa va dau cateva extrase din text care dovedesc ca banii pentru \u00a0ziua copilului au fost bani aruncati.<\/p>\n<p>Dl Tarba citeste<\/p>\n<p>Dl Csatlos \u2013 in ultima sedinta au fost doamnele din proiecte si la o urmatoare intalnire mi-au spus ca simt o reticienta din partea cetatenilor si ne solicita ajutor. Sunt oportunitati pe care ar fi pacat sa le pierdem .<\/p>\n<p>dl Almas \u2013 i-am informat pe cetateni , si cetatenii sunt foarte multumiti de lucrarile care sau facut acolo. As vrea sa va rog sa ma anuntati si pe mine cand se fac lucrari acolo.Un domn consilier de la Dobin doreste sa unim cele 2 drumuri<\/p>\n<p>dl Cotut sunt drumuri care au fost asfaltate si nu sa facut fundatii\u00a0 dorim sa vedm cine a facut receptia .<\/p>\n<ul>\n<li>Sa nu uitati sa reparati traversarile<\/li>\n<\/ul>\n<p>Dl Tarba \u2013 cu capetele de strazi cum stam?<\/p>\n<p>Dl Primar \u2013 in momentul in care termina de asfaltat\u00a0 pe sate, vin in Jibou si Var<\/p>\n<p>Dl Pintea \u2013 azi sunem la jumatatea mandatului<\/p>\n<p>Dl Folti\u0219 Radu\u00a0 presedinte de sedinta , constata ca punctele de pe ordinea de zi s-au epuizat si declara sedinta inchisa<\/p>\n<p>PRESEDINTE DE SEDINTA\u00a0\u00a0\u00a0\u00a0\u00a0\u00a0\u00a0\u00a0\u00a0\u00a0\u00a0\u00a0\u00a0\u00a0\u00a0\u00a0\u00a0\u00a0\u00a0\u00a0\u00a0\u00a0\u00a0\u00a0\u00a0\u00a0\u00a0\u00a0\u00a0\u00a0\u00a0\u00a0\u00a0\u00a0\u00a0\u00a0\u00a0\u00a0 \u00a0\u00a0\u00a0\u00a0\u00a0\u00a0\u00a0\u00a0 CONTRASEMNEAZA<\/p>\n<p>FOLTIS\u00a0 RADU\u00a0\u00a0\u00a0\u00a0\u00a0\u00a0\u00a0\u00a0\u00a0\u00a0\u00a0\u00a0\u00a0\u00a0\u00a0\u00a0\u00a0\u00a0\u00a0\u00a0\u00a0\u00a0\u00a0\u00a0\u00a0\u00a0\u00a0\u00a0\u00a0\u00a0\u00a0\u00a0\u00a0\u00a0\u00a0\u00a0\u00a0\u00a0\u00a0\u00a0\u00a0\u00a0\u00a0\u00a0\u00a0\u00a0\u00a0\u00a0\u00a0\u00a0 \u00a0\u00a0\u00a0\u00a0\u00a0\u00a0\u00a0\u00a0 SECRETAR ORAS, \u00a0\u00a0\u00a0\u00a0\u00a0\u00a0\u00a0\u00a0\u00a0\u00a0\u00a0\u00a0\u00a0\u00a0\u00a0\u00a0\u00a0\u00a0\u00a0\u00a0\u00a0\u00a0\u00a0\u00a0\u00a0\u00a0\u00a0\u00a0\u00a0\u00a0\u00a0\u00a0\u00a0\u00a0\u00a0\u00a0\u00a0\u00a0\u00a0\u00a0\u00a0\u00a0\u00a0\u00a0\u00a0\u00a0\u00a0\u00a0\u00a0\u00a0\u00a0\u00a0\u00a0\u00a0\u00a0\u00a0\u00a0\u00a0\u00a0\u00a0\u00a0\u00a0\u00a0\u00a0\u00a0\u00a0\u00a0\u00a0\u00a0\u00a0\u00a0\u00a0\u00a0\u00a0\u00a0\u00a0\u00a0\u00a0\u00a0\u00a0\u00a0\u00a0\u00a0\u00a0\u00a0\u00a0\u00a0\u00a0 \u00a0\u00a0\u00a0\u00a0\u00a0\u00a0\u00a0\u00a0\u00a0\u00a0\u00a0\u00a0\u00a0\u00a0\u00a0OPRIS MARIA<\/td>\n<\/tr>\n<tr>\n<td bgcolor=\"#FEFEFE\" height=\"20\"><img decoding=\"async\" src=\"https:\/\/primariajibou.ro\/Images\/pixel.gif\" width=\"1\" height=\"1\" \/><\/td>\n<\/tr>\n<tr>\n<td bgcolor=\"#FEFEFE\" height=\"20\"><\/td>\n<\/tr>\n<\/tbody>\n<\/table>\n","protected":false},"excerpt":{"rendered":"<p>Procesul Verbal nr. 7 din 26.06.2018 PROCES VERBAL \u00cencheiat azi, 26 iunie 2018 cu ocazia \u0219edin\u021bei ordinare a Consiliului Local Jibou CONSILIUL LOCAL AL ORA\u0218ULUI&#8230;<\/p>\n","protected":false},"author":1,"featured_media":0,"parent":0,"menu_order":0,"comment_status":"closed","ping_status":"closed","template":"","meta":{"footnotes":""},"class_list":["post-891","page","type-page","status-publish","hentry"],"_links":{"self":[{"href":"https:\/\/primariajibou.ro\/site\/wp-json\/wp\/v2\/pages\/891","targetHints":{"allow":["GET"]}}],"collection":[{"href":"https:\/\/primariajibou.ro\/site\/wp-json\/wp\/v2\/pages"}],"about":[{"href":"https:\/\/primariajibou.ro\/site\/wp-json\/wp\/v2\/types\/page"}],"author":[{"embeddable":true,"href":"https:\/\/primariajibou.ro\/site\/wp-json\/wp\/v2\/users\/1"}],"replies":[{"embeddable":true,"href":"https:\/\/primariajibou.ro\/site\/wp-json\/wp\/v2\/comments?post=891"}],"version-history":[{"count":0,"href":"https:\/\/primariajibou.ro\/site\/wp-json\/wp\/v2\/pages\/891\/revisions"}],"wp:attachment":[{"href":"https:\/\/primariajibou.ro\/site\/wp-json\/wp\/v2\/media?parent=891"}],"curies":[{"name":"wp","href":"https:\/\/api.w.org\/{rel}","templated":true}]}}