{"id":866,"date":"2018-09-19T08:13:21","date_gmt":"2018-09-19T06:13:21","guid":{"rendered":"https:\/\/primariajibou.ro\/site\/?page_id=866"},"modified":"2018-09-19T08:14:04","modified_gmt":"2018-09-19T06:14:04","slug":"pv-8-din-12-07-2018","status":"publish","type":"page","link":"https:\/\/primariajibou.ro\/site\/pv-8-din-12-07-2018\/","title":{"rendered":"PV 8 din 12.07.2018"},"content":{"rendered":"<table class=\"text\" border=\"0\" width=\"100%\" cellspacing=\"0\" cellpadding=\"0\">\n<tbody>\n<tr>\n<td class=\"text\"><span class=\"titlePag\">Procesul Verbal nr. 8 din 12.07.2018<br \/>\nPROCES VERBAL \u00cencheiat azi, 12.07.2018 cu ocazia \u0219edin\u021bei extraordinare a Consiliului Local Jibou <\/span>CONSILIUL LOCAL AL ORA\u0218ULUI JIBOU<\/p>\n<p align=\"center\">PROCES VERBAL<\/p>\n<p align=\"center\">\u00cencheiat azi, 12.07.2018 cu ocazia \u0219edin\u021bei extraordinare a Consiliului Local Jibou<\/p>\n<p>La lucr\u0103rile \u0219edintei extraordinare a Consiliului Local al ora\u0219ului Jibou, din partea executivului Prim\u0103riei particip\u0103 urm\u0103torii: dl.Ghiurco Dan-primar, dl.Sarkozi Paul-viceprimar d-na Opri\u0219 Maria-secretar ora\u0219 \u0219i func\u021bionari din aparatul de specialitate.<\/p>\n<p>Convocarea consilierilor la lucr\u0103rile \u0219edin\u021bei s-a asigurat \u00een scris \u0219i prin e-mail \u00een ziua de 09.07.2018 cu precizarea datei, orei \u0219i a locului de desf\u0103surare a \u0219edin\u021bei.<\/p>\n<p>Precizez ca au fost convocati toti consilierii.<\/p>\n<p>Doamna consilier Indreies Ana Claudia -pre\u0219edinte de \u0219edin\u021b\u0103 constat\u0103 c\u0103 din cei 17 consilieri sunt prezenti\u00a0 13\u00a0 si\u00a0 declar\u0103 deschise lucr\u0103rile \u0219edin\u021bei.<\/p>\n<p>Consilierii prezen\u021bi\u00a0 sunt : Mure\u0219an Augustin,\u00a0 Folti\u0219 Radu, Indrie\u0219 Ana ,\u021aelea Valentin, Csatlos \u0218andor, Alma\u0219 Ioan,\u00a0 Micle Corina, Taran Daniel, Pintea Victor,\u00a0 Cotut Stefan,Petrean Doru, Stana Ioan, Sarkozi Paul- viceprimar<\/p>\n<p>Lipsesc domnii consilieri: , dl Bujor Ioan, Tarba Andrei, Coman Cristina, Rus Dan<\/p>\n<p>Dna secretar constat\u0103\u00a0 prezen\u0163a \u0219i\u00a0 legalitatea constituirii \u0219edin\u021bei<\/p>\n<p><strong>Dl Primar<\/strong> -in conformitate cu art.39 alin 2 din Legea 215\/2001 legea administratiei publice locale republicata cu modificarile si completarile ulterioare, a fost convocata sedinta\u00a0 extraordinara a Consiliului Local cu ordinea de zi de care ati luat act. Daca la ordinea de zi pe care ati primit-o mai aveti de facut complet\u0103ri sau modificari?- Nu sunt.<\/p>\n<p>Supun spre aprobare ordinea de zi.<\/p>\n<p>Cine este pentru?- 13 voturi. Impotriv\u0103?- Nu sunt. Ab\u021bineri?-Nu sunt<\/p>\n<p>&nbsp;<\/p>\n<p align=\"center\">ORDINE\u00a0 DE ZI:<\/p>\n<p>1.Proiect de hotarare privind aprobarea suplimentarii de fonduri pentru investitia &#8222;Reabilitare si modernizarea strazilor T. Vladimirescu si Odorheiului&#8222;<\/p>\n<p>Dl Primar-dupa nenumarate incercari nu am reusit sa ajungem la&#8230;&#8230;&#8230;&#8230;&#8230;..<\/p>\n<p>si am ajuns la solutia ca la drumul de centura cu dorosol. Aceasta lucrare nu era prevazuta in proiect si in caietul de sarcini. Am cerut oferte insa in final oferta cea mai buna a venit tot de la constructor de 20,19 lei pe mp.<\/p>\n<p>Dl Petrean \u2013 cand faci reabilitari pe drum exiztent nu stii la ce sa te astepti.<\/p>\n<p>Dl Primar \u2013 noi am ales solutia cea mai grea sa excavam pentruca era mult mai simplu sa facem o suprainaltare<\/p>\n<p>Dna indries- este obligatorie interventia asta si la str Libertatii trebuie sa faceti asta<\/p>\n<p>Dna Pop-este cuprinsa \u00a0imbunatatirea terenului cu blocaj de piatra,dar nu areusit, nu ne-am putut imagina ca este asa de prost<\/p>\n<p>Avizele comisiilor sunt favorabile<\/p>\n<p>Dna Indreies Ana\u00a0 \u2013 supune la vot proiectul de hotarare<\/p>\n<p>Cine este pentru?-\u00a0 13 voturi. Impotriv\u0103?- Nu sunt. Ab\u021bineri?-Nu sunt<\/p>\n<p>Se adopta HCL nr.75 \u00a0din\u00a0 12.07.2018<\/p>\n<p>2.Proiect de hotarare privind necesitatea si oportunitatea aprobarii\u00a0 investitiei\u00a0 &#8222;Proiectare si executie puncte subterane de colectare a deseurilor menajare&#8222;<\/p>\n<p>Dl Primar \u2013in ianuarie cand am aprobatat lista de investiitii am aprobat aceasta investitie si am alocat suma de 400mii lei.Noi trebuie sa avem o hotarare strict pe aceasta investitie, cu precizarea ca se vor amplasa pe aceleasi locatii.<\/p>\n<p>Avizele comisiilor sunt favorabile<\/p>\n<p>Dna Indreies Ana\u00a0 \u2013 supune la vot proiectul de hotarare<\/p>\n<p>Cine este pentru?-\u00a0 13 voturi. Impotriv\u0103?- Nu sunt. Ab\u021bineri?-Nu sunt<\/p>\n<p>Se adopta HCL nr.76 din\u00a0 12.07.2018<\/p>\n<p>3. Proiect de\u00a0 hot\u0103r\u00e2re privind\u00a0 modificarea HCL nr. 192\/29.12.2017 prin\u00a0 trecerea unor bunuri din domeniul public al orasului Jibou si administrarea Consiliului Local Jibou in domeniul privat al orasului Jibou si administrarea Consiliului Local Jibou.<\/p>\n<p>Dl primar -aceste bunuri care dorim sa le trecem din domeniul public in privat \u00a0au si suprafete de pamant<\/p>\n<p>Avizele comisiilor sunt favorabile<\/p>\n<p>Dna Indreies Ana\u00a0 \u2013 supune la vot proiectul de hotarare<\/p>\n<p>Cine este pentru?-\u00a0 13 voturi. Impotriv\u0103?- Nu sunt. Ab\u021bineri?-Nu sunt<\/p>\n<p>Se adopta HCL nr. 77 din\u00a0 12.07.2018<\/p>\n<p>4. Proiect de hotarare privind casarea unor bunuri apartinand domeniului privat al orasului Jibou si administrarea Consiliului Local Jibou<\/p>\n<p>Dna Indreies Ana\u00a0 &#8211; intrebari?<\/p>\n<p>Avizele comisiilor sunt favorabile<\/p>\n<p>Dna Indreies Ana\u00a0 \u2013 supune la vot proiectul de hotarare<\/p>\n<p>Cine este pentru?-\u00a0 13 voturi. Impotriv\u0103?- Nu sunt. Ab\u021bineri?-Nu sunt<\/p>\n<p>Se adopta HCL nr. 78 din\u00a0 12.07.2018<\/p>\n<p>&nbsp;<\/p>\n<p>5.Proiect de hotarare privind aprobarea acordului de cooperare pentru dezvoltarea formarilor tehnice si profesionale in sectorul industrial din judetul Salaj<\/p>\n<p>Dl Primar- prin acest acord de cooperare orasul Jibou isi asuma obligatii care sunt cuprinse in acordul pe care l-ati primit. Nu sunt unitati economice din orasul Jibou incluse in acest parteneriat dar vor fi.<\/p>\n<p>Dl Csatlos- este o initiativa a Consiliului Judetean pentru dezvoltarea invatamantului dual, in sensul ca implica mult mai mult agentul economic,practica se se afce la locul de munca unde agentul economic il pregateste pentru postul care doreste. Acest sistem a functionat in cateva localitati, in Salaj nu a existat dar se doreste implementarea acestui program.<\/p>\n<p>Dna\u00a0 Indries- dup rezultatele de la bacalaureat eu cred ca este o\u00a0 idee buna<\/p>\n<p>Dna Indreies Ana\u00a0 &#8211; intrebari?<\/p>\n<p>Avizele comisiilor sunt favorabile<\/p>\n<p>Dna Indreies Ana\u00a0 \u2013 supune la vot proiectul de hotarare<\/p>\n<p>Cine este pentru?-\u00a0 13 voturi. Impotriv\u0103?- Nu sunt. Ab\u021bineri?-Nu sunt<\/p>\n<p>Se adopta HCL nr. 79 din\u00a0 12.07.2018<\/p>\n<p>6. Proiect de hotarare privind achizitionarea unor servicii de consultanta -reprezentare\/asistenta juridica.<\/p>\n<p>Dna Secretar \u2013 s-a emis decizia curtii de conturi si este necesar sa recuperam sumele<\/p>\n<p>Dl Primar- nu vrem sa mai fim in situatia in care suntem acuma, de ani de zile sunt sume mari nerecuperate<\/p>\n<p>Secretar- avem nevoie de un ajutor specializat<\/p>\n<p>Dl Almas- nu iti garanteaza nimeni\u00a0 ca se castiga<\/p>\n<p>Dna Indreies Ana\u00a0 &#8211; intrebari?<\/p>\n<p>Avizele comisiilor sunt favorabile<\/p>\n<p>Dna Indreies Ana\u00a0 \u2013 supune la vot proiectul de hotarare<\/p>\n<p>Cine este pentru?-\u00a0 13 voturi. Impotriv\u0103?- Nu sunt. Ab\u021bineri?-Nu sunt<\/p>\n<p>Se adopta HCL nr.80 din\u00a0 12.07.2018<\/p>\n<p>Dna Indreies Ana Claudia\u00a0 presedinta de sedinta , constata ca punctele de pe ordinea de zi s-au epuizat si declara sedinta inchisa.<\/p>\n<p>&nbsp;<\/p>\n<p>PRESEDINTE DE SEDINTA\u00a0\u00a0\u00a0\u00a0\u00a0\u00a0\u00a0\u00a0\u00a0\u00a0\u00a0\u00a0\u00a0\u00a0\u00a0\u00a0\u00a0\u00a0\u00a0\u00a0\u00a0\u00a0\u00a0\u00a0\u00a0\u00a0\u00a0\u00a0\u00a0\u00a0\u00a0\u00a0\u00a0\u00a0 \u00a0\u00a0 \u00a0\u00a0\u00a0\u00a0\u00a0\u00a0CONTRASEMNEAZA<\/p>\n<p>INDREIES ANA CLAUDIA\u00a0\u00a0\u00a0 \u00a0\u00a0\u00a0\u00a0\u00a0\u00a0\u00a0\u00a0\u00a0\u00a0\u00a0\u00a0\u00a0\u00a0\u00a0\u00a0\u00a0\u00a0\u00a0\u00a0\u00a0\u00a0\u00a0\u00a0\u00a0\u00a0\u00a0\u00a0\u00a0\u00a0\u00a0\u00a0 SECRETAR ORAS, OPRIS MARIA<\/td>\n<\/tr>\n<tr>\n<td bgcolor=\"#FEFEFE\" height=\"20\"><img decoding=\"async\" src=\"https:\/\/primariajibou.ro\/Images\/pixel.gif\" width=\"1\" height=\"1\" \/><\/td>\n<\/tr>\n<\/tbody>\n<\/table>\n","protected":false},"excerpt":{"rendered":"<p>Procesul Verbal nr. 8 din 12.07.2018 PROCES VERBAL \u00cencheiat azi, 12.07.2018 cu ocazia \u0219edin\u021bei extraordinare a Consiliului Local Jibou CONSILIUL LOCAL AL ORA\u0218ULUI JIBOU PROCES&#8230;<\/p>\n","protected":false},"author":1,"featured_media":0,"parent":0,"menu_order":0,"comment_status":"closed","ping_status":"closed","template":"","meta":{"footnotes":""},"class_list":["post-866","page","type-page","status-publish","hentry"],"_links":{"self":[{"href":"https:\/\/primariajibou.ro\/site\/wp-json\/wp\/v2\/pages\/866","targetHints":{"allow":["GET"]}}],"collection":[{"href":"https:\/\/primariajibou.ro\/site\/wp-json\/wp\/v2\/pages"}],"about":[{"href":"https:\/\/primariajibou.ro\/site\/wp-json\/wp\/v2\/types\/page"}],"author":[{"embeddable":true,"href":"https:\/\/primariajibou.ro\/site\/wp-json\/wp\/v2\/users\/1"}],"replies":[{"embeddable":true,"href":"https:\/\/primariajibou.ro\/site\/wp-json\/wp\/v2\/comments?post=866"}],"version-history":[{"count":0,"href":"https:\/\/primariajibou.ro\/site\/wp-json\/wp\/v2\/pages\/866\/revisions"}],"wp:attachment":[{"href":"https:\/\/primariajibou.ro\/site\/wp-json\/wp\/v2\/media?parent=866"}],"curies":[{"name":"wp","href":"https:\/\/api.w.org\/{rel}","templated":true}]}}