{"id":8401,"date":"2019-12-04T13:52:58","date_gmt":"2019-12-04T11:52:58","guid":{"rendered":"https:\/\/primariajibou.ro\/site\/?page_id=8401"},"modified":"2019-12-04T13:52:58","modified_gmt":"2019-12-04T11:52:58","slug":"hotararea-nr-50-din-30-mai-2017","status":"publish","type":"page","link":"https:\/\/primariajibou.ro\/site\/hotararea-nr-50-din-30-mai-2017\/","title":{"rendered":"HOT\u0102R\u00c2REA nr.50 din 30 mai 2017"},"content":{"rendered":"\n<p>ROM\u00c2NIA <\/p>\n\n\n\n<p>JUDE\u021aUL S\u0102LAJ <\/p>\n\n\n\n<p>ORA\u0218UL JIBOU <\/p>\n\n\n\n<p>CONSILIUL LOCAL<\/p>\n\n\n\n<p style=\"text-align:center\"><strong>HOT\u0102R\u00c2REA nr.50<\/strong><\/p>\n\n\n\n<p style=\"text-align:center\"><strong>Din 30 mai 2017<\/strong><\/p>\n\n\n\n<p>privind&nbsp; aprobarea indicatorilor tehnico-economici \u0219i a documenta\u021biilor&nbsp; faza DALI pentru lucr\u0103rile&nbsp; privind \u201cModernizarea&nbsp; iluminatului public \u00een ora\u0219ul JIBOU<\/p>\n\n\n\n<p>\u0219i satele apartinatoare<\/p>\n\n\n\n<p>&nbsp;&nbsp;&nbsp;&nbsp;&nbsp; Consiliul local al ora\u015fului Jibou ,\u00eentrunit \u00een sedin\u0163a&nbsp; ordinar\u0103 <\/p>\n\n\n\n<p>&nbsp;&nbsp;&nbsp;&nbsp; &nbsp;Av\u00e2nd \u00een vedere: <\/p>\n\n\n\n<p>&nbsp;&nbsp;&nbsp; -raportul de specialitate nr 6250 din 22.05 2017 al&nbsp; compartimentului&nbsp; investitii, managementul proiectelor&nbsp;&nbsp; <\/p>\n\n\n\n<p>&nbsp;&nbsp;&nbsp; -expunerea de motive&nbsp; a domnului primar , avizele favorabile ale comisiilor de specialitate<\/p>\n\n\n\n<p>&nbsp;&nbsp;&nbsp;&nbsp;&nbsp; Potrivit prevederilor art.44 alin&nbsp; 1 din legea nr 273\/2006 privind finan\u021bele publice locale&nbsp; cu modificarile si completarile ulterioare <\/p>\n\n\n\n<p>&nbsp;&nbsp;&nbsp;&nbsp;&nbsp;&nbsp; \u00cen conformitate&nbsp; cu prevederile&nbsp;&nbsp; art 36 alin 2 lit&nbsp; b coroborat cu alin 4lit d din legea nr 215\/2001 legeaadministratiei publice locale ,republicata <\/p>\n\n\n\n<p>&nbsp;&nbsp;&nbsp;&nbsp;&nbsp;&nbsp; \u00cen temeiul prevederilor art.45 alin 3&nbsp; din legea nr 215\/2001 legea administra\u021biei publice locale ,republicat\u0103, cu modific\u0103rile \u0219i complet\u0103rile ulterioare <\/p>\n\n\n\n<p><strong>Hot\u0103r\u0103\u015fte:<\/strong><\/p>\n\n\n\n<p>&nbsp;&nbsp;&nbsp;&nbsp; <strong>Art.1<\/strong>&nbsp; Se&nbsp; aprob\u0103&nbsp; indicatorii tehnico-economici&nbsp; \u0219i a documenta\u021biilor&nbsp; faza DALI pentru lucr\u0103rile&nbsp;&nbsp; privind \u201cModernizarea&nbsp; iluminatului public \u00een ora\u0219ul JIBOU&nbsp; \u0219i satele apar\u021binatoare astfel: <\/p>\n\n\n\n<p>a)Valoarea total\u0103 a investi\u021biei este de&nbsp; 2.472.570,66 lei la care se adaug\u0103&nbsp; TVA \u00een valoare de 469.788,40 lei<\/p>\n\n\n\n<p>Din care C+M&nbsp; 2.092.639,97 lei la care se adauga TVA in valoare de 397.601,60 lei<\/p>\n\n\n\n<p>b)Indicatori&nbsp; de operare \u0219i de impact :<\/p>\n\n\n\n<p>&nbsp;Cresterea&nbsp; num\u0103rului de&nbsp; aparate&nbsp; cu minim.19,6%<\/p>\n\n\n\n<p>&nbsp;Sc\u0103derea&nbsp; consumului de energie&nbsp; cu minim.27.5%<\/p>\n\n\n\n<p>&nbsp;Durata&nbsp; estimat\u0103 de execu\u021bie a obiectivului de investitii&nbsp; este de 5 luni.<\/p>\n\n\n\n<p>&nbsp;&nbsp;&nbsp;&nbsp; <strong>Art.2<\/strong>&nbsp; Cu ducerea la \u00eendeplinire se \u00eencredin\u021beaza&nbsp; domnul Primar <\/p>\n\n\n\n<p><strong>&nbsp;&nbsp;&nbsp;&nbsp; Art.3<\/strong>&nbsp; Prezenta se comunic\u0103 cu <\/p>\n\n\n\n<p>Institu\u021bia Prefectului jude\u021bului S\u0103laj <\/p>\n\n\n\n<p>Domnul&nbsp; Primar <\/p>\n\n\n\n<p>Compartimentul buget, finante, contabilitate <\/p>\n\n\n\n<p>&nbsp;&nbsp;&nbsp;&nbsp;&nbsp;&nbsp;&nbsp;&nbsp;&nbsp;&nbsp;&nbsp;&nbsp;&nbsp;&nbsp;&nbsp;&nbsp;&nbsp;&nbsp;&nbsp;&nbsp;&nbsp;&nbsp;&nbsp; &#8211;&nbsp;&nbsp;&nbsp;&nbsp; Compartimentul&nbsp; investitii, managementul proiectelor&nbsp;&nbsp; <\/p>\n\n\n\n<p>Dosar&nbsp; hot\u0103r\u00e2ri\/dosar de \u0219edin\u021b\u0103 <\/p>\n\n\n\n<p>Mass-media<\/p>\n\n\n\n<p>Pre\u0219edinte de \u0219edin\u021b\u0103&nbsp;&nbsp;&nbsp;&nbsp;&nbsp;&nbsp;&nbsp;&nbsp;&nbsp;&nbsp;&nbsp;&nbsp;&nbsp;&nbsp;&nbsp;&nbsp;&nbsp;&nbsp;&nbsp;&nbsp;&nbsp;&nbsp;&nbsp;&nbsp;&nbsp;&nbsp;&nbsp;&nbsp;&nbsp;&nbsp;&nbsp;&nbsp;&nbsp;&nbsp;&nbsp;&nbsp;&nbsp;&nbsp;&nbsp;&nbsp;&nbsp;&nbsp;&nbsp;&nbsp;&nbsp;&nbsp;&nbsp; Contrasemneaz\u0103 SECRETAR <\/p>\n\n\n\n<p>&nbsp;&nbsp;&nbsp;&nbsp;&nbsp; Alma\u0219 Ioan&nbsp;&nbsp;&nbsp;&nbsp;&nbsp;&nbsp;&nbsp;&nbsp;&nbsp;&nbsp;&nbsp;&nbsp; &nbsp;&nbsp;&nbsp;&nbsp;&nbsp;&nbsp;&nbsp;&nbsp;&nbsp;&nbsp;&nbsp;&nbsp;&nbsp;&nbsp;&nbsp;&nbsp;&nbsp;&nbsp;&nbsp;&nbsp;&nbsp;&nbsp;&nbsp;&nbsp;&nbsp;&nbsp;&nbsp;&nbsp;&nbsp;&nbsp;&nbsp;&nbsp;&nbsp;&nbsp;&nbsp;&nbsp;&nbsp;&nbsp;&nbsp;&nbsp;&nbsp;&nbsp;&nbsp;&nbsp;&nbsp;&nbsp;&nbsp;&nbsp;&nbsp;&nbsp;&nbsp;&nbsp;&nbsp;Opri\u0219 Maria<\/p>\n","protected":false},"excerpt":{"rendered":"<p>ROM\u00c2NIA JUDE\u021aUL S\u0102LAJ ORA\u0218UL JIBOU CONSILIUL LOCAL HOT\u0102R\u00c2REA nr.50 Din 30 mai 2017 privind&nbsp; aprobarea indicatorilor tehnico-economici \u0219i a documenta\u021biilor&nbsp; faza DALI pentru lucr\u0103rile&nbsp; privind&#8230;<\/p>\n","protected":false},"author":1,"featured_media":0,"parent":0,"menu_order":0,"comment_status":"closed","ping_status":"closed","template":"","meta":{"footnotes":""},"class_list":["post-8401","page","type-page","status-publish","hentry"],"_links":{"self":[{"href":"https:\/\/primariajibou.ro\/site\/wp-json\/wp\/v2\/pages\/8401","targetHints":{"allow":["GET"]}}],"collection":[{"href":"https:\/\/primariajibou.ro\/site\/wp-json\/wp\/v2\/pages"}],"about":[{"href":"https:\/\/primariajibou.ro\/site\/wp-json\/wp\/v2\/types\/page"}],"author":[{"embeddable":true,"href":"https:\/\/primariajibou.ro\/site\/wp-json\/wp\/v2\/users\/1"}],"replies":[{"embeddable":true,"href":"https:\/\/primariajibou.ro\/site\/wp-json\/wp\/v2\/comments?post=8401"}],"version-history":[{"count":0,"href":"https:\/\/primariajibou.ro\/site\/wp-json\/wp\/v2\/pages\/8401\/revisions"}],"wp:attachment":[{"href":"https:\/\/primariajibou.ro\/site\/wp-json\/wp\/v2\/media?parent=8401"}],"curies":[{"name":"wp","href":"https:\/\/api.w.org\/{rel}","templated":true}]}}