{"id":8281,"date":"2019-12-04T11:30:53","date_gmt":"2019-12-04T09:30:53","guid":{"rendered":"https:\/\/primariajibou.ro\/site\/?page_id=8281"},"modified":"2019-12-04T11:30:53","modified_gmt":"2019-12-04T09:30:53","slug":"hotararea-nr-125-din-25-10-2016","status":"publish","type":"page","link":"https:\/\/primariajibou.ro\/site\/hotararea-nr-125-din-25-10-2016\/","title":{"rendered":"HOT\u0102R\u00c2REA nr  125 \t\t\t\tDin  25 10. 2016"},"content":{"rendered":"\n<p>ROM\u00c2NIA<\/p>\n\n\n\n<p>JUDE\u0162UL S\u0102LAJ<\/p>\n\n\n\n<p>ORA\u015eUL JIBOU<\/p>\n\n\n\n<p>CONSILIUL LOCAL<\/p>\n\n\n\n<p>&nbsp;&nbsp;&nbsp;&nbsp;&nbsp;&nbsp;&nbsp;&nbsp;&nbsp;&nbsp;&nbsp;&nbsp;&nbsp;&nbsp;&nbsp;&nbsp;&nbsp;&nbsp;&nbsp;&nbsp;&nbsp;&nbsp;&nbsp;&nbsp;&nbsp;&nbsp;&nbsp;&nbsp;&nbsp;&nbsp;&nbsp;&nbsp;&nbsp;&nbsp;&nbsp;&nbsp;&nbsp;&nbsp;&nbsp;&nbsp;&nbsp;&nbsp;&nbsp;&nbsp;&nbsp;&nbsp;&nbsp; HOT\u0102R\u00c2REA nr&nbsp; 125<\/p>\n\n\n\n<p>&nbsp;&nbsp;&nbsp;&nbsp;&nbsp;&nbsp;&nbsp;&nbsp;&nbsp;&nbsp;&nbsp;&nbsp;&nbsp;&nbsp;&nbsp;&nbsp;&nbsp;&nbsp;&nbsp;&nbsp;&nbsp;&nbsp;&nbsp;&nbsp;&nbsp;&nbsp;&nbsp;&nbsp;&nbsp;&nbsp;&nbsp;&nbsp;&nbsp;&nbsp;&nbsp;&nbsp;&nbsp;&nbsp;&nbsp;&nbsp;&nbsp;&nbsp;&nbsp;&nbsp;&nbsp;&nbsp;&nbsp; Din&nbsp; 25 10. 2016<\/p>\n\n\n\n<p>Privind completarea&nbsp; domeniului public de interes local<\/p>\n\n\n\n<p>&nbsp;&nbsp;&nbsp;&nbsp;&nbsp;&nbsp;&nbsp;&nbsp;&nbsp;&nbsp;&nbsp; Consiliul Local al ora\u015fului Jibou, \u00eentrunit \u00een \u015fedin\u0163\u0103 ordinar\u0103 in data de 25. 10 2016 la Casa de Cultura<\/p>\n\n\n\n<p>&nbsp;&nbsp;&nbsp;&nbsp;&nbsp;&nbsp;&nbsp;&nbsp;&nbsp;&nbsp;&nbsp; Av\u00e2nd \u00een vedere expunerea de motive a d-lui Primar \u015fi raportul nr.13620 din 25. 10. 2016 al Biroul urbanism si administrarea domeniului public \u015fi privat, avizul favorabil al comisiei de specialitate nr 1 a Consiliului local<\/p>\n\n\n\n<p>In conformitate cu prevederile din Legii nr. 213\/1998 privind proprietatea publica si regimul juridic al acesteia, cu modific\u0103rile \u015fi complet\u0103rile&nbsp; ulterioare;<\/p>\n\n\n\n<p>&nbsp;&nbsp;&nbsp;&nbsp;&nbsp;&nbsp;&nbsp;&nbsp;&nbsp;&nbsp;&nbsp; In baza prevederilorart. 36&nbsp; lit. c din Legea nr. 215\/2001, republicat\u0103;<\/p>\n\n\n\n<p>&nbsp;&nbsp;&nbsp;&nbsp;&nbsp;&nbsp;&nbsp;&nbsp;&nbsp;&nbsp;&nbsp; In&nbsp; temeiul art.45(3) din Legea nr.215\/2001 privind administra\u0163ia public\u0103 local\u0103, cu modific\u0103rile ulterioare \u015fi republicat\u0103,<\/p>\n\n\n\n<p>&nbsp;&nbsp;&nbsp;&nbsp;&nbsp;&nbsp;&nbsp;&nbsp;&nbsp;&nbsp;&nbsp;&nbsp;&nbsp;&nbsp;&nbsp;&nbsp;&nbsp;&nbsp;&nbsp;&nbsp;&nbsp;&nbsp;&nbsp;&nbsp;&nbsp;&nbsp;&nbsp;&nbsp;&nbsp;&nbsp;&nbsp;&nbsp;&nbsp;&nbsp;&nbsp; Hot\u0103r\u0103\u015fte:<\/p>\n\n\n\n<p>Art. 1 \u2013 Se completeaz\u0103 domeniul public de interes local al orasului Jibou , Sectiunea Bunuri Imobile prin cuprinderea&nbsp; suprafa\u0163ei de 2771&nbsp; mp teren inscris in CF nr 2063 cu nr top 697\/a\/2\/1\/2 situat in extravilanul&nbsp; orasului Jibou , conform anexei parte integranta din prezenta<\/p>\n\n\n\n<p>&nbsp;&nbsp;&nbsp;&nbsp;&nbsp;&nbsp;&nbsp;&nbsp;&nbsp;&nbsp;&nbsp; Art. 2 &#8211; Cu ducerea la \u00eendeplinire a prezentei se \u00eencredin\u0163eaz\u0103 domnul primar&nbsp; \u015fi d-ra Ciascai Maria-Biroul urbanism, amenajarea teritoriului, administrarea domeniului public \u015fi privat.<\/p>\n\n\n\n<p>&nbsp;&nbsp;&nbsp;&nbsp;&nbsp;&nbsp;&nbsp;&nbsp;&nbsp;&nbsp;&nbsp; Art. 3 &#8211; Prezenta se comunic\u0103 la:<\/p>\n\n\n\n<ul class=\"wp-block-list\"><li>Dl.Primar<\/li><li>Biroul administrarea domeniului public \u015fi privat<\/li><li>Consiliul Jude\u0163ean S\u0103laj&nbsp;&nbsp;&nbsp;&nbsp;&nbsp;&nbsp;&nbsp;&nbsp;&nbsp;&nbsp;&nbsp;&nbsp;&nbsp;&nbsp;&nbsp;&nbsp;&nbsp;&nbsp;&nbsp;&nbsp;&nbsp;&nbsp;&nbsp;&nbsp;&nbsp;&nbsp;&nbsp;&nbsp;&nbsp;&nbsp;&nbsp;&nbsp;&nbsp;&nbsp;&nbsp;&nbsp;&nbsp;&nbsp;&nbsp;&nbsp;&nbsp;&nbsp;&nbsp;&nbsp;&nbsp;&nbsp;&nbsp;&nbsp;&nbsp;&nbsp;&nbsp;&nbsp;&nbsp;&nbsp;&nbsp;&nbsp;&nbsp;&nbsp;&nbsp;&nbsp;&nbsp;&nbsp;&nbsp;&nbsp;&nbsp;&nbsp;&nbsp;&nbsp;&nbsp;&nbsp;&nbsp;&nbsp;&nbsp;&nbsp;&nbsp;&nbsp;&nbsp;<\/li><li>Institu\u0163ia Prefectului \u2013 jude\u0163ul S\u0103laj<\/li><li>Populatia orasului, prin afisare<\/li><li>dosar hot\u0103r\u00e2ri\/dosar de sedinta<\/li><\/ul>\n\n\n\n<p>PRE\u015eEDINTE DE \u015eEDIN\u0162\u0102,&nbsp;&nbsp;&nbsp;&nbsp;&nbsp;&nbsp;&nbsp;&nbsp;&nbsp;&nbsp;&nbsp;&nbsp;&nbsp;&nbsp;&nbsp;&nbsp;&nbsp;&nbsp;&nbsp;&nbsp;&nbsp;&nbsp;&nbsp; Contrasemneaz\u0103<\/p>\n\n\n\n<p>Pintea Victor&nbsp;&nbsp;&nbsp;&nbsp;&nbsp;&nbsp;&nbsp;&nbsp;&nbsp;&nbsp;&nbsp;&nbsp;&nbsp;&nbsp;&nbsp;&nbsp;&nbsp;&nbsp;&nbsp;&nbsp;&nbsp;&nbsp;&nbsp;&nbsp;&nbsp;&nbsp;&nbsp;&nbsp;&nbsp;&nbsp;&nbsp;&nbsp; &nbsp;&nbsp;&nbsp;&nbsp;&nbsp;&nbsp; &nbsp;SECRETAR ORA\u015e,Opris Maria<\/p>\n","protected":false},"excerpt":{"rendered":"<p>ROM\u00c2NIA JUDE\u0162UL S\u0102LAJ ORA\u015eUL JIBOU CONSILIUL LOCAL &nbsp;&nbsp;&nbsp;&nbsp;&nbsp;&nbsp;&nbsp;&nbsp;&nbsp;&nbsp;&nbsp;&nbsp;&nbsp;&nbsp;&nbsp;&nbsp;&nbsp;&nbsp;&nbsp;&nbsp;&nbsp;&nbsp;&nbsp;&nbsp;&nbsp;&nbsp;&nbsp;&nbsp;&nbsp;&nbsp;&nbsp;&nbsp;&nbsp;&nbsp;&nbsp;&nbsp;&nbsp;&nbsp;&nbsp;&nbsp;&nbsp;&nbsp;&nbsp;&nbsp;&nbsp;&nbsp;&nbsp; HOT\u0102R\u00c2REA nr&nbsp; 125 &nbsp;&nbsp;&nbsp;&nbsp;&nbsp;&nbsp;&nbsp;&nbsp;&nbsp;&nbsp;&nbsp;&nbsp;&nbsp;&nbsp;&nbsp;&nbsp;&nbsp;&nbsp;&nbsp;&nbsp;&nbsp;&nbsp;&nbsp;&nbsp;&nbsp;&nbsp;&nbsp;&nbsp;&nbsp;&nbsp;&nbsp;&nbsp;&nbsp;&nbsp;&nbsp;&nbsp;&nbsp;&nbsp;&nbsp;&nbsp;&nbsp;&nbsp;&nbsp;&nbsp;&nbsp;&nbsp;&nbsp; Din&nbsp; 25 10. 2016 Privind completarea&nbsp; domeniului public de interes local &nbsp;&nbsp;&nbsp;&nbsp;&nbsp;&nbsp;&nbsp;&nbsp;&nbsp;&nbsp;&nbsp; Consiliul&#8230;<\/p>\n","protected":false},"author":1,"featured_media":0,"parent":0,"menu_order":0,"comment_status":"closed","ping_status":"closed","template":"","meta":{"footnotes":""},"class_list":["post-8281","page","type-page","status-publish","hentry"],"_links":{"self":[{"href":"https:\/\/primariajibou.ro\/site\/wp-json\/wp\/v2\/pages\/8281","targetHints":{"allow":["GET"]}}],"collection":[{"href":"https:\/\/primariajibou.ro\/site\/wp-json\/wp\/v2\/pages"}],"about":[{"href":"https:\/\/primariajibou.ro\/site\/wp-json\/wp\/v2\/types\/page"}],"author":[{"embeddable":true,"href":"https:\/\/primariajibou.ro\/site\/wp-json\/wp\/v2\/users\/1"}],"replies":[{"embeddable":true,"href":"https:\/\/primariajibou.ro\/site\/wp-json\/wp\/v2\/comments?post=8281"}],"version-history":[{"count":0,"href":"https:\/\/primariajibou.ro\/site\/wp-json\/wp\/v2\/pages\/8281\/revisions"}],"wp:attachment":[{"href":"https:\/\/primariajibou.ro\/site\/wp-json\/wp\/v2\/media?parent=8281"}],"curies":[{"name":"wp","href":"https:\/\/api.w.org\/{rel}","templated":true}]}}