{"id":8023,"date":"2019-12-03T14:55:00","date_gmt":"2019-12-03T12:55:00","guid":{"rendered":"https:\/\/primariajibou.ro\/site\/?page_id=8023"},"modified":"2019-12-03T14:55:00","modified_gmt":"2019-12-03T12:55:00","slug":"hotararea-nr-29-din-28-martie-2017","status":"publish","type":"page","link":"https:\/\/primariajibou.ro\/site\/hotararea-nr-29-din-28-martie-2017\/","title":{"rendered":"HOT\u0102R\u00c2REA nr.29 din 28 Martie 2017"},"content":{"rendered":"\n<p>ROM\u00c2NIA<\/p>\n\n\n\n<p>JUDE\u0162UL S\u0102LAJ<\/p>\n\n\n\n<p>ORA\u015eUL JIBOU<\/p>\n\n\n\n<p>CONSILIUL LOCAL <\/p>\n\n\n\n<p style=\"text-align:center\"><strong>HOT\u0102R\u00c2REA nr.29<\/strong><\/p>\n\n\n\n<p style=\"text-align:center\">Din 28 Martie 2017<\/p>\n\n\n\n<p>privind&nbsp; stabilirea sta\u021biilor de \u00eembarcare\/debarcare c\u0103l\u0103tori \u00een&nbsp; raza ora\u0219ul JIBOU \u0219i a satelelor apar\u021bin\u0103toare<\/p>\n\n\n\n<p>&nbsp;&nbsp;&nbsp;&nbsp;&nbsp;&nbsp;&nbsp;&nbsp;&nbsp;&nbsp;&nbsp;&nbsp;&nbsp;&nbsp;&nbsp; Consiliul local al orasului Jibou,&nbsp; <\/p>\n\n\n\n<p>&nbsp;&nbsp;&nbsp;&nbsp;&nbsp;&nbsp; &nbsp;&nbsp;&nbsp;&nbsp; &nbsp;&nbsp;&nbsp;&nbsp;Av\u00e2nd \u00een vedere:<\/p>\n\n\n\n<p>&nbsp;&nbsp;&nbsp;&nbsp;&nbsp;&nbsp;&nbsp;&nbsp;&nbsp;&nbsp;&nbsp;&nbsp;&nbsp;&nbsp;&nbsp; -raportul de&nbsp; specialitate&nbsp; nr.2936 din 13.03.2017 al viceprimarului UAT ora\u0219&nbsp; Jibou \u0219i a compartimentului urbanism ,administratrea domeniului public \u0219i privat<\/p>\n\n\n\n<p>&nbsp;&nbsp;&nbsp;&nbsp;&nbsp;&nbsp;&nbsp;&nbsp;&nbsp;&nbsp;&nbsp;&nbsp;&nbsp;&nbsp;&nbsp; -adresa&nbsp; nr.15.337\/2016&nbsp; a&nbsp; Consiliului&nbsp; Jude\u021bean S\u0103laj prin care ne solicit\u0103 s\u0103 analiz\u0103m \u0219i s\u0103 hot\u0103r\u00e2m \u00eenfiin\u021barea unei sta\u021bii de \u00eembarcare \/debarcare c\u0103l\u0103tori \u00een zona parcului central din ora\u0219ul Jibou av\u00e2nd \u00een vedere c\u0103&nbsp; operatorii de transport public jude\u021bean de persoane prin curse regulate solicit\u0103 \u00eenfiin\u021barea unei sta\u021bii \u00een ora\u0219ul JIBOU, \u00een zona parcului&nbsp; central depoarece&nbsp; autogara nu mai functioneaza \u0219i&nbsp; sta\u021bia de imbarcare\/debarcare c\u0103l\u0103tori nu mai exist\u0103.<\/p>\n\n\n\n<p>&nbsp;&nbsp;&nbsp;&nbsp;&nbsp;&nbsp;&nbsp;&nbsp;&nbsp;&nbsp;&nbsp;&nbsp;&nbsp; -expunerea de motive a domnului primar , avizele favorabile ale comisiilor de specialitate.<\/p>\n\n\n\n<p>&nbsp;&nbsp;&nbsp;&nbsp;&nbsp;&nbsp;&nbsp;&nbsp;&nbsp;&nbsp;&nbsp;&nbsp;&nbsp;&nbsp; \u00cen conformitate cu prevederile art.1(4)lit l din Legea nr 92\/2007 privind transportul&nbsp; public local .<\/p>\n\n\n\n<p>&nbsp;&nbsp;&nbsp;&nbsp;&nbsp;&nbsp;&nbsp;&nbsp;&nbsp;&nbsp;&nbsp;&nbsp;&nbsp;&nbsp; Potrivit&nbsp; prevederilor art.36 alin (2) lit d,&nbsp; din Legea nr 215\/2001 legea administratiei publice locale ,republicat\u0103 cu modific\u0103rile \u0219i complet\u0103rile ulterioare. <\/p>\n\n\n\n<p>&nbsp;&nbsp;&nbsp;&nbsp;&nbsp;&nbsp;&nbsp;&nbsp;&nbsp;&nbsp;&nbsp;&nbsp;&nbsp;&nbsp; \u00cen temeiul&nbsp; prevederilor art.45&nbsp; alin (1,2,3)&nbsp; din Legea nr 215\/2001 legea administra\u021biei publice locale, republicat\u0103 cu modific\u0103rile \u0219i complet\u0103rile ulterioare&nbsp;&nbsp;&nbsp;&nbsp;&nbsp;&nbsp;&nbsp;&nbsp;&nbsp;&nbsp;&nbsp;&nbsp;&nbsp;&nbsp;&nbsp;&nbsp;&nbsp;&nbsp;&nbsp;&nbsp;&nbsp;&nbsp;&nbsp;&nbsp;&nbsp;&nbsp;&nbsp;&nbsp;&nbsp;&nbsp;&nbsp;&nbsp;&nbsp;&nbsp;&nbsp;&nbsp;&nbsp;&nbsp;&nbsp;&nbsp;&nbsp;&nbsp;&nbsp;&nbsp; <\/p>\n\n\n\n<p><strong>HOT\u0102R\u0102\u0218TE:<\/strong><\/p>\n\n\n\n<p>&nbsp;&nbsp;&nbsp;&nbsp;&nbsp;&nbsp;&nbsp;&nbsp;&nbsp;&nbsp;&nbsp; &nbsp;<strong>Art.1<\/strong> Se stabilesc&nbsp; sta\u021biile de \u00eembarcare\/debarcare c\u0103l\u0103tori \u00een raza ora\u0219ul JIBOU \u0219i a satelor apar\u021bin\u0103toare, astfel: ora\u0219ul Jibou \u00een zona Parcului Central, \u00een satele apar\u021bin\u0103toare Cuceu, Husia, Var \u00een centrul&nbsp; localit\u0103\u021bii, \u00een proximitatea magazinului tip ABC, &nbsp;iar \u00een satul Rona \u00een&nbsp; vecin\u0103tatea <\/p>\n\n\n\n<p>Bisericii Ortodoxe. <\/p>\n\n\n\n<p>&nbsp;&nbsp;&nbsp;&nbsp;&nbsp;&nbsp;&nbsp;&nbsp; Statiile de \u00eembarcare\/debarcare vor fi&nbsp; marcate \u00een mod corespunzator.<\/p>\n\n\n\n<p>&nbsp;&nbsp; &nbsp;&nbsp;&nbsp;&nbsp;&nbsp;&nbsp;&nbsp;&nbsp; <strong>Art.2<\/strong> Cu ducerea&nbsp; la \u00eendeplinire se \u00eencredi\u021beaz\u0103 domnul Primar <\/p>\n\n\n\n<p>&nbsp;&nbsp; &nbsp;&nbsp;&nbsp;&nbsp;&nbsp;&nbsp;&nbsp;&nbsp; <strong>Art.3<\/strong> Prezenta se comunic\u0103 cu:<\/p>\n\n\n\n<p>&nbsp;&nbsp;&nbsp;&nbsp;&nbsp;&nbsp;&nbsp;&nbsp;&nbsp;&nbsp; -Domnul Primar <\/p>\n\n\n\n<p>&nbsp;&nbsp;&nbsp;&nbsp;&nbsp;&nbsp;&nbsp;&nbsp;&nbsp;&nbsp; -Institu\u021bia Prefectului jude\u021bului S\u0103laj<\/p>\n\n\n\n<p>&nbsp;&nbsp;&nbsp;&nbsp;&nbsp;&nbsp;&nbsp;&nbsp;&nbsp;&nbsp; -Birourile:administra\u021bie public\u0103, transport local\/administrarea domeniului public \u0219i privat<\/p>\n\n\n\n<p>&nbsp;&nbsp;&nbsp;&nbsp;&nbsp;&nbsp;&nbsp;&nbsp;&nbsp;&nbsp; -Consiliul Jude\u021bean S\u0103laj <\/p>\n\n\n\n<p>&nbsp;&nbsp;&nbsp;&nbsp;&nbsp;&nbsp;&nbsp;&nbsp;&nbsp;&nbsp; -Dosar de \u0219edin\u021b\u0103\/dosar&nbsp; hot\u0103r\u00e2ri<\/p>\n\n\n\n<p>&nbsp;&nbsp;&nbsp;&nbsp;&nbsp;&nbsp;&nbsp;&nbsp;&nbsp;&nbsp; -Mass-media\/publicitate<\/p>\n\n\n\n<p><strong>&nbsp;&nbsp;&nbsp;&nbsp;&nbsp;&nbsp;&nbsp;&nbsp;&nbsp;&nbsp;&nbsp;&nbsp;&nbsp;&nbsp;&nbsp;&nbsp;&nbsp;&nbsp; Pre\u0219edinte de \u0219edin\u021b\u0103&nbsp;&nbsp;&nbsp;&nbsp;&nbsp;&nbsp;&nbsp;&nbsp;&nbsp;&nbsp;&nbsp;&nbsp;&nbsp;&nbsp;&nbsp;&nbsp;&nbsp;&nbsp;&nbsp;&nbsp;&nbsp;&nbsp;&nbsp;&nbsp;&nbsp;&nbsp;&nbsp;&nbsp;&nbsp;&nbsp;&nbsp;&nbsp;&nbsp;&nbsp;&nbsp;&nbsp;&nbsp;&nbsp;&nbsp;&nbsp;&nbsp;&nbsp;&nbsp;&nbsp;&nbsp;&nbsp;&nbsp;&nbsp;&nbsp; Contrasemneaz\u0103 Secretar<\/strong><\/p>\n\n\n\n<p><strong>&nbsp;&nbsp;&nbsp;&nbsp;&nbsp;&nbsp;&nbsp;&nbsp;&nbsp;&nbsp; Tarba Andrei&nbsp; -plecat din localitate&nbsp;&nbsp;&nbsp;&nbsp;&nbsp;&nbsp;&nbsp;&nbsp;&nbsp;&nbsp;&nbsp;&nbsp;&nbsp;&nbsp;&nbsp;&nbsp;&nbsp;&nbsp;&nbsp;&nbsp;&nbsp;&nbsp;&nbsp;&nbsp;&nbsp;&nbsp;&nbsp;&nbsp;&nbsp;&nbsp;&nbsp;&nbsp;&nbsp;&nbsp;&nbsp;&nbsp;&nbsp;&nbsp;&nbsp;&nbsp;&nbsp;&nbsp;&nbsp;&nbsp;&nbsp;&nbsp; Opri\u0219 Maria<\/strong><\/p>\n\n\n\n<p>&nbsp;&nbsp;&nbsp;&nbsp;&nbsp;&nbsp;&nbsp;&nbsp;&nbsp;&nbsp;&nbsp;&nbsp;&nbsp;&nbsp;&nbsp; semneaza trei consilieri:<\/p>\n\n\n\n<p>&nbsp;&nbsp;&nbsp;&nbsp;&nbsp;&nbsp;&nbsp;&nbsp;&nbsp;&nbsp;&nbsp;&nbsp;&nbsp;&nbsp;&nbsp; Micle Corina<\/p>\n\n\n\n<p>&nbsp;&nbsp;&nbsp;&nbsp;&nbsp;&nbsp;&nbsp;&nbsp;&nbsp;&nbsp; &nbsp;&nbsp;&nbsp;Muresan Augustin<\/p>\n\n\n\n<p>&nbsp;&nbsp;&nbsp;&nbsp;&nbsp;&nbsp;&nbsp;&nbsp;&nbsp;&nbsp;&nbsp;&nbsp;&nbsp;&nbsp;&nbsp; Csatlos Sandor<\/p>\n","protected":false},"excerpt":{"rendered":"<p>ROM\u00c2NIA JUDE\u0162UL S\u0102LAJ ORA\u015eUL JIBOU CONSILIUL LOCAL HOT\u0102R\u00c2REA nr.29 Din 28 Martie 2017 privind&nbsp; stabilirea sta\u021biilor de \u00eembarcare\/debarcare c\u0103l\u0103tori \u00een&nbsp; raza ora\u0219ul JIBOU \u0219i a&#8230;<\/p>\n","protected":false},"author":1,"featured_media":0,"parent":0,"menu_order":0,"comment_status":"closed","ping_status":"closed","template":"","meta":{"footnotes":""},"class_list":["post-8023","page","type-page","status-publish","hentry"],"_links":{"self":[{"href":"https:\/\/primariajibou.ro\/site\/wp-json\/wp\/v2\/pages\/8023","targetHints":{"allow":["GET"]}}],"collection":[{"href":"https:\/\/primariajibou.ro\/site\/wp-json\/wp\/v2\/pages"}],"about":[{"href":"https:\/\/primariajibou.ro\/site\/wp-json\/wp\/v2\/types\/page"}],"author":[{"embeddable":true,"href":"https:\/\/primariajibou.ro\/site\/wp-json\/wp\/v2\/users\/1"}],"replies":[{"embeddable":true,"href":"https:\/\/primariajibou.ro\/site\/wp-json\/wp\/v2\/comments?post=8023"}],"version-history":[{"count":0,"href":"https:\/\/primariajibou.ro\/site\/wp-json\/wp\/v2\/pages\/8023\/revisions"}],"wp:attachment":[{"href":"https:\/\/primariajibou.ro\/site\/wp-json\/wp\/v2\/media?parent=8023"}],"curies":[{"name":"wp","href":"https:\/\/api.w.org\/{rel}","templated":true}]}}