{"id":8005,"date":"2019-12-03T14:26:20","date_gmt":"2019-12-03T12:26:20","guid":{"rendered":"https:\/\/primariajibou.ro\/site\/?page_id=8005"},"modified":"2019-12-03T14:26:20","modified_gmt":"2019-12-03T12:26:20","slug":"hotararea-nr-67-din-24-mai-2016","status":"publish","type":"page","link":"https:\/\/primariajibou.ro\/site\/hotararea-nr-67-din-24-mai-2016\/","title":{"rendered":"HOT\u0102R\u00c2REA NR. 67 Din 24 mai 2016"},"content":{"rendered":"\n<p>ROMANIA<\/p>\n\n\n\n<p>JUDETUL&nbsp; S\u0102LAJ<\/p>\n\n\n\n<p>ORASUL JIBOU<\/p>\n\n\n\n<p>CONSILIUL LOCAL <\/p>\n\n\n\n<p><strong>HOT\u0102R\u00c2REA NR. 67<\/strong><\/p>\n\n\n\n<p>Din 24 mai 2016 <\/p>\n\n\n\n<p>Privind\u00a0 \u00eemputernicirea\u00a0 viceprimarului orasului Jibou pentru semnarea Amendamentului nr. 3 la Contractul de finantare \u00eencheiat pe 22 iulie 2009 \u00eentre Banca European\u0103 de Investitii si Compania de Ap\u0103 Somes S.A<\/p>\n\n\n\n<p>Consiliul Local&nbsp; al orasului Jibou&nbsp; \u00eentrunit \u00een \u015fedin\u0163\u0103 ordinara la data de 24.05.2016<\/p>\n\n\n\n<p>Av\u00e2nd \u00een vedere:<\/p>\n\n\n\n<p>\u00cen temeiul art. 45 alin 1 din Legea nr. 215\/2001 a administra\u0163iei publice locale republicate,<\/p>\n\n\n\n<p><strong>HOT\u0102R\u0102\u015eTE<\/strong><\/p>\n\n\n\n<p><strong>Art. 1 \u2013<\/strong> Imputernicirea viceprimarului orasului Jibou, Domnul Bujor Ioan pentru<\/p>\n\n\n\n<p>semnarea Amendamentului nr. 3 la Contractul de finantare \u00eencheiat pe 22 iulie 2009 \u00eentre Banca European\u0103 de Investitii si Compania de Ap\u0103 Somes S.A<strong>. <\/strong>&nbsp;<\/p>\n\n\n\n<p><strong>Art. 2\u2013 <\/strong>Cu ducerea la \u00eendeplinire a prezentei&nbsp; hot\u0103r\u00e2ri se \u00eencredinteaz\u0103 viceprimarului Orasului Jibou.<\/p>\n\n\n\n<p><strong>Art. 3 \u2013 <\/strong>Prezenta hot\u0103r\u00e2re se comunic\u0103 cu :<\/p>\n\n\n\n<p>-Institutia prefectului judetului S\u0103laj;<\/p>\n\n\n\n<p>-Presedintele Consiliului Judetean; <\/p>\n\n\n\n<p>-Primarul Orasului Jibou<\/p>\n\n\n\n<p>-Cet\u0103tenii orasului Jibou prin afi sare;<\/p>\n\n\n\n<p>-Asociatia Regionale pentru Dezvoltarea Infrastructurii din Bazinul Somes-Tisa;<\/p>\n\n\n\n<p>-Dosar de sedint\u0103.<\/p>\n\n\n\n<p>&nbsp;&nbsp;&nbsp;&nbsp;&nbsp;&nbsp;&nbsp;&nbsp;&nbsp;&nbsp;&nbsp;&nbsp;&nbsp;&nbsp;&nbsp;&nbsp;&nbsp; PRE\u015eEDINTE DE \u015eEDIN\u0162\u0102&nbsp;&nbsp;&nbsp;&nbsp;&nbsp;&nbsp;&nbsp;&nbsp;&nbsp;&nbsp;&nbsp; CONTRASEMNEAZ\u0102 SECRETAR <\/p>\n\n\n\n<p>&nbsp;&nbsp;&nbsp;&nbsp;&nbsp;&nbsp;&nbsp;&nbsp;&nbsp;&nbsp;&nbsp;&nbsp;&nbsp;&nbsp;&nbsp;&nbsp;&nbsp;&nbsp;&nbsp;&nbsp;&nbsp; BOIAN RADU&nbsp;&nbsp;&nbsp;&nbsp;&nbsp;&nbsp;&nbsp;&nbsp;&nbsp;&nbsp;&nbsp;&nbsp;&nbsp;&nbsp;&nbsp;&nbsp;&nbsp;&nbsp;&nbsp;&nbsp;&nbsp;&nbsp;&nbsp;&nbsp;&nbsp;&nbsp;&nbsp;&nbsp;&nbsp;&nbsp; &nbsp;&nbsp;&nbsp;&nbsp;&nbsp;&nbsp;&nbsp;&nbsp; &nbsp;&nbsp;OPRIS MARIA<\/p>\n\n\n\n<p><strong>Nr. 67<\/strong><\/p>\n\n\n\n<p>Adoptat\u0103 \u00een \u015fedin\u0163a din data de 24.05.2016<\/p>\n\n\n\n<p>Cu un num\u0103r de 15 voturi din num\u0103rul total de&nbsp; 17 consilieri \u00een func\u0163ie.<\/p>\n","protected":false},"excerpt":{"rendered":"<p>ROMANIA JUDETUL&nbsp; S\u0102LAJ ORASUL JIBOU CONSILIUL LOCAL HOT\u0102R\u00c2REA NR. 67 Din 24 mai 2016 Privind\u00a0 \u00eemputernicirea\u00a0 viceprimarului orasului Jibou pentru semnarea Amendamentului nr. 3 la&#8230;<\/p>\n","protected":false},"author":1,"featured_media":0,"parent":0,"menu_order":0,"comment_status":"closed","ping_status":"closed","template":"","meta":{"footnotes":""},"class_list":["post-8005","page","type-page","status-publish","hentry"],"_links":{"self":[{"href":"https:\/\/primariajibou.ro\/site\/wp-json\/wp\/v2\/pages\/8005","targetHints":{"allow":["GET"]}}],"collection":[{"href":"https:\/\/primariajibou.ro\/site\/wp-json\/wp\/v2\/pages"}],"about":[{"href":"https:\/\/primariajibou.ro\/site\/wp-json\/wp\/v2\/types\/page"}],"author":[{"embeddable":true,"href":"https:\/\/primariajibou.ro\/site\/wp-json\/wp\/v2\/users\/1"}],"replies":[{"embeddable":true,"href":"https:\/\/primariajibou.ro\/site\/wp-json\/wp\/v2\/comments?post=8005"}],"version-history":[{"count":0,"href":"https:\/\/primariajibou.ro\/site\/wp-json\/wp\/v2\/pages\/8005\/revisions"}],"wp:attachment":[{"href":"https:\/\/primariajibou.ro\/site\/wp-json\/wp\/v2\/media?parent=8005"}],"curies":[{"name":"wp","href":"https:\/\/api.w.org\/{rel}","templated":true}]}}