{"id":6549,"date":"2019-11-29T10:36:11","date_gmt":"2019-11-29T08:36:11","guid":{"rendered":"https:\/\/primariajibou.ro\/site\/?page_id=6549"},"modified":"2019-11-29T10:36:11","modified_gmt":"2019-11-29T08:36:11","slug":"hotararea-nr-4","status":"publish","type":"page","link":"https:\/\/primariajibou.ro\/site\/hotararea-nr-4\/","title":{"rendered":"HOTARAREA NR. 4"},"content":{"rendered":"\n<p>ROM\u00c2NIA<\/p>\n\n\n\n<p>JUDETUL SALAJ<\/p>\n\n\n\n<p>ORA\u015eUL JIBOU<\/p>\n\n\n\n<p>CONSILIUL LOCAL<\/p>\n\n\n\n<p>&nbsp;&nbsp;&nbsp;&nbsp;&nbsp;&nbsp;&nbsp;&nbsp;&nbsp;&nbsp;&nbsp;&nbsp;&nbsp;&nbsp;&nbsp;&nbsp;&nbsp;&nbsp;&nbsp;&nbsp;&nbsp;&nbsp;&nbsp;&nbsp;&nbsp;&nbsp;&nbsp;&nbsp;&nbsp;&nbsp;&nbsp;&nbsp;&nbsp;&nbsp;&nbsp; HOTARAREA NR. 4<\/p>\n\n\n\n<p>&nbsp;&nbsp;&nbsp;&nbsp;&nbsp;&nbsp;&nbsp;&nbsp;&nbsp;&nbsp;&nbsp;&nbsp;&nbsp;&nbsp;&nbsp;&nbsp;&nbsp;&nbsp;&nbsp;&nbsp;&nbsp;&nbsp;&nbsp; &nbsp;&nbsp;&nbsp;&nbsp;&nbsp;&nbsp;&nbsp;&nbsp;&nbsp;&nbsp;&nbsp; Din 28 ianuarie 2014<\/p>\n\n\n\n<p>Privind aprobarea modificarii art.23 din Regulamentul de organizare \u015fi func\u0163ionare a Bibliotecii or\u0103\u015fenesti Jibou.<\/p>\n\n\n\n<p>&nbsp;&nbsp;&nbsp;&nbsp;&nbsp;&nbsp;&nbsp;&nbsp;&nbsp;&nbsp;&nbsp; Consiliul Local al Ora\u015fului Jibou, \u00eentrunit \u00een \u015fedin\u0163\u0103 ordinar\u0103 \u00een data de 28 ianuarie 2014;<\/p>\n\n\n\n<p>&nbsp;&nbsp;&nbsp;&nbsp;&nbsp;&nbsp;&nbsp;&nbsp;&nbsp;&nbsp;&nbsp; V\u0103z\u00e2nd referatul de specialitate nr.133\/15.01.2014&nbsp; al secretarului orasului Jibou privind solicitarea depusa de Biblioteca oraseneasca&nbsp; Jibou de a se modifica art. 23 din Regulamentul de organizare si functionare al Bibliotecii, respectiv orarul de functionare,<\/p>\n\n\n\n<p>expunerea de motive a d.lui primar; avizele comisiilor de specialitate nr.2 si nr.3 ale Consiliului Local&nbsp; cu nr. ; <\/p>\n\n\n\n<p>Potrivit prevederilor&nbsp; Legii nr.334\/2002, legea bibliotecilor, republicat\u0103 cu modific\u0103rile \u015fi complet\u0103rile ulterioare,<\/p>\n\n\n\n<p>In baza prevederilor art. 36(2) lit.d, (6) lit.a, pct.1,4 din Legea nr.215\/2001, rep.<\/p>\n\n\n\n<p>In temeiul art. 45(1,2)&nbsp; din Legea nr.215\/2001 privind administra\u0163ia public\u0103 local\u0103, republicat\u0103 cu modificarile si completarile ulterioare,<\/p>\n\n\n\n<p>&nbsp;&nbsp;&nbsp;&nbsp;&nbsp;&nbsp;&nbsp;&nbsp;&nbsp;&nbsp;&nbsp;&nbsp;&nbsp;&nbsp;&nbsp;&nbsp;&nbsp;&nbsp;&nbsp;&nbsp;&nbsp;&nbsp;&nbsp; &nbsp;&nbsp;&nbsp;&nbsp;&nbsp;&nbsp;&nbsp;&nbsp;&nbsp;&nbsp;&nbsp; Hot\u0103r\u0103\u015fte:<\/p>\n\n\n\n<p>Art. 1&nbsp; Se aprob\u0103 modificarea art.23 din Regulamentul de organizare \u015fi func\u0163ionare a Bibliotecii or\u0103\u015fenesti Jibou, aprobat prin HCL nr.94\/18.12.2012, respectiv orarul de functionare&nbsp; care va avea urmatorul continut:<\/p>\n\n\n\n<p>Luni-vineri intre orele 9.00-17.30, cu pauza de masa 30 minute.<\/p>\n\n\n\n<p>&nbsp;&nbsp;&nbsp;&nbsp;&nbsp;&nbsp;&nbsp;&nbsp;&nbsp;&nbsp;&nbsp; Art 2. Celelalte prevederi ale HCL nr.93\/2012 si ale Regulamentului de organizare \u015fi func\u0163ionare a Bibliotecii or\u0103\u015fenesti Jibou, raman neschimbate.<\/p>\n\n\n\n<p>Art. 2 \u2013 Cu ducerea la \u00eendeplinire a prezentei se \u00eencredin\u0163eaz\u0103 dl.Gyorfi Deak Gyorgyi, bibliotecar .<\/p>\n\n\n\n<p>Art. 3 \u2013 Prezenta se comunic\u0103 cu:<\/p>\n\n\n\n<p>PRE\u015eEDINTE DE \u015eEDIN\u0162\u0102,&nbsp;&nbsp;&nbsp;&nbsp;&nbsp;&nbsp;&nbsp;&nbsp;&nbsp;&nbsp;&nbsp;&nbsp;&nbsp;&nbsp;&nbsp;&nbsp;&nbsp;&nbsp;&nbsp;&nbsp;&nbsp;&nbsp;&nbsp; &nbsp;&nbsp;&nbsp;&nbsp;&nbsp;&nbsp;&nbsp;&nbsp;&nbsp;&nbsp;&nbsp;&nbsp;&nbsp;&nbsp;&nbsp;&nbsp;&nbsp;&nbsp;&nbsp;&nbsp;&nbsp;&nbsp;&nbsp; Contrasemneaz\u0103:<\/p>\n\n\n\n<p>&nbsp;&nbsp; Dumuta Mihaela&nbsp;&nbsp;&nbsp;&nbsp;&nbsp;&nbsp;&nbsp;&nbsp;&nbsp;&nbsp;&nbsp;&nbsp;&nbsp;&nbsp;&nbsp;&nbsp;&nbsp;&nbsp;&nbsp;&nbsp;&nbsp;&nbsp;&nbsp;&nbsp;&nbsp;&nbsp;&nbsp;&nbsp;&nbsp;&nbsp;&nbsp;&nbsp;&nbsp;&nbsp;&nbsp;&nbsp;&nbsp;&nbsp;&nbsp;&nbsp;&nbsp;&nbsp;&nbsp;&nbsp;&nbsp;&nbsp;&nbsp;&nbsp;&nbsp;&nbsp;&nbsp;&nbsp;&nbsp;&nbsp;&nbsp; &nbsp;&nbsp;&nbsp;&nbsp;&nbsp;&nbsp;&nbsp;&nbsp;&nbsp;&nbsp;&nbsp; Secretar ora\u015f,<\/p>\n\n\n\n<p>&nbsp;&nbsp;&nbsp;&nbsp;&nbsp;&nbsp;&nbsp;&nbsp;&nbsp;&nbsp;&nbsp;&nbsp;&nbsp;&nbsp;&nbsp;&nbsp;&nbsp;&nbsp;&nbsp;&nbsp;&nbsp;&nbsp;&nbsp;&nbsp;&nbsp;&nbsp;&nbsp;&nbsp;&nbsp;&nbsp;&nbsp;&nbsp;&nbsp;&nbsp;&nbsp;&nbsp;&nbsp;&nbsp;&nbsp;&nbsp;&nbsp;&nbsp;&nbsp;&nbsp;&nbsp;&nbsp;&nbsp;&nbsp;&nbsp;&nbsp;&nbsp;&nbsp;&nbsp;&nbsp;&nbsp;&nbsp;&nbsp;&nbsp;&nbsp;&nbsp;&nbsp;&nbsp;&nbsp;&nbsp;&nbsp;&nbsp;&nbsp;&nbsp;&nbsp;&nbsp;&nbsp;&nbsp;&nbsp;&nbsp;&nbsp;&nbsp;&nbsp;&nbsp;&nbsp;&nbsp;&nbsp;&nbsp;&nbsp;&nbsp;&nbsp;&nbsp;&nbsp;&nbsp;&nbsp;&nbsp;&nbsp;&nbsp;&nbsp;&nbsp;&nbsp; Opri\u015f Maria <\/p>\n","protected":false},"excerpt":{"rendered":"<p>ROM\u00c2NIA JUDETUL SALAJ ORA\u015eUL JIBOU CONSILIUL LOCAL &nbsp;&nbsp;&nbsp;&nbsp;&nbsp;&nbsp;&nbsp;&nbsp;&nbsp;&nbsp;&nbsp;&nbsp;&nbsp;&nbsp;&nbsp;&nbsp;&nbsp;&nbsp;&nbsp;&nbsp;&nbsp;&nbsp;&nbsp;&nbsp;&nbsp;&nbsp;&nbsp;&nbsp;&nbsp;&nbsp;&nbsp;&nbsp;&nbsp;&nbsp;&nbsp; HOTARAREA NR. 4 &nbsp;&nbsp;&nbsp;&nbsp;&nbsp;&nbsp;&nbsp;&nbsp;&nbsp;&nbsp;&nbsp;&nbsp;&nbsp;&nbsp;&nbsp;&nbsp;&nbsp;&nbsp;&nbsp;&nbsp;&nbsp;&nbsp;&nbsp; &nbsp;&nbsp;&nbsp;&nbsp;&nbsp;&nbsp;&nbsp;&nbsp;&nbsp;&nbsp;&nbsp; Din 28 ianuarie 2014 Privind aprobarea modificarii art.23 din Regulamentul de organizare&#8230;<\/p>\n","protected":false},"author":1,"featured_media":0,"parent":0,"menu_order":0,"comment_status":"closed","ping_status":"closed","template":"","meta":{"footnotes":""},"class_list":["post-6549","page","type-page","status-publish","hentry"],"_links":{"self":[{"href":"https:\/\/primariajibou.ro\/site\/wp-json\/wp\/v2\/pages\/6549","targetHints":{"allow":["GET"]}}],"collection":[{"href":"https:\/\/primariajibou.ro\/site\/wp-json\/wp\/v2\/pages"}],"about":[{"href":"https:\/\/primariajibou.ro\/site\/wp-json\/wp\/v2\/types\/page"}],"author":[{"embeddable":true,"href":"https:\/\/primariajibou.ro\/site\/wp-json\/wp\/v2\/users\/1"}],"replies":[{"embeddable":true,"href":"https:\/\/primariajibou.ro\/site\/wp-json\/wp\/v2\/comments?post=6549"}],"version-history":[{"count":0,"href":"https:\/\/primariajibou.ro\/site\/wp-json\/wp\/v2\/pages\/6549\/revisions"}],"wp:attachment":[{"href":"https:\/\/primariajibou.ro\/site\/wp-json\/wp\/v2\/media?parent=6549"}],"curies":[{"name":"wp","href":"https:\/\/api.w.org\/{rel}","templated":true}]}}