{"id":293,"date":"2018-09-13T07:52:50","date_gmt":"2018-09-13T05:52:50","guid":{"rendered":"https:\/\/primariajibou.ro\/site\/?page_id=293"},"modified":"2025-01-09T14:02:50","modified_gmt":"2025-01-09T12:02:50","slug":"formulare-tipizate","status":"publish","type":"page","link":"https:\/\/primariajibou.ro\/site\/formulare-tipizate\/","title":{"rendered":"Formulare tipizate"},"content":{"rendered":"\t\t<div data-elementor-type=\"wp-post\" data-elementor-id=\"293\" class=\"elementor elementor-293\">\n\t\t\t\t\t\t<section class=\"elementor-section elementor-top-section elementor-element elementor-element-38fae6d4 elementor-section-boxed elementor-section-height-default elementor-section-height-default\" data-id=\"38fae6d4\" data-element_type=\"section\" data-e-type=\"section\">\n\t\t\t\t\t\t<div class=\"elementor-container elementor-column-gap-default\">\n\t\t\t\t\t<div class=\"elementor-column elementor-col-100 elementor-top-column elementor-element elementor-element-456a01b\" data-id=\"456a01b\" data-element_type=\"column\" data-e-type=\"column\">\n\t\t\t<div class=\"elementor-widget-wrap elementor-element-populated\">\n\t\t\t\t\t\t<div class=\"elementor-element elementor-element-3a69a7a2 elementor-widget elementor-widget-text-editor\" data-id=\"3a69a7a2\" data-element_type=\"widget\" data-e-type=\"widget\" data-widget_type=\"text-editor.default\">\n\t\t\t\t<div class=\"elementor-widget-container\">\n\t\t\t\t\t\t\t\t\t<h5>Formulare finantare unitati de cult<\/h5><ul><li><a href=\"https:\/\/primariajibou.ro\/site\/wp-content\/uploads\/2023\/06\/Raport-de-justificare-1.doc\">Raport-de-justificare <\/a><\/li><li><a href=\"https:\/\/primariajibou.ro\/site\/wp-content\/uploads\/2023\/06\/Cerere-tip-valabila-2023.doc\">Cerere-tip-valabila-2023<\/a><\/li><li><a href=\"https:\/\/primariajibou.ro\/site\/wp-content\/uploads\/2023\/06\/declaratie-impartialitate-culte.doc\">declaratie impartialitate culte<\/a><\/li><li><a href=\"https:\/\/primariajibou.ro\/site\/wp-content\/uploads\/2023\/06\/DECLARATIE-pe-propria-raspundere-valabila-de-la-1-februarie-2019-1.docx\">DECLARA\u0162IE-pe-propria-r\u0103spundere-valabila-de-la-1-februarie-2019<\/a><\/li><\/ul><h5>Compartiment agricol<\/h5><ul><li><a href=\"https:\/\/primariajibou.ro\/site\/wp-content\/uploads\/2018\/09\/Adev-platit-taxa-timbru-2-lei.pdf\">Adeverin\u021b\u0103 platit taxa timbru 2 lei<\/a><\/li><li><a href=\"https:\/\/primariajibou.ro\/site\/wp-content\/uploads\/2018\/09\/adev-scutit.pdf\">Adeverin\u021b\u0103 scutit<\/a><\/li><li><a href=\"https:\/\/primariajibou.ro\/site\/wp-content\/uploads\/2018\/09\/adeverinta_social.pdf\">Adeverin\u021b\u0103 social<\/a><\/li><li><a href=\"https:\/\/primariajibou.ro\/site\/wp-content\/uploads\/2018\/09\/Cerere-autorizatie-taiere-nuci.pdf\">Cerere autorizatie taiere nuci<\/a><\/li><li><a href=\"https:\/\/primariajibou.ro\/site\/wp-content\/uploads\/2018\/09\/Certificat-de-atestare-a-edificarii-constuctiilor.pdf\">Certificat de atestare a edificarii constructiilor<\/a><\/li><li><a href=\"https:\/\/primariajibou.ro\/site\/wp-content\/uploads\/2018\/09\/MODEL-Contract-de-arenda.pdf\">MODEL &#8211; Contract de arenda<\/a><\/li><li><a href=\"https:\/\/primariajibou.ro\/site\/wp-content\/uploads\/2018\/09\/cerere-adev-pamint.pdf\">Cerere adeverin\u021b\u0103 p\u0103m\u00e2nt<\/a><\/li><li><a href=\"https:\/\/primariajibou.ro\/site\/wp-content\/uploads\/2018\/09\/ag_certificat_producator.pdf\">Cerere certificat produc\u0103tor<\/a><\/li><li><a href=\"https:\/\/primariajibou.ro\/site\/wp-content\/uploads\/2018\/09\/Declaratie-Fiscala-Impozit-Persoane-Fizice.pdf\">Declaratie Fiscala Impozit Persoane Fizice<\/a><\/li><li><a href=\"https:\/\/primariajibou.ro\/site\/wp-content\/uploads\/2018\/09\/Declaratie-Fiscala-Impozit-Persoane-Juridice.pdf\">Declaratie Fiscala Impozit Persoane Juridice<\/a><\/li><\/ul><hr \/><h5>Tipizate &#8211; Legea nr. 17\/2014 &#8211; Referitoare la vanzarea terenurilor<\/h5><ul><li><a href=\"https:\/\/primariajibou.ro\/site\/wp-content\/uploads\/2018\/09\/Adeverinta-de-vanzare.pdf\">Adeverinta de v\u00e2nzare<\/a><\/li><li><a href=\"https:\/\/primariajibou.ro\/site\/wp-content\/uploads\/2018\/09\/Adresa-Legea-17-2014.pdf\">Adres\u0103 Legea 17 2014<\/a><\/li><li><a href=\"https:\/\/primariajibou.ro\/site\/wp-content\/uploads\/2018\/09\/Lista-Preemtori-1C.pdf\">Lista Preemtori 1C<\/a><\/li><li><a href=\"https:\/\/primariajibou.ro\/site\/wp-content\/uploads\/2018\/09\/Model-Cerere-L172014.pdf\">Model Cerere L172014<\/a><\/li><li><a href=\"https:\/\/primariajibou.ro\/site\/wp-content\/uploads\/2018\/09\/oferta-de-vanzare-teren-persoane_juridice.pdf\">Oferta de vanzare teren-persoane_juridice<\/a><\/li><li><a href=\"https:\/\/primariajibou.ro\/site\/wp-content\/uploads\/2018\/09\/Oferta-vanzare.pdf\">Oferta v\u00e2nzare teren persoane fizice<\/a><\/li><\/ul><hr \/><h5>Direc\u021bia de Asisten\u021b\u0103 Social\u0103<\/h5><ul><li><a href=\"https:\/\/primariajibou.ro\/site\/wp-content\/uploads\/2021\/10\/cerere-anexa-26.pdf\">Cerere- declaratie pe propria raspundere pentru acordarea unor drepturi de asistenta sociala &#8211; anexa 26<\/a><\/li><li><a href=\"https:\/\/primariajibou.ro\/site\/wp-content\/uploads\/2021\/10\/cerere-simpla-anexa-27.pdf\">Cerere- declaratie pe propria raspundere pentru modificarea cererii de acordare a unor drepturi de asistenta sociala sau pentru acordarea unor drepturi noi- anexa 27<\/a><\/li><li><a href=\"https:\/\/primariajibou.ro\/site\/wp-content\/uploads\/2020\/09\/Cerere-acordare-stimulent-educa\u021bional-cf.-OUG-133.pdf\">Cerere acordare stimulent educa\u021bional cf. OUG 133<\/a><\/li><li><a href=\"https:\/\/primariajibou.ro\/site\/wp-content\/uploads\/2018\/09\/alocatia_de_stat_pentru_copii.pdf\">Cerere pentru Alocatia de stat pentru copii<\/a><\/li><li><a href=\"https:\/\/primariajibou.ro\/site\/wp-content\/uploads\/2018\/10\/cerere-modificari-date-alocatie-de-stat.pdf\">Cerere modificari date alocatie de stat<\/a><\/li><li><a href=\"https:\/\/primariajibou.ro\/site\/wp-content\/uploads\/2018\/10\/20170828-Cerere-acordare-aj-urgenta.pdf\">Cerere-acordare-ajutor-urgenta<\/a><\/li><li><a href=\"https:\/\/primariajibou.ro\/site\/wp-content\/uploads\/2018\/10\/cerere_icc.pdf\">Cerere indemnizatie cresterea copilului<\/a><\/li><li><a href=\"https:\/\/primariajibou.ro\/site\/wp-content\/uploads\/2018\/10\/adev_angajator24-1.pdf\">Adeverinta_angajator venituri<\/a><\/li><li><a href=\"https:\/\/primariajibou.ro\/site\/wp-content\/uploads\/2018\/10\/Adeverinta-angajator-reluare-activitate.pdf\">Adeverinta angajator reluare activitate<\/a><\/li><li><a href=\"https:\/\/primariajibou.ro\/site\/wp-content\/uploads\/2023\/09\/Anexa-nr-3-cerere.doc\">Cerere ajutor situatii deosebite<\/a><\/li><li><a href=\"https:\/\/primariajibou.ro\/site\/wp-content\/uploads\/2024\/10\/Cerere-Ajutor-Incalzire-2024-2025-1.pdf\">Cerere Ajutor \u00cenc\u0103lzire 2024-2025<\/a><\/li><\/ul><hr \/><h5>Compartiment Urbanism \u0219i Amenajare Teritorial\u0103<\/h5><ul><li><a href=\"https:\/\/primariajibou.ro\/site\/wp-content\/uploads\/2018\/09\/cerere_emitere_autorizatie_construire.pdf\">Cerere emitere autorizatie construire<\/a><\/li><li><a href=\"https:\/\/primariajibou.ro\/site\/wp-content\/uploads\/2018\/09\/cerere_emitere_certificat_urbanism.pdf\">Cerere emitere certificat urbanism<\/a><\/li><li><a href=\"https:\/\/primariajibou.ro\/site\/wp-content\/uploads\/2018\/09\/cerere_prelungire_autorizatie_construire.pdf\">Cerere prelungire autorizatie construire<\/a><\/li><li><a href=\"https:\/\/primariajibou.ro\/site\/wp-content\/uploads\/2018\/09\/cerere_prelungire_certificat_urbanism.pdf\">Cerere prelungire certificat urbanism<\/a><\/li><li><a href=\"https:\/\/primariajibou.ro\/site\/wp-content\/uploads\/2018\/09\/comunicare_incepere_lucrari.pdf\">Comunicare incepere lucrari<\/a><\/li><li><a href=\"https:\/\/primariajibou.ro\/site\/wp-content\/uploads\/2018\/09\/comunicare_incheiere_lucrari.pdf\">Comunicare incheiere lucrari<\/a><\/li><li><a href=\"https:\/\/primariajibou.ro\/site\/wp-content\/uploads\/2018\/09\/model_panou_identificare.pdf\">Model panou identificare<\/a><\/li><li><a href=\"https:\/\/primariajibou.ro\/site\/wp-content\/uploads\/2025\/01\/Cerere-tip-parcare-.-prelungire-contracte-Persoane-fizice.doc.docx\">Cerere tip parcare persoane fizice doc<\/a><\/li><li><a href=\"https:\/\/primariajibou.ro\/site\/wp-content\/uploads\/2025\/01\/Cerere-tip-parcare-.-prelungire-contracte-Persoane-juridice-4.pdf\">Cerere tip parcare persoane juridice<\/a><\/li><\/ul><hr \/><h5>Formulare informatii de interes public<\/h5><ul><li><a href=\"https:\/\/primariajibou.ro\/site\/wp-content\/uploads\/2018\/09\/l544_cerere.pdf\">Cerere conform Legii nr. 544\/2001 privind liberul acces la informatiile de interes public<\/a><\/li><li><a href=\"https:\/\/primariajibou.ro\/site\/wp-content\/uploads\/2018\/09\/l544_reclamatie.pdf\">Reclamatie administrativa ca urmare a unui raspuns negativ, conform Legii nr.544\/2001 privind liberul acces la informatiile de interes public<\/a><\/li><li><a href=\"https:\/\/primariajibou.ro\/site\/wp-content\/uploads\/2018\/09\/l544_reclamatie1.pdf\">Reclamatie administrativa in urma neprimirii informatiilor solicitate, conform Legii nr.544\/2001 privind liberul acces la informatiile de interes public<\/a><\/li><\/ul><hr \/><h5>Impozite si taxe- Persoane fizice<\/h5><ul><li><a href=\"https:\/\/primariajibou.ro\/site\/wp-content\/uploads\/2018\/09\/anexa_la_decl_fisc_stab_imp_cladiri_pf_model_itl_105.pdf\">Anexa la declaratia fiscala pentru stabilirea impozitului pe cladiri pf model itl 105<\/a><\/li><li><a class=\"cale\" href=\"https:\/\/primariajibou.ro\/pdf\/anexa_la_decl_fisc_stab_imp_teren_pf_model_itl_106.pdf\" target=\"_blank\" rel=\"noopener\">Anexa la declaratia fiscala pentru stabilirea impozitului pe teren pf model itl 106<\/a><\/li><li><a class=\"cale\" href=\"https:\/\/primariajibou.ro\/pdf\/Cerere_eliberare_certificat_fiscal_privind_impozitele_si_taxele_locale_persoane_fizice.pdf\" target=\"_blank\" rel=\"noopener\">Cerere eliberare certificat fiscal privind impozitele si taxele locale persoane fizice<\/a><\/li><li><a href=\"https:\/\/primariajibou.ro\/site\/wp-content\/uploads\/2018\/09\/Declaratie_de_impunere_privind_impozitul_pe_cladiri_persoane_fizice-FATA.pdf\">Declaratie de impunere privind impozitul pe cladiri persoane fizice FATA<\/a><\/li><li><a href=\"https:\/\/primariajibou.ro\/site\/wp-content\/uploads\/2018\/09\/Declaratie_de_impunere_privind_impozitul_pe_cladiri_persoane_fizice-VERSO.pdf\">Declaratie de impunere privind impozitul pe cladiri persoane fizice VERSO<\/a><\/li><li><a href=\"https:\/\/primariajibou.ro\/site\/wp-content\/uploads\/2018\/09\/Declaratie_de_impunere_privind_impozitul_pe_teren_persoane_fizice.pdf\">Declaratie de impunere privind_impozitul pe teren persoane fizice<\/a><\/li><\/ul><hr \/><h5>Impozite si taxe &#8211; Persoane juridice<\/h5><ul><li><a href=\"https:\/\/primariajibou.ro\/site\/wp-content\/uploads\/2018\/09\/anexa_la_decl_fisc_stab_imp_cladiri_pj_model_itl_107.pdf\">Anexa la declaratia fiscala pentru stabilirea impozitului pe cladiri pj model itl 107<\/a><\/li><li><a href=\"https:\/\/primariajibou.ro\/site\/wp-content\/uploads\/2018\/09\/anexa_la_decl_fisc_stab_imp_teren_pj_model_itl_108.pdf\">Anexa la declaratia fiscala pentru stabilirea impozitului pe teren pj model itl 108<\/a><\/li><li><a href=\"https:\/\/primariajibou.ro\/site\/wp-content\/uploads\/2018\/09\/cerere_eliberare_certificat_fiscal_persoane_juridice.pdf\">Cerere eliberare certificat fiscal privind impozitele si taxele locale persoane juridice<\/a><\/li><li><a href=\"https:\/\/primariajibou.ro\/site\/wp-content\/uploads\/2018\/09\/cerere_inregistrare_bilete_spectaloce.pdf\">Cerere_inregistrare_bilete_spectacole<\/a><\/li><li><a href=\"https:\/\/primariajibou.ro\/site\/wp-content\/uploads\/2018\/09\/declaraitie_de_impunere_taxa_afisaj_persoane_juridice.pdf\">Declaratie de impunere taxa afisaj persoane juridice<\/a><\/li><li><a href=\"https:\/\/primariajibou.ro\/site\/wp-content\/uploads\/2018\/09\/declaratie_de_impunere_mpozite_cladiri_persoane_juridice.pdf\">Declaratie de impunere privind impozitul pe cladiri persoane juridice<\/a><\/li><li><a href=\"https:\/\/primariajibou.ro\/site\/wp-content\/uploads\/2018\/09\/Declaratie_de_impunere_privind_impozitul_pe_teren_persoane_juridice.pdf\">Declaratie de impunere privind impozitul pe teren persoane juridice<\/a><\/li><li><a href=\"https:\/\/primariajibou.ro\/site\/wp-content\/uploads\/2018\/09\/Declaratie_de_impunere_privind_mijloacele_de_transport_pe_apa_persoane_juridice.pdf\">Declaratie de impunere privind impozitul pe mijloacele de transport pe apa persoane juridice<\/a><\/li><li><a href=\"https:\/\/primariajibou.ro\/site\/wp-content\/uploads\/2018\/09\/Delaratie_de_impunere_privind_mijloacele_de_transport_peste_12_tone_persoane_juridice-FATA.pdf\">Declaratie de impunere privind impozitul pe mijloacele de transport persoane juridice FATA<\/a><\/li><li><a href=\"https:\/\/primariajibou.ro\/site\/wp-content\/uploads\/2018\/09\/Declaratie_de_impunere_privind_mijloacele_de_transport_persoane_juridice-VERSO.pdf\">Declaratie de impunere privind impozitul pe mijloacele de transport persoane juridice VERSO<\/a><\/li><li><a href=\"https:\/\/primariajibou.ro\/site\/wp-content\/uploads\/2018\/09\/Delaratie_de_impunere_privind_mijloacele_de_transport_peste_12_tone_persoane_juridice-FATA-1.pdf\">Declaratie de impunere privind impozitul pe mijloacele de transport peste 12 tone persoane juridice FATA<\/a><\/li><li><a href=\"https:\/\/primariajibou.ro\/site\/wp-content\/uploads\/2018\/09\/Delaratie_de_impunere_privind_mijloacele_de_transport_peste_12_tone_persoane_juridice-VERSO.pdf\">Declaratie de impunere privind impozitul pe mijloacele de transport peste 12 tone persoane juridice VERSO<\/a><\/li><li><a href=\"https:\/\/primariajibou.ro\/site\/wp-content\/uploads\/2018\/09\/impozite_spectal_persoane_juridice.pdf\">Impozit pe spectacol persoane juridice<\/a><\/li><\/ul><hr \/><h5>Stare civil\u0103<\/h5><ul><li><a href=\"https:\/\/primariajibou.ro\/site\/wp-content\/uploads\/2018\/09\/Cerere-solicitare-certificat.pdf\">Cerere solicitare certificat<\/a><\/li><li><a href=\"https:\/\/primariajibou.ro\/site\/wp-content\/uploads\/2020\/04\/Dosar-casatorie-anexa.pdf\">Dosar casatorie, anexa<\/a><\/li><li><a href=\"https:\/\/primariajibou.ro\/site\/wp-content\/uploads\/2020\/04\/Declaratie-casatorie.pdf\">Declaratie casatorie<\/a><\/li><\/ul><hr \/><h5>Serviciul Public Comunitar Local de Evidenta a Persoanelor<\/h5><ul><li><a href=\"https:\/\/primariajibou.ro\/site\/wp-content\/uploads\/2018\/09\/Cerere-pentru-eliberarea-actului-de-identitate-ca-urmare-a-schimbarii-domiciliului-din-strainatate-in-Romania.pdf\">Cerere pentru eliberarea actului de identitate ca urmare a schimbarii domiciliului din strainatate in Romania<\/a><\/li><li><a href=\"https:\/\/primariajibou.ro\/site\/wp-content\/uploads\/2018\/09\/Cerere-pentru-inscrierea-in-actul-de-identitate-a-mentiunii-privind-stabilirea-resedintei.pdf\">Cerere pentru inscrierea in actul de identitate a mentiunii privind stabilirea resedintei<\/a><\/li><li><a href=\"https:\/\/primariajibou.ro\/site\/wp-content\/uploads\/2018\/09\/CERERE_ELIBERAREA_ACTULUI_cetatenilor_cu_domiciliul_in_strainatate.pdf\">CERERE_ELIBERAREA_ACTULUI_cetatenilor_cu_domiciliul_in_strainatate<\/a><\/li><li><a href=\"https:\/\/primariajibou.ro\/site\/wp-content\/uploads\/2018\/09\/Cerere_pentru_eliberarea_actului_de_identitate.pdf\">Cerere_pentru_eliberarea_actului_de_identitate<\/a><\/li><\/ul><p>Alte formulare<\/p><ul><li><a href=\"https:\/\/primariajibou.ro\/site\/wp-content\/uploads\/2024\/02\/formular-solicitare-acord-protest_0001.pdf\">formular solicitare acord organizare protest<\/a><\/li><\/ul><hr \/>\t\t\t\t\t\t\t\t<\/div>\n\t\t\t\t<\/div>\n\t\t\t\t\t<\/div>\n\t\t<\/div>\n\t\t\t\t\t<\/div>\n\t\t<\/section>\n\t\t\t\t<\/div>\n\t\t","protected":false},"excerpt":{"rendered":"<p>Formulare finantare unitati de cult Raport-de-justificare Cerere-tip-valabila-2023 declaratie impartialitate culte DECLARA\u0162IE-pe-propria-r\u0103spundere-valabila-de-la-1-februarie-2019 Compartiment agricol Adeverin\u021b\u0103 platit taxa timbru 2 lei Adeverin\u021b\u0103 scutit Adeverin\u021b\u0103 social Cerere autorizatie&#8230;<\/p>\n","protected":false},"author":1,"featured_media":0,"parent":0,"menu_order":0,"comment_status":"closed","ping_status":"closed","template":"","meta":{"footnotes":""},"class_list":["post-293","page","type-page","status-publish","hentry"],"_links":{"self":[{"href":"https:\/\/primariajibou.ro\/site\/wp-json\/wp\/v2\/pages\/293","targetHints":{"allow":["GET"]}}],"collection":[{"href":"https:\/\/primariajibou.ro\/site\/wp-json\/wp\/v2\/pages"}],"about":[{"href":"https:\/\/primariajibou.ro\/site\/wp-json\/wp\/v2\/types\/page"}],"author":[{"embeddable":true,"href":"https:\/\/primariajibou.ro\/site\/wp-json\/wp\/v2\/users\/1"}],"replies":[{"embeddable":true,"href":"https:\/\/primariajibou.ro\/site\/wp-json\/wp\/v2\/comments?post=293"}],"version-history":[{"count":0,"href":"https:\/\/primariajibou.ro\/site\/wp-json\/wp\/v2\/pages\/293\/revisions"}],"wp:attachment":[{"href":"https:\/\/primariajibou.ro\/site\/wp-json\/wp\/v2\/media?parent=293"}],"curies":[{"name":"wp","href":"https:\/\/api.w.org\/{rel}","templated":true}]}}