{"id":20512,"date":"2025-01-09T10:24:02","date_gmt":"2025-01-09T08:24:02","guid":{"rendered":"https:\/\/primariajibou.ro\/site\/?page_id=20512"},"modified":"2026-02-04T11:38:24","modified_gmt":"2026-02-04T09:38:24","slug":"procese-verbale-ale-consiliului-local-2025","status":"publish","type":"page","link":"https:\/\/primariajibou.ro\/site\/procese-verbale-ale-consiliului-local-2025\/","title":{"rendered":"Procese verbale ale Consiliului Local \u2013 2025"},"content":{"rendered":"\t\t<div data-elementor-type=\"wp-page\" data-elementor-id=\"20512\" class=\"elementor elementor-20512\">\n\t\t\t\t\t\t<section class=\"elementor-section elementor-top-section elementor-element elementor-element-db9c069 elementor-section-boxed elementor-section-height-default elementor-section-height-default\" data-id=\"db9c069\" data-element_type=\"section\" data-e-type=\"section\">\n\t\t\t\t\t\t<div class=\"elementor-container elementor-column-gap-default\">\n\t\t\t\t\t<div class=\"elementor-column elementor-col-100 elementor-top-column elementor-element elementor-element-427035f\" data-id=\"427035f\" data-element_type=\"column\" data-e-type=\"column\">\n\t\t\t<div class=\"elementor-widget-wrap elementor-element-populated\">\n\t\t\t\t\t\t\t<\/div>\n\t\t<\/div>\n\t\t\t\t\t<\/div>\n\t\t<\/section>\n\t\t\t\t<section class=\"elementor-section elementor-top-section elementor-element elementor-element-2f91264 elementor-section-boxed elementor-section-height-default elementor-section-height-default\" data-id=\"2f91264\" data-element_type=\"section\" data-e-type=\"section\">\n\t\t\t\t\t\t<div class=\"elementor-container elementor-column-gap-default\">\n\t\t\t\t\t<div class=\"elementor-column elementor-col-100 elementor-top-column elementor-element elementor-element-3112273\" data-id=\"3112273\" data-element_type=\"column\" data-e-type=\"column\">\n\t\t\t<div class=\"elementor-widget-wrap elementor-element-populated\">\n\t\t\t\t\t\t<div class=\"elementor-element elementor-element-438592d elementor-widget__width-initial elementor-widget elementor-widget-text-editor\" data-id=\"438592d\" data-element_type=\"widget\" data-e-type=\"widget\" data-widget_type=\"text-editor.default\">\n\t\t\t\t<div class=\"elementor-widget-container\">\n\t\t\t\t\t\t\t\t\t<h4>Ianuarie 2025<\/h4><p><a href=\"https:\/\/primariajibou.ro\/site\/wp-content\/uploads\/2025\/02\/Proces-verbal-sedinta-extraordinara-din-21.01.2025.pdf\">Proces verbal \u0219edin\u021b\u0103 extraordinar\u0103 din data de 21.01.2025<\/a><\/p><p><a href=\"https:\/\/primariajibou.ro\/site\/wp-content\/uploads\/2025\/02\/Proces-verbal-sedinta-ordinara-din-29.01.2025.pdf\">Proces verbal \u0219edin\u021b\u0103 ordinar\u0103 din data de 29.01.2025<\/a><\/p><h4>Februarie 2025<\/h4><p><a href=\"https:\/\/primariajibou.ro\/site\/wp-content\/uploads\/2025\/03\/proces-verbal-sedinta-extraordinara-14.02.2025.pdf\">Proces verbal \u0219edin\u021b\u0103 extraordinar\u0103 din data de 14.02.2025<\/a><\/p><p><a href=\"https:\/\/primariajibou.ro\/site\/wp-content\/uploads\/2025\/04\/PV-SEDINTA-ORDINARA-25.02.2025.pdf\">Proces verbal \u0219edin\u021b\u0103 ordinar\u0103 25.02.2025<\/a><\/p><h4>Martie 2025<\/h4><p><a href=\"https:\/\/primariajibou.ro\/site\/wp-content\/uploads\/2025\/04\/Proces-verbal-sedinta-de-indata-05.03.2025.pdf\">Proces verbal \u0219edin\u021b\u0103 de \u00eendat\u0103 05.03.2025<\/a><\/p><p><a href=\"https:\/\/primariajibou.ro\/site\/wp-content\/uploads\/2025\/04\/Proces-verbal-sedinta-de-indata-11.03.2025.pdf\">Proces verbal \u0219edin\u021b\u0103 de \u00eendat\u0103 11.03.2025<\/a><\/p><p><a href=\"https:\/\/primariajibou.ro\/site\/wp-content\/uploads\/2025\/04\/Proces-verbal-sedinta-de-indata-14.03.2025.pdf\">Proces verbal \u0219edin\u021b\u0103 de \u00eendat\u0103 14.03.2025<\/a><\/p><p><a href=\"https:\/\/primariajibou.ro\/site\/wp-content\/uploads\/2025\/05\/PV-SEDINTA-ORDINARA-25.03.2025.pdf\">Proces verbal \u0219edin\u021b\u0103 ordinar\u0103 25.03.2025<\/a><\/p><h4>Aprilie 2025<\/h4><p><a href=\"https:\/\/primariajibou.ro\/site\/wp-content\/uploads\/2025\/05\/proces-verbal-sedinta-extraordinara-11.04.2025.pdf\">Proces verbal \u0219edin\u021b\u0103 extraordinar\u0103 11.04.2025<\/a><\/p><p><a href=\"https:\/\/primariajibou.ro\/site\/wp-content\/uploads\/2025\/05\/Proces-verbal-sedinta-ordinara-28.04.2025.pdf\">Proces verbal \u0219edin\u021b\u0103 ordinar\u0103 28.04.2025<\/a><\/p><h4>Mai 2025<\/h4><p><a href=\"https:\/\/primariajibou.ro\/site\/wp-content\/uploads\/2025\/05\/Proces-verbal-sedinta-extraordinara-15.05.2025.pdf\">Proces verbal privind \u0219edin\u021ba extraordinar\u0103 din 15.05.2025<\/a><\/p><p><a href=\"https:\/\/primariajibou.ro\/site\/wp-content\/uploads\/2025\/10\/Proces-verbal-sedinta-ordinara-27.05.2025.pdf\">Proces verbal privind \u0219edin\u021ba ordinar\u0103 din 27.05.2025<\/a><\/p><h4>Iunie 2025<\/h4><p><a href=\"https:\/\/primariajibou.ro\/site\/wp-content\/uploads\/2025\/07\/PV-Sedinta-de-indata-13.06.2025.pdf\">Proces verbal privind \u0219edin\u021ba de \u00eendat\u0103 din 13.06.2025<\/a><\/p><p><a href=\"https:\/\/primariajibou.ro\/site\/wp-content\/uploads\/2026\/02\/proces-verbal-sedinta-ordinara-27.06.2025.pdf\" target=\"_blank\" rel=\"noopener\">Proces verbal privind \u0219edin\u021ba ordinara din 27.06.2025<\/a><\/p><h4>Iulie 2025<\/h4><p><a href=\"https:\/\/primariajibou.ro\/site\/wp-content\/uploads\/2026\/02\/proces-verbal-sedinta-extraordinara-07.07.2025.pdf\" target=\"_blank\" rel=\"noopener\">Proces verbal privind \u0219edin\u021ba extraordinara din 07.07.2025<\/a><\/p><p><a href=\"https:\/\/primariajibou.ro\/site\/wp-content\/uploads\/2026\/02\/proces-verbal-sedinta-de-indata-09.07.2025-1.pdf\" target=\"_blank\" rel=\"noopener\">Proces verbal privind \u0219edin\u021ba extraordinara de \u00eendat\u0103 din 09.07.2025<\/a><\/p><p><a href=\"https:\/\/primariajibou.ro\/site\/wp-content\/uploads\/2026\/02\/proces-verbal-sedinta-ordinara-29.07.2025.pdf\" target=\"_blank\" rel=\"noopener\">Proces verbal privind \u0219edin\u021ba ordinara din 29.07.2025<\/a><\/p><h4>August 2025<\/h4><p><a href=\"https:\/\/primariajibou.ro\/site\/wp-content\/uploads\/2026\/02\/proces-verbal-sedinta-ordinara-26.08.2025.pdf\" target=\"_blank\" rel=\"noopener\">Proces verbal privind \u0219edin\u021ba ordinara din 26.08.2025<\/a><\/p><h4>Septembrie 2025<\/h4><p><a href=\"https:\/\/primariajibou.ro\/site\/wp-content\/uploads\/2026\/02\/proces-verbal-sedinta-extraordinara-05.09.2025.pdf\" target=\"_blank\" rel=\"noopener\">Proces verbal privind \u0219edin\u021ba extraordinara din 05.09.2025<\/a><\/p><p><a href=\"https:\/\/primariajibou.ro\/site\/wp-content\/uploads\/2026\/02\/proces-verbal-sedinta-ordinara-30.09.2025-1.pdf\" target=\"_blank\" rel=\"noopener\">Proces verbal privind \u0219edin\u021ba ordinara din 30.09.2025<\/a><\/p><h4>Octombrie 2025<\/h4><p><a href=\"https:\/\/primariajibou.ro\/site\/wp-content\/uploads\/2026\/02\/proces-verbal-sedinta-de-indata-06.10.2025.pdf\" target=\"_blank\" rel=\"noopener\">Proces verbal privind \u0219edin\u021ba extraordinara de \u00eendat\u0103 din 06.10.2025<\/a><\/p><p><a href=\"https:\/\/primariajibou.ro\/site\/wp-content\/uploads\/2026\/02\/proces-verbal-sedinta-extraordinara-16.10.2025.pdf\" target=\"_blank\" rel=\"noopener\">Proces verbal privind \u0219edin\u021ba extraordinara din 16.10.2025<\/a><\/p><p><a href=\"https:\/\/primariajibou.ro\/site\/wp-content\/uploads\/2026\/02\/proces-verbal-sedinta-ordinara-28.10.2025.pdf\" target=\"_blank\" rel=\"noopener\">Proces verbal\u00a0 privind \u0219edin\u021ba ordinara din 28.10.2025<\/a><\/p><h4>Noiembrie\u00a0 2025<\/h4><p><a href=\"https:\/\/primariajibou.ro\/site\/wp-content\/uploads\/2026\/02\/proces-verbal-sedinta-de-indata-13.11.2025.pdf\" target=\"_blank\" rel=\"noopener\">Proces verbal privind \u0219edin\u021ba extraordinara de \u00eendat\u0103 din 13.11.2025<\/a><\/p><p><a href=\"https:\/\/primariajibou.ro\/site\/wp-content\/uploads\/2026\/02\/proces-verbal-sedinta-ordinara-25.11.2025.pdf\" target=\"_blank\" rel=\"noopener\">Proces verbal privind \u0219edin\u021ba ordinara din 25.11.2025<\/a><\/p><h4>Decembrie\u00a0 2025<\/h4><p><a href=\"https:\/\/primariajibou.ro\/site\/wp-content\/uploads\/2026\/02\/proces-verbal-sedinta-de-indata-05.12.2025.pdf\" target=\"_blank\" rel=\"noopener\">Proces verbal privind \u0219edin\u021ba extraordinara de \u00eendat\u0103 din 05.12.2025<\/a><\/p><p><a href=\"_wp_link_placeholder\">Proces verbal privind \u0219edin\u021ba<\/a><a href=\"https:\/\/primariajibou.ro\/site\/wp-content\/uploads\/2026\/02\/proces-verbal-sedinta-de-indata-10.12.2025.pdf\" target=\"_blank\" rel=\"noopener\"> extraordinara de \u00eendat\u0103 din 10.12.2025<\/a><\/p><p><a href=\"https:\/\/primariajibou.ro\/site\/wp-content\/uploads\/2026\/02\/proces-verbal-sedinta-de-indata-17.12.2025.pdf\" target=\"_blank\" rel=\"noopener\">Proces verbal privind \u0219edin\u021ba extraordinara de \u00eendat\u0103 din 17.12.2025<\/a><\/p><p><a href=\"https:\/\/primariajibou.ro\/site\/wp-content\/uploads\/2026\/02\/proces-verbal-sedinta-ordinara-19.12.2025.pdf\" target=\"_blank\" rel=\"noopener\">Proces verbal privind \u0219edin\u021ba ordinara din 19.12.2025<\/a><\/p><p><a href=\"https:\/\/primariajibou.ro\/site\/wp-content\/uploads\/2026\/02\/PV-SEDINTA-EXTRAORDINARA-DE-INDATA-30.12.2025.pdf\" target=\"_blank\" rel=\"noopener\">Proces verbal privind \u0219edin\u021ba extraordinara de \u00eendat\u0103 din 30.12.2025<\/a><\/p>\t\t\t\t\t\t\t\t<\/div>\n\t\t\t\t<\/div>\n\t\t\t\t\t<\/div>\n\t\t<\/div>\n\t\t\t\t\t<\/div>\n\t\t<\/section>\n\t\t\t\t<\/div>\n\t\t","protected":false},"excerpt":{"rendered":"<p>Ianuarie 2025 Proces verbal \u0219edin\u021b\u0103 extraordinar\u0103 din data de 21.01.2025 Proces verbal \u0219edin\u021b\u0103 ordinar\u0103 din data de 29.01.2025 Februarie 2025 Proces verbal \u0219edin\u021b\u0103 extraordinar\u0103 din&#8230;<\/p>\n","protected":false},"author":1,"featured_media":0,"parent":0,"menu_order":0,"comment_status":"closed","ping_status":"closed","template":"","meta":{"footnotes":""},"class_list":["post-20512","page","type-page","status-publish","hentry"],"_links":{"self":[{"href":"https:\/\/primariajibou.ro\/site\/wp-json\/wp\/v2\/pages\/20512","targetHints":{"allow":["GET"]}}],"collection":[{"href":"https:\/\/primariajibou.ro\/site\/wp-json\/wp\/v2\/pages"}],"about":[{"href":"https:\/\/primariajibou.ro\/site\/wp-json\/wp\/v2\/types\/page"}],"author":[{"embeddable":true,"href":"https:\/\/primariajibou.ro\/site\/wp-json\/wp\/v2\/users\/1"}],"replies":[{"embeddable":true,"href":"https:\/\/primariajibou.ro\/site\/wp-json\/wp\/v2\/comments?post=20512"}],"version-history":[{"count":6,"href":"https:\/\/primariajibou.ro\/site\/wp-json\/wp\/v2\/pages\/20512\/revisions"}],"predecessor-version":[{"id":22696,"href":"https:\/\/primariajibou.ro\/site\/wp-json\/wp\/v2\/pages\/20512\/revisions\/22696"}],"wp:attachment":[{"href":"https:\/\/primariajibou.ro\/site\/wp-json\/wp\/v2\/media?parent=20512"}],"curies":[{"name":"wp","href":"https:\/\/api.w.org\/{rel}","templated":true}]}}