{"id":18435,"date":"2024-03-19T09:46:48","date_gmt":"2024-03-19T07:46:48","guid":{"rendered":"https:\/\/primariajibou.ro\/site\/?page_id=18435"},"modified":"2025-01-23T13:20:35","modified_gmt":"2025-01-23T11:20:35","slug":"procese-verbale-ale-consiliului-local-2024","status":"publish","type":"page","link":"https:\/\/primariajibou.ro\/site\/procese-verbale-ale-consiliului-local-2024\/","title":{"rendered":"Procese verbale ale Consiliului Local &#8211; 2024"},"content":{"rendered":"\t\t<div data-elementor-type=\"wp-page\" data-elementor-id=\"18435\" class=\"elementor elementor-18435\">\n\t\t\t\t\t\t<section class=\"elementor-section elementor-top-section elementor-element elementor-element-b4c15cc elementor-section-boxed elementor-section-height-default elementor-section-height-default\" data-id=\"b4c15cc\" data-element_type=\"section\" data-e-type=\"section\">\n\t\t\t\t\t\t<div class=\"elementor-container elementor-column-gap-default\">\n\t\t\t\t\t<div class=\"elementor-column elementor-col-100 elementor-top-column elementor-element elementor-element-3496d41\" data-id=\"3496d41\" data-element_type=\"column\" data-e-type=\"column\">\n\t\t\t<div class=\"elementor-widget-wrap elementor-element-populated\">\n\t\t\t\t\t\t<div class=\"elementor-element elementor-element-c07f0a0 elementor-widget elementor-widget-text-editor\" data-id=\"c07f0a0\" data-element_type=\"widget\" data-e-type=\"widget\" data-widget_type=\"text-editor.default\">\n\t\t\t\t<div class=\"elementor-widget-container\">\n\t\t\t\t\t\t\t\t\t<h4>Ianuarie 2024<\/h4><p><a href=\"https:\/\/primariajibou.ro\/site\/wp-content\/uploads\/2024\/09\/proces-verbal-sedinta-de-indata-08.01.2024.docx\">Proces verbal sedinta de indata 08.01.2024<\/a><\/p><p><a href=\"https:\/\/primariajibou.ro\/site\/wp-content\/uploads\/2024\/03\/Proces-verbal-sedinta-ordinara-30.01.2024-1-1.odt\">Proces verbal \u0219edin\u021ba ordinar\u0103 30.01.2024 <\/a><\/p><h4>Februarie 2024<\/h4><p><a href=\"https:\/\/primariajibou.ro\/site\/wp-content\/uploads\/2024\/03\/proces-verbal-sedinta-extraordinara-09.02.2024.docx\">Proces verbal sedinta extraordinar\u0103 09.02.2024<\/a><\/p><p><a href=\"https:\/\/primariajibou.ro\/site\/wp-content\/uploads\/2024\/05\/PV-sed.ord_.-27.02.2024-Daiana.doc\">Proces Verbal sedinta ordinara 27.02.2024<\/a><\/p><h4>Martie 2024<\/h4><p><a href=\"https:\/\/primariajibou.ro\/site\/wp-content\/uploads\/2024\/05\/proces-verbal-sedinta-de-indata-07.03.2024.docx\">Proces verbal sedinta de indata 07.03.2024<\/a><\/p><p><a href=\"https:\/\/primariajibou.ro\/site\/wp-content\/uploads\/2024\/05\/proces-verbal-sedinta-de-indata-15.03.2024.docx\">Proces verbal sedinta de indata 15.03.2024<\/a><\/p><p><a href=\"https:\/\/primariajibou.ro\/site\/wp-content\/uploads\/2024\/09\/PV-sed.ord_.-22.03.2024.doc\">Proces Verbal sedinta ordinara 22.03.2024<\/a><\/p><h4>Aprilie 2024<\/h4><p><a href=\"https:\/\/primariajibou.ro\/site\/wp-content\/uploads\/2024\/09\/PV-sed.ord_.-23.04.2024-Daiana.doc\">Proces Verbal sedinta ordinara 23.04.2024<\/a><\/p><h4>Mai 2024<\/h4><p><a href=\"https:\/\/primariajibou.ro\/site\/wp-content\/uploads\/2024\/09\/proces-verbal-sedinta-extraordinara-14.05.2024.docx\">Proces verbal sedinta extraordinar\u0103 14.05.2024<\/a><\/p><p><a href=\"https:\/\/primariajibou.ro\/site\/wp-content\/uploads\/2024\/09\/PV-sed.ord_.-28.05.2024.doc\">Proces Verbal sedinta ordinara 28.05.2024<\/a><\/p><h4>Iunie 2024<\/h4><p><a href=\"https:\/\/primariajibou.ro\/site\/wp-content\/uploads\/2024\/09\/proces-verbal-sedinta-extraordinara-14.06.2024.docx\">Proces verbal sedinta extraordinar\u0103 14.06.2024<\/a><\/p><p><a href=\"https:\/\/primariajibou.ro\/site\/wp-content\/uploads\/2024\/09\/pv-sed-ord-26.06.2024-Daiana.doc\">Proces Verbal sedinta ordinara 26.06.2024<\/a><\/p><h4>Iulie 2024<\/h4><p><a href=\"https:\/\/primariajibou.ro\/site\/wp-content\/uploads\/2024\/09\/PV-SEDINTA-ORDINARA-23.07.2024.docx\">Proces Verbal sedinta ordinara 23.07.2024<\/a><\/p><p><a href=\"https:\/\/primariajibou.ro\/site\/wp-content\/uploads\/2024\/09\/proces-verbal-sedinta-de-indata-25.07.2024.docx\">Proces verbal sedinta de indata 25.07.2024<\/a><\/p><h4>August 2024<\/h4><p><a href=\"https:\/\/primariajibou.ro\/site\/wp-content\/uploads\/2024\/09\/proces-verbal-sedinta-extraordinara-12.08.2024-1.docx\">Proces Verbal sedinta extraordinar\u0103 12.08.2024<\/a><\/p><p><a href=\"https:\/\/primariajibou.ro\/site\/wp-content\/uploads\/2024\/09\/Proce-verbal-sedinta-ordinara-27.08.2024.pdf\">Proces verbal sedinta ordinara 27.08.2024<\/a><\/p><h4>Septembrie 2024<\/h4><p><a href=\"https:\/\/primariajibou.ro\/site\/wp-content\/uploads\/2024\/09\/Proces-verbal-sedinta-extraordinara-12.09.2024.pdf\">Proces verbal sedinta extraordinar\u0103 12.09.2024<\/a><\/p><p><a href=\"https:\/\/primariajibou.ro\/site\/wp-content\/uploads\/2024\/09\/proces-verbal-sedinta-de-indata-16.09.2024.pdf\">Proces verbal sedinta de indata 16.09.2024<\/a><\/p><p><a href=\"https:\/\/primariajibou.ro\/site\/wp-content\/uploads\/2024\/12\/PV-24.09.2024.pdf\">Proces verbal \u0219edin\u021b\u0103 ordinar\u0103 24.09.2024<\/a><\/p><h4>Octombrie 2024<\/h4><p><a href=\"https:\/\/primariajibou.ro\/site\/wp-content\/uploads\/2024\/12\/PV-08.10.2024.pdf\">Proces verbal \u0219edin\u021b\u0103 extraordinar\u0103 08.10.2024<\/a><\/p><p><a href=\"https:\/\/primariajibou.ro\/site\/wp-content\/uploads\/2024\/12\/PV-25.10.2024.pdf\">Proces verbal sedin\u021b\u0103 extraordinar\u0103 de \u00eendat\u0103 25.10.2024<\/a><\/p><h4>Noiembrie 2024<\/h4><p><a href=\"https:\/\/primariajibou.ro\/site\/wp-content\/uploads\/2024\/12\/PV-15.11.2024-orele-09.pdf\">Proces verbal \u0219edin\u021b\u0103 extraordinar\u0103 de \u00eendat\u0103, ora 09.00 15.11.2024<\/a><\/p><p><a href=\"https:\/\/primariajibou.ro\/site\/wp-content\/uploads\/2024\/12\/PV-15.11.2024.pdf\">Proces verbal \u0219edin\u021b\u0103 extraordinar\u0103 de \u00eendat\u0103 15.11.2024<\/a><\/p><p><a href=\"https:\/\/primariajibou.ro\/site\/wp-content\/uploads\/2024\/12\/PV-19.11.2024.pdf\">Proces verbal \u0219edin\u021b\u0103 extraordinar\u0103 19.11.2024<\/a><\/p><p><a href=\"https:\/\/primariajibou.ro\/site\/wp-content\/uploads\/2025\/01\/PV-Sedinta-Ordinara-26.11.2024.pdf\">Proces verbal \u0219edin\u021b\u0103 ordinar\u0103 26.11.2024<\/a><\/p><h4>Decembrie 2024<\/h4><p><a href=\"https:\/\/primariajibou.ro\/site\/wp-content\/uploads\/2025\/01\/PV-Sedinta-Extraordinara-04.12.2024.pdf\">Proces verbal \u0219edin\u021b\u0103 extraordinar\u0103 04.12.2024<\/a><\/p><p><a href=\"https:\/\/primariajibou.ro\/site\/wp-content\/uploads\/2025\/01\/PV-Sedinta-Extraordinara-17.12.2024.pdf\">Proces verbal \u0219edin\u021b\u0103 extraordinar\u0103 17.12.2024<\/a><\/p>\t\t\t\t\t\t\t\t<\/div>\n\t\t\t\t<\/div>\n\t\t\t\t\t<\/div>\n\t\t<\/div>\n\t\t\t\t\t<\/div>\n\t\t<\/section>\n\t\t\t\t<\/div>\n\t\t","protected":false},"excerpt":{"rendered":"<p>Ianuarie 2024 Proces verbal sedinta de indata 08.01.2024 Proces verbal \u0219edin\u021ba ordinar\u0103 30.01.2024 Februarie 2024 Proces verbal sedinta extraordinar\u0103 09.02.2024 Proces Verbal sedinta ordinara 27.02.2024&#8230;<\/p>\n","protected":false},"author":4,"featured_media":0,"parent":0,"menu_order":0,"comment_status":"closed","ping_status":"closed","template":"","meta":{"footnotes":""},"class_list":["post-18435","page","type-page","status-publish","hentry"],"_links":{"self":[{"href":"https:\/\/primariajibou.ro\/site\/wp-json\/wp\/v2\/pages\/18435","targetHints":{"allow":["GET"]}}],"collection":[{"href":"https:\/\/primariajibou.ro\/site\/wp-json\/wp\/v2\/pages"}],"about":[{"href":"https:\/\/primariajibou.ro\/site\/wp-json\/wp\/v2\/types\/page"}],"author":[{"embeddable":true,"href":"https:\/\/primariajibou.ro\/site\/wp-json\/wp\/v2\/users\/4"}],"replies":[{"embeddable":true,"href":"https:\/\/primariajibou.ro\/site\/wp-json\/wp\/v2\/comments?post=18435"}],"version-history":[{"count":0,"href":"https:\/\/primariajibou.ro\/site\/wp-json\/wp\/v2\/pages\/18435\/revisions"}],"wp:attachment":[{"href":"https:\/\/primariajibou.ro\/site\/wp-json\/wp\/v2\/media?parent=18435"}],"curies":[{"name":"wp","href":"https:\/\/api.w.org\/{rel}","templated":true}]}}