{"id":16215,"date":"2023-05-17T12:56:06","date_gmt":"2023-05-17T10:56:06","guid":{"rendered":"https:\/\/primariajibou.ro\/site\/?page_id=16215"},"modified":"2023-05-17T12:56:11","modified_gmt":"2023-05-17T10:56:11","slug":"hotararea-nr-73-2","status":"publish","type":"page","link":"https:\/\/primariajibou.ro\/site\/hotararea-nr-73-2\/","title":{"rendered":"<strong>HOT\u0102R\u00c2REA NR.73<\/strong>"},"content":{"rendered":"\n<p>Din 13.04.2023<\/p>\n\n\n\n<p>ROM\u00c2NIA<\/p>\n\n\n\n<p>JUDE\u021aUL S\u0102LAJ<\/p>\n\n\n\n<p>ORA\u0218UL JIBOU<\/p>\n\n\n\n<p>CONSILIUL&nbsp; LOCAL&nbsp;&nbsp;&nbsp;&nbsp;&nbsp;&nbsp;&nbsp;&nbsp;&nbsp;&nbsp;&nbsp;&nbsp;&nbsp;&nbsp;&nbsp;&nbsp;&nbsp;&nbsp;&nbsp;&nbsp;&nbsp;&nbsp;&nbsp;&nbsp;&nbsp;&nbsp;&nbsp;&nbsp;&nbsp;&nbsp;&nbsp;&nbsp;&nbsp;&nbsp;&nbsp;&nbsp;&nbsp;&nbsp;&nbsp;&nbsp;<\/p>\n\n\n\n<p><strong>HOT\u0102R\u00c2REA NR.73<\/strong><\/p>\n\n\n\n<p>Din 13.04.2023<\/p>\n\n\n\n<p>privind modificarea HCL 18\/2022 privind aprobarea cererii de finan\u021bare \u0219i a devizului general estimativ pentru obiectivul de investi\u021bii \u201eEXTINDERE RETEA DE CANALIZARE IN SATELE APARTINATOARE ORASULUI JIBOU: CUCEU, RONA, HUSIA \u0218I VAR\u201d<\/p>\n\n\n\n<p>Consiliul local al ora\u0219ului Jibou,<\/p>\n\n\n\n<p>Av\u00e2nd \u00een vedere:<\/p>\n\n\n\n<p>-Referatul de aprobare nr. 4757\/07.04.2023 al domnului Primar;<\/p>\n\n\n\n<p>-Raportul de specialitate nr.4758\/07.04.2023 al Compartimentul management de &nbsp;proiecte \u0219i achizi\u021bii publice;<\/p>\n\n\n\n<p>Potrivit prevederilor :<\/p>\n\n\n\n<p>-Art. 44-46 din Legea nr. 273\/2006 privind finan\u021bele publice locale cu modific\u0103rile \u0219i complet\u0103rile&nbsp; ulterioare;<\/p>\n\n\n\n<p>-H.G&nbsp; nr. 907\/2016 privind etapele de elaborare si continutul cadru al documentatiilor tehnico \u2013 economice aferente obiectivelor\/proiectelor de investi\u021bii finan\u021bate din fonduri publice;<\/p>\n\n\n\n<p>-Art. 9 alin(1) din Normele metodologice aprobate prin OMDLPA nr. 1333\/2021 pentru punerea \u00een aplicare a prevederilor OUG 95\/2021 privind aprobarea Programului Na\u021bional de Investi\u021bii \u201dAnghel Saligny\u201d;<\/p>\n\n\n\n<p>-Ordinul 1321\/2021 pentru aprobarea standardelor de cost aferente obiectivelor de Investi\u021bii prevazute la art.4, alin.(1), lit. a)-c) din OUG 95\/2021 privind aprobarea Programului Na\u021bional de Investi\u021bii \u201dAnghel Saligny\u201d;<\/p>\n\n\n\n<p>V\u0103z\u00e2nd prevederile art. 129 (2) lit.b) coroborat cu art.129 (4) lit.d) din OUG nr. 57\/2019&nbsp; provind Codul Administrativ, cu modifi\u0103rile \u0219i complet\u0103rile ulterioare;<\/p>\n\n\n\n<p>&nbsp;\u00cen temeiul prevederilor art.196(1)lit. a) art.197 din OUG nr. 57\/2019 privind Codul Administrativ, cu modific\u0103rile \u0219i complet\u0103rile ulterioare;<\/p>\n\n\n\n<p><strong>HOT\u0102R\u0102\u0218TE:<\/strong><\/p>\n\n\n\n<p><strong>Art.1<\/strong> Se aprob\u0103 Cererea de finan\u021bare prin Programul National de Investi\u021bii \u201cAnghel Saligny\u201d \u0219i devizul general estimativ al obiectivului de investi\u021bii \u201d Extindere re\u021bea de canalizare \u00een satele apar\u021bin\u0103toare Ora\u0219ului Jibou: Cuceu, Rona, Husia \u0219i Var\u201d, conform Anexelor 1 si 2, care fac parte integrant\u0103 din prezenta hot\u0103r\u00e2re&nbsp;.&nbsp;<\/p>\n\n\n\n<p><strong>Art.2<\/strong> Se aprob\u0103 valoarea total\u0103 a proiectului \u201d Extindere retea de canalizare \u00een satele apartinatoare Orasului Jibou: Cuceu, Rona, Husia si Var\u201d, \u00een cuantum de 26.215.272,85 lei(inclusiv TVA), din care 25.720.942,85 lei(inclusiv TVA) de la bugetul de stat si 494.330,00 lei(inclusiv TVA) de la bugetul local.<\/p>\n\n\n\n<p><strong>Art.3<\/strong> Se aprob\u0103 contribu\u021bia de la bugetul local al ORA\u0218ULUI JIBOU a sumei de 494.230,00 LEI(inclusiv TVA) reprezent\u00e2nd categoriile de cheltuieli finan\u021bate de la bugetul local conform prevederilor art. 4 alin. (6) din Normele metodologice pentru punerea \u00een aplicare a prevederilor Ordonan\u021bei de urgen\u021b\u0103 a Guvernului nr. 95\/2021 pentru aprobarea Programului na\u021bional de investi\u021bii &#8222;Anghel Saligny&#8221;, pentru categoriile de investi\u021bii prev\u0103zute la art. 4 alin. (1) lit. a)-d) din Ordonan\u021ba de urgen\u021b\u0103 a Guvernului nr. 95\/2021, aprobate prin Ordinul ministrului dezvolt\u0103rii, lucr\u0103rilor publice \u0219i administra\u021biei nr. 1333\/2021.<\/p>\n\n\n\n<p><strong>Art.4<\/strong> Restul prevederilor din HCL 18\/2022 SI HCL 176\/2021 r\u0103m\u00e2n nemodificate.<\/p>\n\n\n\n<p><strong>Art.5<\/strong> Cu ducerea la \u00eendeplinire a prezentei se \u00eencredin\u021beaza domnul primar \u0219i Compartimentul Management de proiecte \u0219i achizi\u021bii publice&nbsp;&nbsp;&nbsp; &nbsp;&nbsp;&nbsp;&nbsp;&nbsp;&nbsp;<\/p>\n\n\n\n<p><strong>Art.6<\/strong> Prezenta se comunic\u0103&nbsp; cu :<\/p>\n\n\n\n<p>&nbsp;&nbsp;&nbsp;&nbsp;&nbsp;&nbsp;&nbsp;&nbsp; -Institu\u021bia Prefectului -jude\u021bul S\u0103laj<\/p>\n\n\n\n<p>&nbsp;&nbsp;&nbsp;&nbsp;&nbsp;&nbsp;&nbsp;&nbsp; -Domnul Primar<\/p>\n\n\n\n<p>&nbsp;&nbsp;&nbsp;&nbsp;&nbsp;&nbsp;&nbsp;&nbsp; -Compartimentul Management de proiecte \u0219i achizi\u021bii publice&nbsp;&nbsp;&nbsp;<\/p>\n\n\n\n<p>&nbsp;&nbsp;&nbsp;&nbsp;&nbsp;&nbsp;&nbsp;&nbsp; -Serviciul buget,finan\u021be contabilitate,impozite \u0219i taxe locale<\/p>\n\n\n\n<p>&nbsp;&nbsp;&nbsp;&nbsp;&nbsp;&nbsp;&nbsp;&nbsp; -Publicitate \/dosar de \u0219edin\u021b\u0103&nbsp;&nbsp;<\/p>\n\n\n\n<p><strong>PRE\u015eEDINTE DE \u015eEDIN\u0162\u0102,&nbsp;&nbsp;&nbsp;&nbsp;&nbsp;&nbsp;&nbsp;&nbsp;&nbsp;&nbsp;&nbsp;&nbsp;&nbsp;&nbsp;&nbsp;&nbsp;&nbsp;&nbsp;&nbsp;&nbsp;&nbsp;&nbsp;&nbsp; CONTRASEMNEAZ\u0102<\/strong><\/p>\n\n\n\n<p><strong>&nbsp;&nbsp;&nbsp;&nbsp; T\u0102M\u0102\u0218AN&nbsp; OVIDIU&nbsp;&nbsp;&nbsp;&nbsp;&nbsp;&nbsp;&nbsp;&nbsp;&nbsp;&nbsp;&nbsp;&nbsp;&nbsp;&nbsp;&nbsp;&nbsp; &nbsp;&nbsp; SECRETAR GENERAL DELEGAT<\/strong><\/p>\n\n\n\n<p><strong>&nbsp;&nbsp;&nbsp;&nbsp;&nbsp;&nbsp;&nbsp;&nbsp;&nbsp;&nbsp;&nbsp;&nbsp;&nbsp;&nbsp;&nbsp;&nbsp;&nbsp;&nbsp;&nbsp;&nbsp;&nbsp;&nbsp;&nbsp;&nbsp;&nbsp;&nbsp;&nbsp;&nbsp;&nbsp;&nbsp;&nbsp;&nbsp;&nbsp;&nbsp;&nbsp;&nbsp;&nbsp;&nbsp;&nbsp;&nbsp;&nbsp;&nbsp;&nbsp;&nbsp;&nbsp;&nbsp;&nbsp;&nbsp;&nbsp;&nbsp;&nbsp;&nbsp;&nbsp;&nbsp;&nbsp;&nbsp;&nbsp;&nbsp;&nbsp;&nbsp;&nbsp;&nbsp;&nbsp;&nbsp;&nbsp; &nbsp;&nbsp;&nbsp;&nbsp;&nbsp;&nbsp; TEGLA\u0218&nbsp; RODICA<\/strong><\/p>\n","protected":false},"excerpt":{"rendered":"<p>Din 13.04.2023 ROM\u00c2NIA JUDE\u021aUL S\u0102LAJ ORA\u0218UL JIBOU CONSILIUL&nbsp; LOCAL&nbsp;&nbsp;&nbsp;&nbsp;&nbsp;&nbsp;&nbsp;&nbsp;&nbsp;&nbsp;&nbsp;&nbsp;&nbsp;&nbsp;&nbsp;&nbsp;&nbsp;&nbsp;&nbsp;&nbsp;&nbsp;&nbsp;&nbsp;&nbsp;&nbsp;&nbsp;&nbsp;&nbsp;&nbsp;&nbsp;&nbsp;&nbsp;&nbsp;&nbsp;&nbsp;&nbsp;&nbsp;&nbsp;&nbsp;&nbsp; HOT\u0102R\u00c2REA NR.73 Din 13.04.2023 privind modificarea HCL 18\/2022 privind aprobarea cererii de finan\u021bare \u0219i a devizului&#8230;<\/p>\n","protected":false},"author":4,"featured_media":0,"parent":0,"menu_order":0,"comment_status":"closed","ping_status":"closed","template":"","meta":{"footnotes":""},"class_list":["post-16215","page","type-page","status-publish","hentry"],"_links":{"self":[{"href":"https:\/\/primariajibou.ro\/site\/wp-json\/wp\/v2\/pages\/16215","targetHints":{"allow":["GET"]}}],"collection":[{"href":"https:\/\/primariajibou.ro\/site\/wp-json\/wp\/v2\/pages"}],"about":[{"href":"https:\/\/primariajibou.ro\/site\/wp-json\/wp\/v2\/types\/page"}],"author":[{"embeddable":true,"href":"https:\/\/primariajibou.ro\/site\/wp-json\/wp\/v2\/users\/4"}],"replies":[{"embeddable":true,"href":"https:\/\/primariajibou.ro\/site\/wp-json\/wp\/v2\/comments?post=16215"}],"version-history":[{"count":0,"href":"https:\/\/primariajibou.ro\/site\/wp-json\/wp\/v2\/pages\/16215\/revisions"}],"wp:attachment":[{"href":"https:\/\/primariajibou.ro\/site\/wp-json\/wp\/v2\/media?parent=16215"}],"curies":[{"name":"wp","href":"https:\/\/api.w.org\/{rel}","templated":true}]}}