{"id":15144,"date":"2023-01-11T19:52:57","date_gmt":"2023-01-11T17:52:57","guid":{"rendered":"https:\/\/primariajibou.ro\/site\/?page_id=15144"},"modified":"2023-01-11T19:52:57","modified_gmt":"2023-01-11T17:52:57","slug":"hotararea-nr-204","status":"publish","type":"page","link":"https:\/\/primariajibou.ro\/site\/hotararea-nr-204\/","title":{"rendered":"<strong>HOT\u0102R\u00c2REA nr.204<\/strong>"},"content":{"rendered":"\n<p>Din 22.12.2022<\/p>\n\n\n\n<p>ROM\u00c2NIA<\/p>\n\n\n\n<p>JUDE\u0162UL S\u0102LAJ<\/p>\n\n\n\n<p>ORA\u015eUL JIBOU<\/p>\n\n\n\n<p>CONSILIUL LOCAL &nbsp;&nbsp;&nbsp;&nbsp;&nbsp;&nbsp;&nbsp;&nbsp;&nbsp;&nbsp;&nbsp;&nbsp;&nbsp;&nbsp;&nbsp;&nbsp;&nbsp;&nbsp;<\/p>\n\n\n\n<p>&nbsp;&nbsp; <strong>HOT\u0102R\u00c2REA nr.204<\/strong><\/p>\n\n\n\n<p>Din 22.12.2022<\/p>\n\n\n\n<p>privind&nbsp; Atestarea apartenentei la domeniul privat al UAT Oras Jibou a unui imobil \u2013 teren intravilan cu Capela str Horea nr 19<\/p>\n\n\n\n<p>&nbsp;Consiliul Local al ora\u015fului Jibou,<\/p>\n\n\n\n<p>Av\u00e2nd \u00een vedere:<\/p>\n\n\n\n<p>-Raportul de specialitate nr. \/21.12.2022&nbsp; al Biroului urbanism amenajarea teritoriului administrarea domeniului public si privat;<\/p>\n\n\n\n<p>-Referatul de aprobare nr. \/21.12.2022&nbsp;&nbsp; al Primarului ora\u0219ului Jibou;<\/p>\n\n\n\n<p>-\u201eStudiul de piata privind valorile minime consemnate pe piata imobiliara in anul 2022 , valabil pentru anul 2022 \u2013 judetul Salaj \u2013 pentru uzul notarilor publici\u201dsi conform Hotararii nr 32 din 28 mai 2013 A Consiliului Local al Orasului Jibou pentru aprobarea incadrarii terenurilor din intravilanul si extravilanul orasului Jibou si satele apartinatoare Var , Cuceu , Rona si Husia pe zone si categorii de folosinta , estimam valoarea terenului in suprafata de 1155 mp la suma de 693.000 lei . Evaluarea terenului s-a facut conform Ghidului 2022 in care valoarea minima de piata a terenurilor din zona 1 \u2013 centrala si semicentrala este de 60 lei\/mp , rezultand pentru terenul in suprafata de 1155 mp , situat in Orasul Jibou str Horea nr 19 , o valoare estimata de 1155 mp X 60 lei = 69300 lei. Evaluarea terenului s-a facut in vederea atestarii apartenentei terenului la domeniul privat al Orasului Jibou ;<\/p>\n\n\n\n<p>-Art.286, alin.(4) din Ordonanta de urgenta a Guvenului nr. 57\/2019 privind Codul Administrativ , cu modificarile si completarile ulterioare,<\/p>\n\n\n\n<p>-Art. 6 din Legea 213\/1998 \u2013 privind bunurile proprietate publica , cu modificarile si completarile ulterioare;<\/p>\n\n\n\n<p>-Art.553 alin.1 , art.557 alin 2 din Legea nr 287\/2009 \u2013 Codul Civil &#8211; cu modificarile si completarile ulterioare,<\/p>\n\n\n\n<p>-Art.36 alin1 din Legea nr. 18\/1991 a fondului Funciar , cu modificarile si completarile ulterioare,<\/p>\n\n\n\n<p>-Legea nr. 24\/2000 privind normele de tehnica legislativa pentru elaborarea actelor normative republicata cu modificarile si completarile ulterioare,<\/p>\n\n\n\n<p>-Vazand prev.art. 129, alin.1, alin.2, lit.c) art.354 , art.355 &nbsp;din OUG nr. 57\/2019, privind Codul administrativ;<\/p>\n\n\n\n<p>&nbsp;\u00cen temeiul&nbsp; prevederilor , art&nbsp; 139 (1),(3) lit. g) art. 196 (1)lit. a&nbsp; din OUG nr. 57\/2019 privind Codul Administrativ ;&nbsp;&nbsp;&nbsp;&nbsp;&nbsp;&nbsp;&nbsp;&nbsp;&nbsp;&nbsp;&nbsp;&nbsp;&nbsp;&nbsp;&nbsp;&nbsp;&nbsp;&nbsp;&nbsp;&nbsp;&nbsp;&nbsp;&nbsp;&nbsp;&nbsp;&nbsp;&nbsp;&nbsp;&nbsp;&nbsp;&nbsp;&nbsp;&nbsp;&nbsp;&nbsp;&nbsp;&nbsp;&nbsp;&nbsp;&nbsp;&nbsp;&nbsp;&nbsp;&nbsp;&nbsp;&nbsp;&nbsp;&nbsp;&nbsp;&nbsp;&nbsp;&nbsp;&nbsp;<\/p>\n\n\n\n<p><strong>HOT\u0102R\u0102\u0218TE:<\/strong><\/p>\n\n\n\n<p><strong>Art.1<\/strong> Se aprob\u0103&nbsp; \u201catestarea apartenentei la domeniul privat al UAT Jibou a terenului situat in intravilanulUAT Jibou str. Horea nr 19 , in suprafata de 1155 mp , conform planului de amplasament si delimitare intocmit de catre Pusok Ferenc a imobilelor, care face parte integranta din prezenta \u0219i actualizarea inventarului bunurilor care apartin domeniului privat al UAT Jibou cu o valoare estimata de&nbsp; 69.300 lei.<\/p>\n\n\n\n<p><strong>Art.2<\/strong> Cu ducerea la \u00eendeplinire a prezentei se \u00eencredin\u0163eaz\u0103 dl primar \u015fi Comp.urbanism amenajarea teritoriului, administrarea domeniului public si privat.Comp. Cadastru si Fond Funciar si Comp. Contabilitate<strong>.<\/strong><\/p>\n\n\n\n<p><strong>Art.3<\/strong>&nbsp;&nbsp; Prezenta se comunic\u0103 cu<\/p>\n\n\n\n<p>&#8211; Institu\u021bia Prefectului-jude\u021bul S\u0103laj<\/p>\n\n\n\n<p>&#8211; Compartiment Contabilitate, Comp. Cadastru si Fond Funciar<\/p>\n\n\n\n<p>&#8211; Comp. urbanism amenajarea teritoriului, administrarea domeniului public si privat<\/p>\n\n\n\n<p>&#8211; Domnul Primar<\/p>\n\n\n\n<p>&#8211; Dosar hot\u0103r\u00e2ri \/publicitate<\/p>\n\n\n\n<p><strong>PRE\u015eEDINTE DE \u015eEDIN\u0162\u0102,&nbsp;&nbsp;&nbsp;&nbsp;&nbsp;&nbsp;&nbsp;&nbsp;&nbsp; &nbsp;&nbsp;&nbsp;&nbsp;&nbsp;&nbsp;&nbsp;&nbsp;&nbsp;&nbsp;&nbsp;&nbsp;&nbsp; CONTRASEMNEAZ\u0102:<\/strong><\/p>\n\n\n\n<p><strong>&nbsp;&nbsp;&nbsp;&nbsp;&nbsp;&nbsp;&nbsp;&nbsp;&nbsp; &nbsp;&nbsp;&nbsp;&nbsp;&nbsp;&nbsp;&nbsp;&nbsp;&nbsp; ALMA\u0218&nbsp; IOAN&nbsp;&nbsp;&nbsp; &nbsp;&nbsp;&nbsp;&nbsp;&nbsp;&nbsp;&nbsp;&nbsp;&nbsp;&nbsp;&nbsp;&nbsp;&nbsp;&nbsp;&nbsp;&nbsp;&nbsp;&nbsp;&nbsp; &nbsp;&nbsp;&nbsp;&nbsp;&nbsp;&nbsp;&nbsp;&nbsp;&nbsp;&nbsp;&nbsp;&nbsp;&nbsp;&nbsp;SECRETAR GENERAL<\/strong><\/p>\n\n\n\n<p><strong>&nbsp;&nbsp;&nbsp;&nbsp;&nbsp;&nbsp;&nbsp;&nbsp;&nbsp;&nbsp;&nbsp;&nbsp;&nbsp;&nbsp;&nbsp;&nbsp;&nbsp;&nbsp;&nbsp;&nbsp;&nbsp;&nbsp;&nbsp;&nbsp;&nbsp;&nbsp;&nbsp;&nbsp;&nbsp;&nbsp;&nbsp;&nbsp;&nbsp;&nbsp;&nbsp;&nbsp;&nbsp;&nbsp;&nbsp;&nbsp;&nbsp;&nbsp;&nbsp; &nbsp;&nbsp;&nbsp;&nbsp;&nbsp;&nbsp;&nbsp;&nbsp;&nbsp;&nbsp;&nbsp;&nbsp;&nbsp;&nbsp;&nbsp;&nbsp;&nbsp;&nbsp;&nbsp;&nbsp;&nbsp;&nbsp;&nbsp;&nbsp;&nbsp;&nbsp;&nbsp;&nbsp;&nbsp;&nbsp;&nbsp;&nbsp;&nbsp;&nbsp;&nbsp;&nbsp;&nbsp;&nbsp;&nbsp;&nbsp;&nbsp;&nbsp;&nbsp;&nbsp;&nbsp;&nbsp;&nbsp;&nbsp;&nbsp;OPRI\u0218 MARIA<\/strong><\/p>\n","protected":false},"excerpt":{"rendered":"<p>Din 22.12.2022 ROM\u00c2NIA JUDE\u0162UL S\u0102LAJ ORA\u015eUL JIBOU CONSILIUL LOCAL &nbsp;&nbsp;&nbsp;&nbsp;&nbsp;&nbsp;&nbsp;&nbsp;&nbsp;&nbsp;&nbsp;&nbsp;&nbsp;&nbsp;&nbsp;&nbsp;&nbsp;&nbsp; &nbsp;&nbsp; HOT\u0102R\u00c2REA nr.204 Din 22.12.2022 privind&nbsp; Atestarea apartenentei la domeniul privat al UAT Oras Jibou&#8230;<\/p>\n","protected":false},"author":4,"featured_media":0,"parent":0,"menu_order":0,"comment_status":"closed","ping_status":"closed","template":"","meta":{"footnotes":""},"class_list":["post-15144","page","type-page","status-publish","hentry"],"_links":{"self":[{"href":"https:\/\/primariajibou.ro\/site\/wp-json\/wp\/v2\/pages\/15144","targetHints":{"allow":["GET"]}}],"collection":[{"href":"https:\/\/primariajibou.ro\/site\/wp-json\/wp\/v2\/pages"}],"about":[{"href":"https:\/\/primariajibou.ro\/site\/wp-json\/wp\/v2\/types\/page"}],"author":[{"embeddable":true,"href":"https:\/\/primariajibou.ro\/site\/wp-json\/wp\/v2\/users\/4"}],"replies":[{"embeddable":true,"href":"https:\/\/primariajibou.ro\/site\/wp-json\/wp\/v2\/comments?post=15144"}],"version-history":[{"count":0,"href":"https:\/\/primariajibou.ro\/site\/wp-json\/wp\/v2\/pages\/15144\/revisions"}],"wp:attachment":[{"href":"https:\/\/primariajibou.ro\/site\/wp-json\/wp\/v2\/media?parent=15144"}],"curies":[{"name":"wp","href":"https:\/\/api.w.org\/{rel}","templated":true}]}}