{"id":14965,"date":"2023-01-10T21:46:28","date_gmt":"2023-01-10T19:46:28","guid":{"rendered":"https:\/\/primariajibou.ro\/site\/?page_id=14965"},"modified":"2023-01-10T21:46:28","modified_gmt":"2023-01-10T19:46:28","slug":"hotararea-nr-178","status":"publish","type":"page","link":"https:\/\/primariajibou.ro\/site\/hotararea-nr-178\/","title":{"rendered":"<strong>HOT\u0102R\u00c2REA nr.178<\/strong>"},"content":{"rendered":"\n<p>Din\u00a0\u00a020.12.2022<\/p>\n\n\n\n<p>ROM\u00c2NIA<\/p>\n\n\n\n<p>JUDE\u021aUL S\u0102LAJ<\/p>\n\n\n\n<p>ORA\u0218UL JIBOU<\/p>\n\n\n\n<p>CONSILIUL LOCAL<\/p>\n\n\n\n<p><strong>HOT\u0102R\u00c2REA nr.178<\/strong><\/p>\n\n\n\n<p>Din&nbsp;&nbsp;20.12.2022<\/p>\n\n\n\n<p>Privind indreptarea erorii materiale strecurate in HCL nr.146\/25. 10 2022<\/p>\n\n\n\n<p>privind&nbsp;atestarea apartenentei&nbsp;&nbsp;la domeniul privat&nbsp;&nbsp;al UAT oras Jibou&nbsp;&nbsp;a unor imobile -teren intravilan si extravilan<\/p>\n\n\n\n<p>&nbsp;&nbsp;&nbsp;&nbsp;&nbsp;&nbsp;&nbsp;&nbsp;&nbsp;Consiliul Local Jibou, \u00eentrunit \u00een \u015fedin\u0163\u0103 ordinara<\/p>\n\n\n\n<p>&nbsp;&nbsp;&nbsp;&nbsp;&nbsp;&nbsp;&nbsp;&nbsp;Av\u00e2nd \u00een vedere:<\/p>\n\n\n\n<p>&nbsp;&nbsp;&nbsp;&nbsp;&nbsp;&nbsp;&nbsp;&nbsp;-referatul de aprobare nr 15.653&nbsp;&nbsp;&nbsp;din&nbsp;&nbsp;12.12.2022 al primarului Ora\u0219ului Jibou;<\/p>\n\n\n\n<p>&nbsp;&nbsp;&nbsp;&nbsp;&nbsp;&nbsp;&nbsp;&nbsp;-raportul de specialitate nr 15654&nbsp;&nbsp;din 12.12.2022&nbsp;&nbsp;al Compartimentului&nbsp;&nbsp;cadastru&nbsp;, documentatia de specialitate intocmita de catre expert topograf Pusok Ferenc ,avizele comisiilor de specialitate ;<\/p>\n\n\n\n<p>&nbsp;&nbsp;&nbsp;&nbsp;&nbsp;&nbsp;&nbsp;&nbsp;-art.36 (1 ) din nr 18 \/1991&nbsp;&nbsp;legea fondului funciar cu modificarile si completarile ulterioare;<\/p>\n\n\n\n<p>&nbsp;&nbsp;&nbsp;&nbsp;&nbsp;&nbsp;&nbsp;&nbsp;\u00cen temeiul art. 129 (1,2 lit c )art 139 (1.3 ) art&nbsp;&nbsp;196 alin. (1) lit. a) din OUG nr. 57\/2019 privind Codul administrativ, cu complet\u0103rile \u0219i modific\u0103rile ulterioare;<\/p>\n\n\n\n<p><strong>HOT\u0102R\u0102\u015eTE:<\/strong><\/p>\n\n\n\n<p><strong>&nbsp;&nbsp;&nbsp;&nbsp;&nbsp;&nbsp;&nbsp;Art. 1<\/strong>&nbsp;Se aproba indreptarea erorii materiale&nbsp;strecurate la art 1 si 2 din HCL nr.146 \/25.10. 2022&nbsp;&nbsp; si se rectifica&nbsp; nr topografic 513\/1\/c\/2\/1\/a\/a\/1\/2\/1\/1\/2\/2\/1\/1\/1\/1\/b\/a\/a&nbsp; inscris eronat si se inscrie&nbsp;&nbsp; nr. topografic corect&nbsp; ca fiind 513\/1\/c\/7\/1\/a\/a\/1\/2\/1\/1\/2\/2\/1\/1\/1\/\/b\/a\/a conform anexei parte integranta din prezenta.Celelalte prevederi rama nemodificate.<\/p>\n\n\n\n<p><strong>&nbsp;&nbsp;&nbsp;&nbsp;&nbsp;&nbsp;Art.2<\/strong>&nbsp;Cu ducerea la \u00eendeplinire a prezentei se \u00eencredin\u021beaz\u0103 domnul primar \u0219i&nbsp;Compartimentului Urbanism Amenajarea teritoriului Administrarea domeniului public si privat.si cadastru .<\/p>\n\n\n\n<p>&nbsp;&nbsp;&nbsp;&nbsp;&nbsp;&nbsp;&nbsp;<strong>Art.3<\/strong>&nbsp;Prezenta se comunic\u0103&nbsp;&nbsp;cu :<\/p>\n\n\n\n<p>&nbsp;&nbsp;&nbsp;&nbsp;&nbsp;&#8211; Institu\u021bia Prefectului- jude\u021bul S\u0103laj<\/p>\n\n\n\n<p>&nbsp;&nbsp;&nbsp;&nbsp;&nbsp;&#8211; Dl. Primar<\/p>\n\n\n\n<p>&nbsp;&nbsp;&nbsp;&nbsp;&nbsp;&#8211;&nbsp;Compartimentului Urbanism Amenajarea teritoriului Administrarea domeniului public si privat si cadastru<\/p>\n\n\n\n<p>&nbsp;&nbsp;&nbsp;&nbsp;&nbsp;&#8211; Publicitate \/dosar de \u0219edin\u021b\u0103&nbsp;<\/p>\n\n\n\n<p><strong>PRE\u015eEDINTE DE \u015eEDIN\u0162\u0102,&nbsp;&nbsp;&nbsp;&nbsp;&nbsp;&nbsp;&nbsp;&nbsp;&nbsp; &nbsp;&nbsp;&nbsp;&nbsp;&nbsp;&nbsp;&nbsp;&nbsp;&nbsp;&nbsp;&nbsp;&nbsp;&nbsp; CONTRASEMNEAZ\u0102:<\/strong><\/p>\n\n\n\n<p><strong>&nbsp;&nbsp;&nbsp;&nbsp;&nbsp;&nbsp;&nbsp;&nbsp;&nbsp; &nbsp;&nbsp;&nbsp;&nbsp;&nbsp;&nbsp;&nbsp;&nbsp;&nbsp; ALMA\u0218&nbsp; IOAN&nbsp;&nbsp;&nbsp; &nbsp;&nbsp;&nbsp;&nbsp;&nbsp;&nbsp;&nbsp;&nbsp;&nbsp;&nbsp;&nbsp;&nbsp;&nbsp;&nbsp;&nbsp;&nbsp;&nbsp;&nbsp;&nbsp; &nbsp;&nbsp;&nbsp;&nbsp;&nbsp;&nbsp;&nbsp;&nbsp;&nbsp;&nbsp;&nbsp;&nbsp;&nbsp;&nbsp;SECRETAR GENERAL<\/strong><\/p>\n\n\n\n<p><strong>&nbsp;&nbsp;&nbsp;&nbsp;&nbsp;&nbsp;&nbsp;&nbsp;&nbsp;&nbsp;&nbsp;&nbsp;&nbsp;&nbsp;&nbsp;&nbsp;&nbsp;&nbsp;&nbsp;&nbsp;&nbsp;&nbsp;&nbsp;&nbsp;&nbsp;&nbsp;&nbsp;&nbsp;&nbsp;&nbsp;&nbsp;&nbsp;&nbsp;&nbsp;&nbsp;&nbsp;&nbsp;&nbsp;&nbsp;&nbsp;&nbsp;&nbsp;&nbsp;&nbsp;&nbsp;&nbsp;&nbsp;&nbsp;&nbsp;&nbsp;&nbsp;&nbsp;&nbsp;&nbsp;&nbsp;&nbsp;&nbsp;&nbsp;&nbsp;&nbsp;&nbsp;&nbsp;&nbsp;&nbsp;&nbsp;&nbsp;&nbsp;&nbsp;&nbsp;&nbsp;&nbsp;&nbsp;&nbsp;&nbsp;&nbsp;&nbsp;&nbsp;&nbsp;&nbsp;&nbsp;&nbsp;&nbsp;&nbsp;&nbsp;&nbsp;&nbsp;&nbsp;&nbsp;&nbsp;&nbsp;&nbsp;&nbsp;&nbsp;&nbsp; OPRI\u0218 MARIA<\/strong><\/p>\n","protected":false},"excerpt":{"rendered":"<p>Din\u00a0\u00a020.12.2022 ROM\u00c2NIA JUDE\u021aUL S\u0102LAJ ORA\u0218UL JIBOU CONSILIUL LOCAL HOT\u0102R\u00c2REA nr.178 Din&nbsp;&nbsp;20.12.2022 Privind indreptarea erorii materiale strecurate in HCL nr.146\/25. 10 2022 privind&nbsp;atestarea apartenentei&nbsp;&nbsp;la domeniul privat&nbsp;&nbsp;al&#8230;<\/p>\n","protected":false},"author":4,"featured_media":0,"parent":0,"menu_order":0,"comment_status":"closed","ping_status":"closed","template":"","meta":{"footnotes":""},"class_list":["post-14965","page","type-page","status-publish","hentry"],"_links":{"self":[{"href":"https:\/\/primariajibou.ro\/site\/wp-json\/wp\/v2\/pages\/14965","targetHints":{"allow":["GET"]}}],"collection":[{"href":"https:\/\/primariajibou.ro\/site\/wp-json\/wp\/v2\/pages"}],"about":[{"href":"https:\/\/primariajibou.ro\/site\/wp-json\/wp\/v2\/types\/page"}],"author":[{"embeddable":true,"href":"https:\/\/primariajibou.ro\/site\/wp-json\/wp\/v2\/users\/4"}],"replies":[{"embeddable":true,"href":"https:\/\/primariajibou.ro\/site\/wp-json\/wp\/v2\/comments?post=14965"}],"version-history":[{"count":0,"href":"https:\/\/primariajibou.ro\/site\/wp-json\/wp\/v2\/pages\/14965\/revisions"}],"wp:attachment":[{"href":"https:\/\/primariajibou.ro\/site\/wp-json\/wp\/v2\/media?parent=14965"}],"curies":[{"name":"wp","href":"https:\/\/api.w.org\/{rel}","templated":true}]}}