{"id":13557,"date":"2022-10-19T12:47:35","date_gmt":"2022-10-19T10:47:35","guid":{"rendered":"https:\/\/primariajibou.ro\/site\/?page_id=13557"},"modified":"2022-10-19T13:49:47","modified_gmt":"2022-10-19T11:49:47","slug":"registrul-de-evidenta-a-sistemelor-individuale-adecvate-pentru-colectarea-si-epurarea-apelor-uzate","status":"publish","type":"page","link":"https:\/\/primariajibou.ro\/site\/registrul-de-evidenta-a-sistemelor-individuale-adecvate-pentru-colectarea-si-epurarea-apelor-uzate\/","title":{"rendered":"Registrul de Eviden\u021b\u0103 a Sistemelor Individuale Adecvate pentru Colectarea \u0219i Epurarea Apelor Uzate"},"content":{"rendered":"\n<p class=\"has-text-align-center\">V\u0103 rug\u0103m \u00eenscrie\u021bi-v\u0103 \u00een Registru p\u00e2n\u0103 la data de&nbsp;<strong>30 octombrie 2022.<\/strong><\/p>\n\n\n\n<p class=\"has-text-align-center\">Pentru orice \u00eentreb\u0103ri ne pute\u021bi scrie la\u00a0primaria_jibou@yahoo.com.<\/p>\n\n\n<div class=\"wpforms-container wpforms-container-full wpforms-block\" id=\"wpforms-13555\"><form id=\"wpforms-form-13555\" class=\"wpforms-validate wpforms-form wpforms-ajax-form\" data-formid=\"13555\" method=\"post\" enctype=\"multipart\/form-data\" action=\"\/site\/wp-json\/wp\/v2\/pages\/13557\" data-token=\"1e2f6dcc9809b17b5cc5452502fa1627\" data-token-time=\"1777613283\"><noscript class=\"wpforms-error-noscript\">Please enable JavaScript in your browser to complete this form.<\/noscript><div class=\"wpforms-field-container\"><div id=\"wpforms-13555-field_28-container\" class=\"wpforms-field wpforms-field-radio\" data-field-id=\"28\"><label class=\"wpforms-field-label\">1. Tip \u00eenscriere <span class=\"wpforms-required-label\">*<\/span><\/label><ul id=\"wpforms-13555-field_28\" class=\"wpforms-field-required\"><li class=\"choice-1 depth-1\"><input type=\"radio\" id=\"wpforms-13555-field_28_1\" name=\"wpforms[fields][28]\" value=\" Persoan\u0103 fizic\u0103\" required ><label class=\"wpforms-field-label-inline\" for=\"wpforms-13555-field_28_1\">Persoan\u0103 fizic\u0103<\/label><\/li><li class=\"choice-2 depth-1\"><input type=\"radio\" id=\"wpforms-13555-field_28_2\" name=\"wpforms[fields][28]\" value=\" Persoan\u0103 juridic\u0103\" required ><label class=\"wpforms-field-label-inline\" for=\"wpforms-13555-field_28_2\">Persoan\u0103 juridic\u0103<\/label><\/li><\/ul><\/div><div id=\"wpforms-13555-field_29-container\" class=\"wpforms-field wpforms-field-name\" data-field-id=\"29\"><label class=\"wpforms-field-label\" for=\"wpforms-13555-field_29\">2. Numele \u0219i prenumele dvs\/ Denumirea entit\u0103\u021bii juridice: <span class=\"wpforms-required-label\">*<\/span><\/label><input type=\"text\" id=\"wpforms-13555-field_29\" class=\"wpforms-field-large wpforms-field-required\" name=\"wpforms[fields][29]\" required><\/div><div id=\"wpforms-13555-field_30-container\" class=\"wpforms-field wpforms-field-text\" data-field-id=\"30\"><label class=\"wpforms-field-label\" for=\"wpforms-13555-field_30\">3. CNP \/ CUI <span class=\"wpforms-required-label\">*<\/span><\/label><input type=\"text\" id=\"wpforms-13555-field_30\" class=\"wpforms-field-large wpforms-field-required\" name=\"wpforms[fields][30]\" required><div class=\"wpforms-field-description\">\u00cen cazul persoanelor fizice se va completa CNP-ul, iar \u00een cazul persoanelor juridice se va completa CUI-ul entit\u0103\u021bii juridice.<\/div><\/div><div id=\"wpforms-13555-field_31-container\" class=\"wpforms-field wpforms-field-text\" data-field-id=\"31\"><label class=\"wpforms-field-label\" for=\"wpforms-13555-field_31\">4. Adresa complet\u0103 <span class=\"wpforms-required-label\">*<\/span><\/label><input type=\"text\" id=\"wpforms-13555-field_31\" class=\"wpforms-field-large wpforms-field-required\" name=\"wpforms[fields][31]\" required><div class=\"wpforms-field-description\">Strada, num\u0103rul, detaliile imobilului (bloc, etaj, apartament), ora\u0219, jude\u021b<\/div><\/div><div id=\"wpforms-13555-field_33-container\" class=\"wpforms-field wpforms-field-text\" data-field-id=\"33\"><label class=\"wpforms-field-label\" for=\"wpforms-13555-field_33\">5. Telefon <span class=\"wpforms-required-label\">*<\/span><\/label><input type=\"text\" id=\"wpforms-13555-field_33\" class=\"wpforms-field-large wpforms-field-required\" name=\"wpforms[fields][33]\" required><\/div><div id=\"wpforms-13555-field_34-container\" class=\"wpforms-field wpforms-field-text\" data-field-id=\"34\"><label class=\"wpforms-field-label\" for=\"wpforms-13555-field_34\">6. Adresa de email <span class=\"wpforms-required-label\">*<\/span><\/label><input type=\"text\" id=\"wpforms-13555-field_34\" class=\"wpforms-field-large wpforms-field-required\" name=\"wpforms[fields][34]\" required><\/div><div id=\"wpforms-13555-field_35-container\" class=\"wpforms-field wpforms-field-text\" data-field-id=\"35\"><label class=\"wpforms-field-label\" for=\"wpforms-13555-field_35\">7. Activitate principal\u0103 conform Cod CAEN (op\u021bional)<\/label><input type=\"text\" id=\"wpforms-13555-field_35\" class=\"wpforms-field-large\" name=\"wpforms[fields][35]\" ><div class=\"wpforms-field-description\">IMPORTANT! Acest c\u00e2mp se completeaz\u0103 numai \u00een cazul PERSOANELOR JURIDICE!<\/div><\/div><div id=\"wpforms-13555-field_36-container\" class=\"wpforms-field wpforms-field-text\" data-field-id=\"36\"><label class=\"wpforms-field-label\" for=\"wpforms-13555-field_36\">8. Descrierea activit\u0103\u021bii societ\u0103\u021bii<\/label><input type=\"text\" id=\"wpforms-13555-field_36\" class=\"wpforms-field-large\" name=\"wpforms[fields][36]\" ><div class=\"wpforms-field-description\">IMPORTANT! Acest c\u00e2mp se completeaz\u0103 numai \u00een cazul PERSOANELOR JURIDICE!<\/div><\/div><div id=\"wpforms-13555-field_38-container\" class=\"wpforms-field wpforms-field-radio\" data-field-id=\"38\"><label class=\"wpforms-field-label\">9. Ave\u021bi autoriza\u021bie de mediu?<\/label><ul id=\"wpforms-13555-field_38\"><li class=\"choice-1 depth-1\"><input type=\"radio\" id=\"wpforms-13555-field_38_1\" name=\"wpforms[fields][38]\" value=\"DA\"  ><label class=\"wpforms-field-label-inline\" for=\"wpforms-13555-field_38_1\">DA<\/label><\/li><li class=\"choice-2 depth-1\"><input type=\"radio\" id=\"wpforms-13555-field_38_2\" name=\"wpforms[fields][38]\" value=\"NU\"  ><label class=\"wpforms-field-label-inline\" for=\"wpforms-13555-field_38_2\">NU<\/label><\/li><\/ul><div class=\"wpforms-field-description\">IMPORTANT! Acest c\u00e2mp se completeaz\u0103 numai \u00een cazul PERSOANELOR JURIDICE!<\/div><\/div><div id=\"wpforms-13555-field_37-container\" class=\"wpforms-field wpforms-field-text\" data-field-id=\"37\"><label class=\"wpforms-field-label\" for=\"wpforms-13555-field_37\">10. Num\u0103rul \u0219i Data Autoriza\u021biei de Mediu (dac\u0103 exist\u0103) (op\u021bional)<\/label><input type=\"text\" id=\"wpforms-13555-field_37\" class=\"wpforms-field-large\" name=\"wpforms[fields][37]\" ><div class=\"wpforms-field-description\">IMPORTANT! Acest c\u00e2mp se completeaz\u0103 numai \u00een cazul PERSOANELOR JURIDICE!\r\n\r\n<\/div><\/div><div id=\"wpforms-13555-field_39-container\" class=\"wpforms-field wpforms-field-checkbox\" data-field-id=\"39\"><label class=\"wpforms-field-label\">11. Sistemul individual de care beneficia\u021bi <span class=\"wpforms-required-label\">*<\/span><\/label><ul id=\"wpforms-13555-field_39\" class=\"wpforms-field-required\"><li class=\"choice-1 depth-1\"><input type=\"checkbox\" id=\"wpforms-13555-field_39_1\" name=\"wpforms[fields][39][]\" value=\"Colectare\" required ><label class=\"wpforms-field-label-inline\" for=\"wpforms-13555-field_39_1\">Colectare<\/label><\/li><li class=\"choice-2 depth-1\"><input type=\"checkbox\" id=\"wpforms-13555-field_39_2\" name=\"wpforms[fields][39][]\" value=\"Epurare\" required ><label class=\"wpforms-field-label-inline\" for=\"wpforms-13555-field_39_2\">Epurare<\/label><\/li><\/ul><div class=\"wpforms-field-description\">Bifa\u021bi toate op\u021biunile care se aplic\u0103<\/div><\/div><div id=\"wpforms-13555-field_40-container\" class=\"wpforms-field wpforms-field-checkbox\" data-field-id=\"40\"><label class=\"wpforms-field-label\">12. Sursa de alimentare cu ap\u0103 de care beneficia\u021bi <span class=\"wpforms-required-label\">*<\/span><\/label><ul id=\"wpforms-13555-field_40\" class=\"wpforms-field-required\"><li class=\"choice-1 depth-1\"><input type=\"checkbox\" id=\"wpforms-13555-field_40_1\" name=\"wpforms[fields][40][]\" value=\" Din re\u021beaua public\u0103\" required ><label class=\"wpforms-field-label-inline\" for=\"wpforms-13555-field_40_1\">Din re\u021beaua public\u0103<\/label><\/li><li class=\"choice-2 depth-1\"><input type=\"checkbox\" id=\"wpforms-13555-field_40_2\" name=\"wpforms[fields][40][]\" value=\" Din surse individuale\" required ><label class=\"wpforms-field-label-inline\" for=\"wpforms-13555-field_40_2\">Din surse individuale<\/label><\/li><\/ul><div class=\"wpforms-field-description\">Bifa\u021bi toate op\u021biunile care se aplic\u0103.<\/div><\/div><div id=\"wpforms-13555-field_41-container\" class=\"wpforms-field wpforms-field-textarea\" data-field-id=\"41\"><label class=\"wpforms-field-label\" for=\"wpforms-13555-field_41\">13. Descrie\u021bi sistemul de evacuare a apelor uzate menajere de care beneficia\u021bi. <span class=\"wpforms-required-label\">*<\/span><\/label><textarea id=\"wpforms-13555-field_41\" class=\"wpforms-field-large wpforms-field-required\" name=\"wpforms[fields][41]\" required><\/textarea><div class=\"wpforms-field-description\">V\u0103 rug\u0103m elabora\u021bi un r\u0103spuns detaliat.<\/div><\/div><div id=\"wpforms-13555-field_42-container\" class=\"wpforms-field wpforms-field-textarea\" data-field-id=\"42\"><label class=\"wpforms-field-label\" for=\"wpforms-13555-field_42\">14. Descrie\u021bi modul \u00een care se realizeaz\u0103 epurarea apelor uzate: <span class=\"wpforms-required-label\">*<\/span><\/label><textarea id=\"wpforms-13555-field_42\" class=\"wpforms-field-large wpforms-field-required\" name=\"wpforms[fields][42]\" required><\/textarea><div class=\"wpforms-field-description\">V\u0103 rug\u0103m elabora\u021bi un r\u0103spuns detaliat.<\/div><\/div><div id=\"wpforms-13555-field_43-container\" class=\"wpforms-field wpforms-field-textarea\" data-field-id=\"43\"><label class=\"wpforms-field-label\" for=\"wpforms-13555-field_43\">15. Descrie\u021bi modul \u00een care se monitoriza\u021bi desc\u0103rcarea apelor uzate. <span class=\"wpforms-required-label\">*<\/span><\/label><textarea id=\"wpforms-13555-field_43\" class=\"wpforms-field-large wpforms-field-required\" name=\"wpforms[fields][43]\" required><\/textarea><div class=\"wpforms-field-description\">V\u0103 rug\u0103m s\u0103 ne oferi\u021bi rezultatele ultimelor analize efectuate.<\/div><\/div><div id=\"wpforms-13555-field_44-container\" class=\"wpforms-field wpforms-field-text\" data-field-id=\"44\"><label class=\"wpforms-field-label\" for=\"wpforms-13555-field_44\">16. Num\u0103rul \u0219i Data Contractului \u00eencheiat cu Societatea de Vidanjare <span class=\"wpforms-required-label\">*<\/span><\/label><input type=\"text\" id=\"wpforms-13555-field_44\" class=\"wpforms-field-large wpforms-field-required\" name=\"wpforms[fields][44]\" required><div class=\"wpforms-field-description\">Contract nr&#8230;.. din data &#8230;&#8230;.<\/div><\/div><div id=\"wpforms-13555-field_45-container\" class=\"wpforms-field wpforms-field-checkbox\" data-field-id=\"45\"><label class=\"wpforms-field-label\">Prin participare accep\u021bi Termenii \u0219i condi\u021biile sale de utilizare <span class=\"wpforms-required-label\">*<\/span><\/label><ul id=\"wpforms-13555-field_45\" class=\"wpforms-field-required\"><li class=\"choice-1 depth-1\"><input type=\"checkbox\" id=\"wpforms-13555-field_45_1\" name=\"wpforms[fields][45][]\" value=\"Accept\" required ><label class=\"wpforms-field-label-inline\" for=\"wpforms-13555-field_45_1\">Accept<\/label><\/li><\/ul><div class=\"wpforms-field-description\">Prin completarea \u0219i transmiterea acestui formular sunte\u021bi de acord cu prelucrarea datelor cu caracter personal \u00een scopul \u00eenscrierii \u00een Registrul de Eviden\u021b\u0103 a Sistemelor Individuale Adecvate pentru Colectarea \u0219i Epurarea Apelor Uzate al Ora\u0219ului Jibou. Prelucrarea datelor cu caracter personal se va realiza cu respectarea prevederilor Regulamentului nr.679\/2016 adoptat de Parlamentul European \u0219i Consiliul Uniunii Europene pentru aprobarea normelor privind protec\u0163ia \u00een ceea ce prive\u015fte prelucrarea datelor cu caracter personal, precum \u015fi a normelor referitoare la libera circula\u0163ie a acestui tip de date cu caracter personal.<\/div><\/div><\/div><!-- .wpforms-field-container --><div class=\"wpforms-submit-container\" ><input type=\"hidden\" name=\"wpforms[id]\" value=\"13555\"><input type=\"hidden\" name=\"page_title\" value=\"\"><input type=\"hidden\" name=\"page_url\" value=\"https:\/\/primariajibou.ro\/site\/wp-json\/wp\/v2\/pages\/13557\"><input type=\"hidden\" name=\"url_referer\" value=\"\"><button type=\"submit\" name=\"wpforms[submit]\" id=\"wpforms-submit-13555\" class=\"wpforms-submit\" data-alt-text=\"Trimitere...\" data-submit-text=\"Trimite\" aria-live=\"assertive\" value=\"wpforms-submit\">Trimite<\/button><img decoding=\"async\" src=\"https:\/\/primariajibou.ro\/site\/wp-content\/plugins\/wpforms-lite\/assets\/images\/submit-spin.svg\" class=\"wpforms-submit-spinner\" style=\"display: none;\" width=\"26\" height=\"26\" alt=\"Loading\"><\/div><\/form><\/div>  <!-- .wpforms-container -->","protected":false},"excerpt":{"rendered":"<p>V\u0103 rug\u0103m \u00eenscrie\u021bi-v\u0103 \u00een Registru p\u00e2n\u0103 la data de&nbsp;30 octombrie 2022. Pentru orice \u00eentreb\u0103ri ne pute\u021bi scrie la\u00a0primaria_jibou@yahoo.com.<\/p>\n","protected":false},"author":1,"featured_media":0,"parent":0,"menu_order":0,"comment_status":"closed","ping_status":"closed","template":"","meta":{"footnotes":""},"class_list":["post-13557","page","type-page","status-publish","hentry"],"_links":{"self":[{"href":"https:\/\/primariajibou.ro\/site\/wp-json\/wp\/v2\/pages\/13557","targetHints":{"allow":["GET"]}}],"collection":[{"href":"https:\/\/primariajibou.ro\/site\/wp-json\/wp\/v2\/pages"}],"about":[{"href":"https:\/\/primariajibou.ro\/site\/wp-json\/wp\/v2\/types\/page"}],"author":[{"embeddable":true,"href":"https:\/\/primariajibou.ro\/site\/wp-json\/wp\/v2\/users\/1"}],"replies":[{"embeddable":true,"href":"https:\/\/primariajibou.ro\/site\/wp-json\/wp\/v2\/comments?post=13557"}],"version-history":[{"count":0,"href":"https:\/\/primariajibou.ro\/site\/wp-json\/wp\/v2\/pages\/13557\/revisions"}],"wp:attachment":[{"href":"https:\/\/primariajibou.ro\/site\/wp-json\/wp\/v2\/media?parent=13557"}],"curies":[{"name":"wp","href":"https:\/\/api.w.org\/{rel}","templated":true}]}}