{"id":11885,"date":"2021-08-16T10:37:09","date_gmt":"2021-08-16T08:37:09","guid":{"rendered":"https:\/\/primariajibou.ro\/site\/?page_id=11885"},"modified":"2021-08-16T10:37:09","modified_gmt":"2021-08-16T08:37:09","slug":"hotararea-nr-75-din-25-05-2021","status":"publish","type":"page","link":"https:\/\/primariajibou.ro\/site\/hotararea-nr-75-din-25-05-2021\/","title":{"rendered":"HOT\u0102R\u00c2REA nr. 75 Din 25.05.2021"},"content":{"rendered":"\n<p>ROM\u00c2NIA<\/p>\n\n\n\n<p>JUDE\u021aUL S\u0102LAJ<\/p>\n\n\n\n<p>ORA\u0218UL JIBOU<\/p>\n\n\n\n<p>CONSILIUL LOCAL<strong>&nbsp;&nbsp;&nbsp;&nbsp;&nbsp;&nbsp;&nbsp;&nbsp;&nbsp;&nbsp;&nbsp;&nbsp;&nbsp;<\/strong><\/p>\n\n\n\n<p><strong>HOT\u0102R\u00c2REA nr.75<\/strong><\/p>\n\n\n\n<p>Din 25.05.2021<\/p>\n\n\n\n<p>Privind aprobarea finan\u0163\u0103rii programelor sportive ale cluburilor sportive de drept privat \u00eenfiin\u021bate pe raza unit\u0103\u021bii administrativ teritoriale Jibou, constituite ca persoane juridice f\u0103r\u0103 scop patrimonial,&nbsp;de\u021bin\u0103toare ale certificatului de identitate sportiv\u0103<\/p>\n\n\n\n<p>&nbsp;&nbsp;&nbsp;&nbsp;&nbsp; &nbsp;&nbsp; Consiliul local al ora\u0219ului Jibou,<\/p>\n\n\n\n<p>&nbsp;&nbsp;&nbsp;&nbsp;&nbsp;&nbsp;&nbsp;&nbsp; Av\u00e2nd \u00een vedere:<\/p>\n\n\n\n<p>&nbsp;&nbsp;&nbsp;&nbsp;&nbsp;&nbsp;&nbsp;&nbsp; &#8211; raportul nr. 6920&nbsp; din&nbsp;&nbsp;&nbsp; 19.05.2021prin care se propune aprobarea finan\u0163\u0103rii programelor sportive ale cluburilor sportive de drept privat \u00eenfiin\u021bate pe raza unit\u0103\u021bii administrativ teritoriale Jibou, constituite ca persoane juridice f\u0103r\u0103 scop patrimonial,&nbsp;de\u021bin\u0103toare ale certificatului de identitate sportiv\u0103;<\/p>\n\n\n\n<p>-Procesul verbal al comisiei sociale prin &nbsp;care s-a validat dosarul depus de Asociatia Club Sportiv Rapid Jibou obtinand un punctaj de 78 de puncte din 100.<\/p>\n\n\n\n<p>&nbsp;&nbsp;&nbsp;&nbsp;&nbsp;&nbsp;&nbsp;&nbsp; &#8211; Referatul de aprobare a domnului primar nr.6919\/19.05.2021;&nbsp;&nbsp;&nbsp;<\/p>\n\n\n\n<p>&nbsp;&nbsp;&nbsp;&nbsp;&nbsp;&nbsp;&nbsp;&nbsp; &#8211; adresa cu nr.5949\/23.04.2021prin care UAT ora\u0219 Jibou a anun\u021bat posibilitatea de depunere a cererii de finan\u021bare a structurilor sportive de drept privat \u00eenfiin\u021bate pe raza unit\u0103\u021bii administrativ teritoriale Jibou, constituite ca persoane juridice f\u0103r\u0103 scop patrimonial,&nbsp;de\u021bin\u0103toare ale certificatului de identitate sportiv\u0103;<\/p>\n\n\n\n<p>&nbsp;&nbsp;&nbsp;&nbsp;&nbsp;&nbsp;&nbsp;&nbsp; &#8211; HCL nr. 150\/29.10.2019, a fost aprobat Regulament pentru finan\u0163area programelor sportive ale cluburilor sportive de drept privat \u00eenfiin\u0163ate pe raza unit\u0103\u0163ii administrativ-teritoriale, constituite ca persoane juridice f\u0103r\u0103 scop patrimonial, de\u0163in\u0103toare ale certificatului de identitate sportiv\u0103, modificat prin HCL nr. 58\/20.04.2021 ;<\/p>\n\n\n\n<p>&nbsp;&nbsp;&nbsp;&nbsp;&nbsp;&nbsp;&nbsp;&nbsp; &#8211; art. 2, 3, 18^1 alin.2 lit.b \u0219i art. 69 alin.1-3 din&nbsp;&nbsp;Legea educa\u021biei fizice \u0219i sportului nr. 69\/2000, cu modific\u0103rile \u0219i complet\u0103rile ulterioare, ale Ordinului Ministrului Tineretului \u0219i Sportului nr. 321\/2019 pentru modificarea \u0219i completarea Ordinului Ministrului Tineretului \u0219i Sportului nr. 664\/2018 privind finan\u021barea din fonduri publice a proiectelor \u0219i programelor sportive, cu modific\u0103rile \u0219i complet\u0103rile ulterioare, HG nr.1447\/2007 cu modificarile si completarile ulterioare;<\/p>\n\n\n\n<p>&nbsp;&nbsp;&nbsp;&nbsp;&nbsp;&nbsp;&nbsp;&nbsp; Avizul favorabil al comisiei de specialitate nr.1 a Consiliului local;<\/p>\n\n\n\n<p>&nbsp;&nbsp;&nbsp;&nbsp; \u00cen temeiul&nbsp; prevederillor art. 129 (2)lit, art. 139 (1,3) art. 196 (1)lit. a,&nbsp; din OUG nr. 57\/2019 privind Codul Administrativ ;<\/p>\n\n\n\n<p><strong>HOT\u0102R\u0102\u0218TE:<\/strong><\/p>\n\n\n\n<p>&nbsp;&nbsp;&nbsp;&nbsp;&nbsp;&nbsp;&nbsp;&nbsp; <strong>Art.1<\/strong> Se aprob\u0103&nbsp; alocarea sumei de 60 000 lei din bugetul local al ora\u0219ului Jibou pentru finan\u0163area Asocia\u021biei Club Sportiv Rapid Jibou in vederea participarii echipei de fotbal ACS Rapid Jibou&nbsp; la competitiile sportive&nbsp; desfasurate de catre AJF si&nbsp; FRF in perioada 01.04.2021-30.06.2021.<\/p>\n\n\n\n<p>&nbsp;&nbsp;&nbsp;&nbsp;&nbsp;&nbsp;&nbsp; <strong>Art.2<\/strong> Cu ducerea la \u00eendeplinire a prezentei se \u00eencredin\u021beaz\u0103 domnul primar \u0219i Compartimentul Contabilitate .<\/p>\n\n\n\n<p>&nbsp;&nbsp;&nbsp;&nbsp;&nbsp;&nbsp;&nbsp; <strong>Art.3<\/strong>&nbsp; Prezenta se comunic\u0103 cu:<\/p>\n\n\n\n<p>&nbsp;&nbsp;&nbsp; -Dl. Primar<\/p>\n\n\n\n<p>&nbsp;&nbsp;&nbsp; -Institu\u021bia Prefectului \u2013Jude\u021bul S\u0103laj<\/p>\n\n\n\n<p>&nbsp; &nbsp;&nbsp;&nbsp;&nbsp;&nbsp;&nbsp; -Compartimentul Contabilitate<\/p>\n\n\n\n<p>&nbsp;&nbsp;&nbsp;&nbsp;&nbsp; &nbsp;&nbsp; -Dosar de \u0219edin\u021b\u0103 \/dosar hot\u0103r\u00e2ri<\/p>\n\n\n\n<p>&nbsp;&nbsp;&nbsp; &nbsp;&nbsp;&nbsp;&nbsp; -Ceta\u021benii ora\u0219ului prin afisaj \u0219i publicare prin mijloace electronice&nbsp;&nbsp;<\/p>\n\n\n\n<p>&nbsp; <strong>PRE\u015eEDINTE DE \u015eEDIN\u021a\u0102&nbsp;&nbsp;&nbsp;&nbsp;&nbsp;&nbsp;&nbsp;&nbsp;&nbsp;&nbsp;&nbsp;&nbsp;&nbsp;&nbsp;&nbsp;&nbsp;&nbsp;&nbsp;&nbsp;&nbsp;&nbsp;&nbsp;&nbsp;&nbsp;&nbsp;&nbsp;&nbsp; CONTRASEMNEAZ\u0102:<\/strong><\/p>\n\n\n\n<p><strong>&nbsp; PA\u0218CAL\u0102U VLAD ANDREI&nbsp;&nbsp;&nbsp;&nbsp;&nbsp;&nbsp;&nbsp;&nbsp;&nbsp;&nbsp;&nbsp;&nbsp;&nbsp;&nbsp;&nbsp;&nbsp;&nbsp;&nbsp;&nbsp;&nbsp;&nbsp;&nbsp;&nbsp;&nbsp;&nbsp;&nbsp;&nbsp; SECRETAR GENERAL<\/strong><\/p>\n\n\n\n<p><strong>&nbsp;&nbsp;&nbsp;&nbsp;&nbsp;&nbsp;&nbsp;&nbsp;&nbsp;&nbsp;&nbsp;&nbsp;&nbsp;&nbsp;&nbsp;&nbsp;&nbsp;&nbsp;&nbsp;&nbsp;&nbsp;&nbsp;&nbsp;&nbsp;&nbsp;&nbsp;&nbsp;&nbsp;&nbsp;&nbsp;&nbsp;&nbsp;&nbsp;&nbsp;&nbsp;&nbsp;&nbsp;&nbsp;&nbsp;&nbsp;&nbsp;&nbsp;&nbsp;&nbsp;&nbsp;&nbsp;&nbsp;&nbsp;&nbsp;&nbsp;&nbsp;&nbsp;&nbsp;&nbsp;&nbsp;&nbsp;&nbsp;&nbsp;&nbsp;&nbsp;&nbsp;&nbsp;&nbsp;&nbsp;&nbsp;&nbsp;&nbsp;&nbsp;&nbsp;&nbsp;&nbsp;&nbsp;&nbsp;&nbsp;&nbsp;&nbsp;&nbsp;&nbsp;&nbsp;&nbsp;&nbsp;&nbsp;&nbsp;&nbsp;&nbsp;&nbsp; OPRI\u0218 MARIA<\/strong><\/p>\n","protected":false},"excerpt":{"rendered":"<p>ROM\u00c2NIA JUDE\u021aUL S\u0102LAJ ORA\u0218UL JIBOU CONSILIUL LOCAL&nbsp;&nbsp;&nbsp;&nbsp;&nbsp;&nbsp;&nbsp;&nbsp;&nbsp;&nbsp;&nbsp;&nbsp;&nbsp; HOT\u0102R\u00c2REA nr.75 Din 25.05.2021 Privind aprobarea finan\u0163\u0103rii programelor sportive ale cluburilor sportive de drept privat \u00eenfiin\u021bate pe raza&#8230;<\/p>\n","protected":false},"author":4,"featured_media":0,"parent":0,"menu_order":0,"comment_status":"closed","ping_status":"closed","template":"","meta":{"footnotes":""},"class_list":["post-11885","page","type-page","status-publish","hentry"],"_links":{"self":[{"href":"https:\/\/primariajibou.ro\/site\/wp-json\/wp\/v2\/pages\/11885","targetHints":{"allow":["GET"]}}],"collection":[{"href":"https:\/\/primariajibou.ro\/site\/wp-json\/wp\/v2\/pages"}],"about":[{"href":"https:\/\/primariajibou.ro\/site\/wp-json\/wp\/v2\/types\/page"}],"author":[{"embeddable":true,"href":"https:\/\/primariajibou.ro\/site\/wp-json\/wp\/v2\/users\/4"}],"replies":[{"embeddable":true,"href":"https:\/\/primariajibou.ro\/site\/wp-json\/wp\/v2\/comments?post=11885"}],"version-history":[{"count":0,"href":"https:\/\/primariajibou.ro\/site\/wp-json\/wp\/v2\/pages\/11885\/revisions"}],"wp:attachment":[{"href":"https:\/\/primariajibou.ro\/site\/wp-json\/wp\/v2\/media?parent=11885"}],"curies":[{"name":"wp","href":"https:\/\/api.w.org\/{rel}","templated":true}]}}